{"id":4944,"date":"2024-07-25T07:44:17","date_gmt":"2024-07-25T07:44:17","guid":{"rendered":"https:\/\/www.hyflexpack.com\/?post_type=product&#038;p=4944"},"modified":"2024-07-25T07:44:19","modified_gmt":"2024-07-25T07:44:19","slug":"custom-sachet-packaging-roll-film","status":"publish","type":"product","link":"https:\/\/www.hyflexpack.com\/de\/product\/custom-sachet-packaging-roll-film\/","title":{"rendered":"Matte benutzerdefinierte Sachet-Verpackung Rollfilm automatisch f\u00fcr Candy Wrapping"},"content":{"rendered":"<div class=\"wp-block-columns is-layout-flex wp-container-core-columns-is-layout-9d6595d7 wp-block-columns-is-layout-flex\">\n<div class=\"wp-block-column is-layout-flow wp-block-column-is-layout-flow\">\n<h3 class=\"wp-block-heading\">Merkmale der hochwertigen Sachet-Verpackungs-Rollfolie<\/h3>\n\n\n\n<ul class=\"wp-block-list\">\n<li>Matte Textur: Ein hochwertiges, mattes Oberfl\u00e4chendesign verst\u00e4rkt die Textur und den visuellen Reiz der Verpackung und unterstreicht die Einzigartigkeit und das Premiumgef\u00fchl der Marke.<\/li>\n<\/ul>\n\n\n\n<p><\/p>\n\n\n\n<ul class=\"wp-block-list\">\n<li>Automatisierte Verpackung: Geeignet f\u00fcr automatisierte Verpackungsanlagen zur Verbesserung der Produktionseffizienz, zur Senkung der Arbeitskosten und zur Gew\u00e4hrleistung der Konsistenz und Stabilit\u00e4t der Verpackung.<\/li>\n<\/ul>\n\n\n\n<p><\/p>\n\n\n\n<ul class=\"wp-block-list\">\n<li>Hochwertige Materialien: Die Beutelverpackung besteht aus hochwertigen Materialien, die einen hervorragenden Schutz vor Feuchtigkeit und Staub bieten und die Frische und den Geschmack der Bonbons erhalten.<\/li>\n<\/ul>\n\n\n\n<p><\/p>\n\n\n\n<ul class=\"wp-block-list\">\n<li>Vielseitigkeit: Geeignet f\u00fcr alle Arten von S\u00fc\u00dfwarenverpackungen und bietet flexible Verpackungsl\u00f6sungen, die den Anforderungen unterschiedlicher Produkte gerecht werden.<\/li>\n<\/ul>\n\n\n\n<p><\/p>\n\n\n\n<ul class=\"wp-block-list\">\n<li>Umweltfreundliche Optionen: Bieten Sie umweltfreundliche Materialoptionen an, z. B. recycelbare oder biologisch abbaubare Materialien, die den Standards f\u00fcr umweltfreundliche Verpackungen entsprechen und die Umweltbelastung verringern.<\/li>\n<\/ul>\n<\/div>\n\n\n\n<div class=\"wp-block-column is-layout-flow wp-block-column-is-layout-flow\">\n<figure class=\"wp-block-image size-full\"><img fetchpriority=\"high\" decoding=\"async\" width=\"750\" height=\"750\" src=\"https:\/\/www.hyflexpack.com\/wp-content\/uploads\/2024\/07\/Custom-Sachet-Packaging-7.webp\" alt=\"Kundenspezifische Sachet-Verpackungen\" class=\"wp-image-4951\" srcset=\"https:\/\/www.hyflexpack.com\/wp-content\/uploads\/2024\/07\/Custom-Sachet-Packaging-7.webp 750w, https:\/\/www.hyflexpack.com\/wp-content\/uploads\/2024\/07\/Custom-Sachet-Packaging-7-300x300.webp 300w, https:\/\/www.hyflexpack.com\/wp-content\/uploads\/2024\/07\/Custom-Sachet-Packaging-7-150x150.webp 150w, https:\/\/www.hyflexpack.com\/wp-content\/uploads\/2024\/07\/Custom-Sachet-Packaging-7-12x12.webp 12w, https:\/\/www.hyflexpack.com\/wp-content\/uploads\/2024\/07\/Custom-Sachet-Packaging-7-285x285.webp 285w, https:\/\/www.hyflexpack.com\/wp-content\/uploads\/2024\/07\/Custom-Sachet-Packaging-7-270x270.webp 270w, https:\/\/www.hyflexpack.com\/wp-content\/uploads\/2024\/07\/Custom-Sachet-Packaging-7-540x540.webp 540w, https:\/\/www.hyflexpack.com\/wp-content\/uploads\/2024\/07\/Custom-Sachet-Packaging-7-660x660.webp 660w\" sizes=\"(max-width: 750px) 100vw, 750px\" \/><\/figure>\n<\/div>\n<\/div>","protected":false},"excerpt":{"rendered":"<p>Entdecken Sie individuelle Beutelverpackungsfolien mit hochwertigen Materialien, die die Frische von S\u00fc\u00dfigkeiten gew\u00e4hrleisten. Kontaktieren Sie uns noch heute f\u00fcr weitere Produktinformationen sowie ein kostenloses Angebot und Muster!<\/p>\n<h3>Vorteile von Sachet Packaging Roll Film Supplier<\/h3>\n<ul>\n<li><strong>Kundenspezifisches Design<\/strong>: Wir bieten personalisierte Designl\u00f6sungen, unterst\u00fctzen OEM\/ODM und k\u00f6nnen verschiedene Spezifikationen, Gr\u00f6\u00dfen, Druckmuster usw. anpassen.<\/li>\n<li><strong>Qualit\u00e4tssicherung<\/strong>: Wir kontrollieren den Produktionsprozess und verf\u00fcgen \u00fcber hochwertige Materialien und fortschrittliche Ausr\u00fcstung, um die Produktqualit\u00e4t zu gew\u00e4hrleisten.<\/li>\n<li><strong>P\u00fcnktliche Lieferung<\/strong>: Optimierung des Produktionsprozesses und Verbesserung der Produktionseffizienz, um eine p\u00fcnktliche Lieferung zu gew\u00e4hrleisten und den dringenden Bedarf der Kunden zu decken.<\/li>\n<li><strong>Professionelle technische Unterst\u00fctzung<\/strong>: Das erfahrene technische Team bietet professionelle technische Unterst\u00fctzung und einen 24-Stunden-Kundendienst.<\/li>\n<li><strong>Kostenlose Probe<\/strong>: Wir bieten Ihnen einen kostenlosen Musterservice, damit Sie die Produkte bewerten k\u00f6nnen.<\/li>\n<\/ul>\n<p>Huiyang Packaging ist bestrebt, seinen Kunden qualitativ hochwertige und ma\u00dfgeschneiderte Beutelverpackungsfolien zu liefern, um ihnen zu helfen, ihr Produktimage zu verbessern und ihre Wettbewerbsf\u00e4higkeit zu steigern.<\/p>","protected":false},"featured_media":4945,"comment_status":"open","ping_status":"closed","template":"","meta":[],"product_brand":[],"product_cat":[53],"product_tag":[],"class_list":{"0":"post-4944","1":"product","2":"type-product","3":"status-publish","4":"has-post-thumbnail","6":"product_cat-packaging-film-supplier","8":"first","9":"instock","10":"shipping-taxable","11":"product-type-simple"},"_links":{"self":[{"href":"https:\/\/www.hyflexpack.com\/de\/wp-json\/wp\/v2\/product\/4944","targetHints":{"allow":["GET"]}}],"collection":[{"href":"https:\/\/www.hyflexpack.com\/de\/wp-json\/wp\/v2\/product"}],"about":[{"href":"https:\/\/www.hyflexpack.com\/de\/wp-json\/wp\/v2\/types\/product"}],"replies":[{"embeddable":true,"href":"https:\/\/www.hyflexpack.com\/de\/wp-json\/wp\/v2\/comments?post=4944"}],"wp:featuredmedia":[{"embeddable":true,"href":"https:\/\/www.hyflexpack.com\/de\/wp-json\/wp\/v2\/media\/4945"}],"wp:attachment":[{"href":"https:\/\/www.hyflexpack.com\/de\/wp-json\/wp\/v2\/media?parent=4944"}],"wp:term":[{"taxonomy":"product_brand","embeddable":true,"href":"https:\/\/www.hyflexpack.com\/de\/wp-json\/wp\/v2\/product_brand?post=4944"},{"taxonomy":"product_cat","embeddable":true,"href":"https:\/\/www.hyflexpack.com\/de\/wp-json\/wp\/v2\/product_cat?post=4944"},{"taxonomy":"product_tag","embeddable":true,"href":"https:\/\/www.hyflexpack.com\/de\/wp-json\/wp\/v2\/product_tag?post=4944"}],"curies":[{"name":"wp","href":"https:\/\/api.w.org\/{rel}","templated":true}]}}