{"id":4936,"date":"2024-07-25T06:32:13","date_gmt":"2024-07-25T06:32:13","guid":{"rendered":"https:\/\/www.hyflexpack.com\/?post_type=product&#038;p=4936"},"modified":"2024-07-25T06:32:15","modified_gmt":"2024-07-25T06:32:15","slug":"supply-automatic-packaging-film","status":"publish","type":"product","link":"https:\/\/www.hyflexpack.com\/de\/product\/supply-automatic-packaging-film\/","title":{"rendered":"Lieferung automatischer Verpackungsfolie Aluminiumfolie Barriere Lebensmittelqualit\u00e4t f\u00fcr S\u00fc\u00dfigkeiten Lebensmittelverpackung"},"content":{"rendered":"<div class=\"wp-block-columns is-layout-flex wp-container-core-columns-is-layout-9d6595d7 wp-block-columns-is-layout-flex\">\n<div class=\"wp-block-column is-layout-flow wp-block-column-is-layout-flow\">\n<h3 class=\"wp-block-heading\">Merkmale der hochwertigen automatischen Verpackungsfolie<\/h3>\n\n\n\n<ul class=\"wp-block-list\">\n<li>Automatische Verpackung: Diese Verpackung ist f\u00fcr automatische Verpackungsmaschinen geeignet, um die Effizienz zu verbessern und die Produktionsgeschwindigkeit zu erh\u00f6hen.<\/li>\n<\/ul>\n\n\n\n<p><\/p>\n\n\n\n<ul class=\"wp-block-list\">\n<li>Sperrschicht aus Aluminiumfolie: Eine hochwirksame Aluminiumfolienschicht sorgt f\u00fcr eine hervorragende Barriereleistung und verhindert effektiv, dass Feuchtigkeit, Sauerstoff und Licht auf die Bonbons einwirken, so dass sie frisch und lecker bleiben.<\/li>\n<\/ul>\n\n\n\n<p><\/p>\n\n\n\n<ul class=\"wp-block-list\">\n<li>Sicherheit in Lebensmittelqualit\u00e4t: Die automatische Verpackungsfolie wird aus lebensmittelechten Materialien hergestellt, um die Sicherheit der Verpackung und die Hygiene der Bonbons zu gew\u00e4hrleisten, was den internationalen Standards f\u00fcr Lebensmittelsicherheit entspricht und die Gesundheit der Verbraucher sch\u00fctzt.<\/li>\n<\/ul>\n\n\n\n<p><\/p>\n\n\n\n<ul class=\"wp-block-list\">\n<li>Langlebig: Die mehrschichtige Verbundstruktur bietet eine hervorragende Haltbarkeit und Rei\u00dffestigkeit und gew\u00e4hrleistet die Integrit\u00e4t der Verpackung w\u00e4hrend des Transports und der Lagerung.<\/li>\n<\/ul>\n\n\n\n<p><\/p>\n\n\n\n<ul class=\"wp-block-list\">\n<li>Umweltfreundliche Optionen: Bieten Sie wiederverwertbare und umweltfreundliche Materialien an, um die Standards f\u00fcr umweltfreundliche Verpackungen zu erf\u00fcllen, die Auswirkungen auf die Umwelt zu verringern und auf den Umwelttrend zu reagieren.<\/li>\n<\/ul>\n<\/div>\n\n\n\n<div class=\"wp-block-column is-layout-flow wp-block-column-is-layout-flow\">\n<figure class=\"wp-block-image size-full\"><img fetchpriority=\"high\" decoding=\"async\" width=\"750\" height=\"750\" src=\"https:\/\/www.hyflexpack.com\/wp-content\/uploads\/2024\/07\/Supply-Automatic-Packaging-Film-3.webp\" alt=\"Automatische Verpackungsfolie liefern\" class=\"wp-image-4939\" srcset=\"https:\/\/www.hyflexpack.com\/wp-content\/uploads\/2024\/07\/Supply-Automatic-Packaging-Film-3.webp 750w, https:\/\/www.hyflexpack.com\/wp-content\/uploads\/2024\/07\/Supply-Automatic-Packaging-Film-3-300x300.webp 300w, https:\/\/www.hyflexpack.com\/wp-content\/uploads\/2024\/07\/Supply-Automatic-Packaging-Film-3-150x150.webp 150w, https:\/\/www.hyflexpack.com\/wp-content\/uploads\/2024\/07\/Supply-Automatic-Packaging-Film-3-12x12.webp 12w, https:\/\/www.hyflexpack.com\/wp-content\/uploads\/2024\/07\/Supply-Automatic-Packaging-Film-3-285x285.webp 285w, https:\/\/www.hyflexpack.com\/wp-content\/uploads\/2024\/07\/Supply-Automatic-Packaging-Film-3-270x270.webp 270w, https:\/\/www.hyflexpack.com\/wp-content\/uploads\/2024\/07\/Supply-Automatic-Packaging-Film-3-540x540.webp 540w, https:\/\/www.hyflexpack.com\/wp-content\/uploads\/2024\/07\/Supply-Automatic-Packaging-Film-3-660x660.webp 660w\" sizes=\"(max-width: 750px) 100vw, 750px\" \/><\/figure>\n<\/div>\n<\/div>","protected":false},"excerpt":{"rendered":"<p>Entdecken Sie unsere automatischen Verpackungsfolien mit effizienten Barriereeigenschaften, die frische und sichere S\u00fc\u00dfigkeiten gew\u00e4hrleisten, sich f\u00fcr automatische Anlagen eignen und eine flexible Anpassung unterst\u00fctzen. Kontaktieren Sie uns f\u00fcr weitere Informationen \u00fcber Anpassung und Gro\u00dfhandel und erhalten Sie ein kostenloses Design!<\/p>\n<h3>Vorteile des automatischen Verpackungsfolienherstellers<\/h3>\n<ul>\n<li><strong>Kundenspezifisches Design<\/strong>: Wir bieten einen kundenspezifischen Design-Service f\u00fcr automatische Verpackungsfolien, einschlie\u00dflich der Anpassung von Material, Gr\u00f6\u00dfe und Druckmuster an die Bed\u00fcrfnisse der Kunden, und unterst\u00fctzen OEM und ODM.<\/li>\n<li><strong>Herstellung<\/strong>: Mit fortschrittlicher Ausr\u00fcstung und Technologie sind wir in der Lage, Auftr\u00e4ge mit hoher Effizienz und Qualit\u00e4t zu produzieren und p\u00fcnktlich zu liefern.<\/li>\n<li><strong>Qualit\u00e4tskontrolle<\/strong>: Wir halten uns streng an die Qualit\u00e4tsstandards und die Anforderungen an die Lebensmittelsicherheit, um sicherzustellen, dass unsere Produkte den Normen entsprechen.<\/li>\n<li><strong>Team Technische Unterst\u00fctzung<\/strong>: Unser Team verf\u00fcgt \u00fcber reiche Branchenerfahrung und Fachkenntnisse, um unseren Kunden technische Unterst\u00fctzung und 24-Stunden-Beratung zu bieten.<\/li>\n<li><strong>Kostenlose Proben<\/strong>: Wir stellen Ihnen kostenlose Muster zur Verf\u00fcgung, damit Sie unsere Produkte testen k\u00f6nnen.<\/li>\n<\/ul>\n<p>Huiyang Packaging hat es sich zur Aufgabe gemacht, seinen Kunden qualitativ hochwertige und ma\u00dfgeschneiderte automatische Verpackungsfolien zu liefern, um ihnen zu helfen, ihr Produktimage zu verbessern und ihre Wettbewerbsf\u00e4higkeit auf dem Markt zu steigern.<\/p>","protected":false},"featured_media":4940,"comment_status":"open","ping_status":"closed","template":"","meta":[],"product_brand":[],"product_cat":[53],"product_tag":[],"class_list":{"0":"post-4936","1":"product","2":"type-product","3":"status-publish","4":"has-post-thumbnail","6":"product_cat-packaging-film-supplier","8":"first","9":"instock","10":"shipping-taxable","11":"product-type-simple"},"_links":{"self":[{"href":"https:\/\/www.hyflexpack.com\/de\/wp-json\/wp\/v2\/product\/4936","targetHints":{"allow":["GET"]}}],"collection":[{"href":"https:\/\/www.hyflexpack.com\/de\/wp-json\/wp\/v2\/product"}],"about":[{"href":"https:\/\/www.hyflexpack.com\/de\/wp-json\/wp\/v2\/types\/product"}],"replies":[{"embeddable":true,"href":"https:\/\/www.hyflexpack.com\/de\/wp-json\/wp\/v2\/comments?post=4936"}],"wp:featuredmedia":[{"embeddable":true,"href":"https:\/\/www.hyflexpack.com\/de\/wp-json\/wp\/v2\/media\/4940"}],"wp:attachment":[{"href":"https:\/\/www.hyflexpack.com\/de\/wp-json\/wp\/v2\/media?parent=4936"}],"wp:term":[{"taxonomy":"product_brand","embeddable":true,"href":"https:\/\/www.hyflexpack.com\/de\/wp-json\/wp\/v2\/product_brand?post=4936"},{"taxonomy":"product_cat","embeddable":true,"href":"https:\/\/www.hyflexpack.com\/de\/wp-json\/wp\/v2\/product_cat?post=4936"},{"taxonomy":"product_tag","embeddable":true,"href":"https:\/\/www.hyflexpack.com\/de\/wp-json\/wp\/v2\/product_tag?post=4936"}],"curies":[{"name":"wp","href":"https:\/\/api.w.org\/{rel}","templated":true}]}}