{"id":4919,"date":"2024-07-25T03:43:11","date_gmt":"2024-07-25T03:43:11","guid":{"rendered":"https:\/\/www.hyflexpack.com\/?post_type=product&#038;p=4919"},"modified":"2024-07-25T03:43:12","modified_gmt":"2024-07-25T03:43:12","slug":"laminating-roll-film-custom","status":"publish","type":"product","link":"https:\/\/www.hyflexpack.com\/de\/product\/laminating-roll-film-custom\/","title":{"rendered":"PET\/AL\/PE-Laminierrollenfolie f\u00fcr Lebensmittelverpackungen f\u00fcr S\u00fc\u00dfigkeiten"},"content":{"rendered":"<div class=\"wp-block-columns is-layout-flex wp-container-core-columns-is-layout-9d6595d7 wp-block-columns-is-layout-flex\">\n<div class=\"wp-block-column is-layout-flow wp-block-column-is-layout-flow\">\n<h3 class=\"wp-block-heading\">Merkmale der hochwertigen Laminierfolie<\/h3>\n\n\n\n<ul class=\"wp-block-list\">\n<li>Dreischichtige Verbundstruktur: Das dreischichtige Verbundmaterial aus PET, Aluminiumfolie und PE bietet hervorragende Barriereeigenschaften und sch\u00fctzt die S\u00fc\u00dfigkeiten vor Feuchtigkeit, Sauerstoff und Licht.<\/li>\n<\/ul>\n\n\n\n<p><\/p>\n\n\n\n<ul class=\"wp-block-list\">\n<li>Hervorragende Frische: Die Alufolienschicht dichtet Luft und Feuchtigkeit effektiv ab, wodurch die S\u00fc\u00dfigkeiten frisch und lecker bleiben und die Haltbarkeit verl\u00e4ngert wird.<\/li>\n<\/ul>\n\n\n\n<p><\/p>\n\n\n\n<ul class=\"wp-block-list\">\n<li>Lebensmitteltaugliche Sicherheit: Die laminierte Rollenfolie entspricht den Normen f\u00fcr Lebensmittelqualit\u00e4t, was die Sicherheit und Hygiene des Verpackungsmaterials f\u00fcr S\u00fc\u00dfigkeiten gew\u00e4hrleistet und die Gesundheit der Verbraucher sch\u00fctzt.<\/li>\n<\/ul>\n\n\n\n<p><\/p>\n\n\n\n<ul class=\"wp-block-list\">\n<li>Starke Haltbarkeit: PET- und PE-Schichten sorgen f\u00fcr zus\u00e4tzliche Haltbarkeit und verhindern, dass die Verpackung w\u00e4hrend des Transports und der Lagerung bricht.<\/li>\n<\/ul>\n\n\n\n<p><\/p>\n\n\n\n<ul class=\"wp-block-list\">\n<li>Umweltfreundliche Optionen: Bieten Sie recycelbare Materialien an, um die Standards f\u00fcr umweltfreundliche Verpackungen zu erf\u00fcllen und die Auswirkungen auf die Umwelt zu reduzieren.<\/li>\n<\/ul>\n<\/div>\n\n\n\n<div class=\"wp-block-column is-layout-flow wp-block-column-is-layout-flow\">\n<figure class=\"wp-block-image size-full\"><img fetchpriority=\"high\" decoding=\"async\" width=\"750\" height=\"750\" src=\"https:\/\/www.hyflexpack.com\/wp-content\/uploads\/2024\/07\/Roll-Film-Custom-5.webp\" alt=\"Rollfilm Benutzerdefiniert\" class=\"wp-image-4924\" srcset=\"https:\/\/www.hyflexpack.com\/wp-content\/uploads\/2024\/07\/Roll-Film-Custom-5.webp 750w, https:\/\/www.hyflexpack.com\/wp-content\/uploads\/2024\/07\/Roll-Film-Custom-5-300x300.webp 300w, https:\/\/www.hyflexpack.com\/wp-content\/uploads\/2024\/07\/Roll-Film-Custom-5-150x150.webp 150w, https:\/\/www.hyflexpack.com\/wp-content\/uploads\/2024\/07\/Roll-Film-Custom-5-12x12.webp 12w, https:\/\/www.hyflexpack.com\/wp-content\/uploads\/2024\/07\/Roll-Film-Custom-5-285x285.webp 285w, https:\/\/www.hyflexpack.com\/wp-content\/uploads\/2024\/07\/Roll-Film-Custom-5-270x270.webp 270w, https:\/\/www.hyflexpack.com\/wp-content\/uploads\/2024\/07\/Roll-Film-Custom-5-540x540.webp 540w, https:\/\/www.hyflexpack.com\/wp-content\/uploads\/2024\/07\/Roll-Film-Custom-5-660x660.webp 660w\" sizes=\"(max-width: 750px) 100vw, 750px\" \/><\/figure>\n<\/div>\n<\/div>","protected":false},"excerpt":{"rendered":"<p>Die kaschierte Rollenfolie mit drei Verbundschichten gew\u00e4hrleistet hervorragende Frische und Lebensmittelsicherheit und unterst\u00fctzt gleichzeitig die Personalisierung, um die Anforderungen Ihrer Marke zu erf\u00fcllen. Wenden Sie sich noch heute an uns, um weitere Informationen zur Personalisierung und zum Gro\u00dfhandel zu erhalten, damit sich Ihre S\u00fc\u00dfigkeiten auf dem Markt abheben!<\/p>\n<h3>Vorteile von Rollfilm-Lieferanten<\/h3>\n<ul>\n<li><strong>Kundenspezifisches Design<\/strong>: Wir bieten personalisierte Designl\u00f6sungen, unterst\u00fctzen OEM\/ODM und k\u00f6nnen verschiedene Spezifikationen, Gr\u00f6\u00dfen, Druckmuster usw. anpassen.<\/li>\n<li><strong>Qualit\u00e4tssicherung<\/strong>: Wir kontrollieren den Produktionsprozess und verf\u00fcgen \u00fcber hochwertige Materialien und fortschrittliche Ausr\u00fcstung, um die Produktqualit\u00e4t zu gew\u00e4hrleisten.<\/li>\n<li><strong>P\u00fcnktliche Lieferung<\/strong>: Optimierung des Produktionsprozesses und Verbesserung der Produktionseffizienz, um eine p\u00fcnktliche Lieferung zu gew\u00e4hrleisten und den dringenden Bedarf der Kunden zu decken.<\/li>\n<li><strong>Professionelle technische Unterst\u00fctzung<\/strong>: Das erfahrene technische Team bietet professionelle technische Unterst\u00fctzung und einen 24-Stunden-Kundendienst.<\/li>\n<li><strong>Kostenlose Probe<\/strong>: Wir bieten Ihnen einen kostenlosen Musterservice, damit Sie die Produkte bewerten k\u00f6nnen.<\/li>\n<\/ul>\n<p>Huiyang Packaging ist bestrebt, seinen Kunden qualitativ hochwertige und ma\u00dfgeschneiderte Rollenfolien zu liefern, um ihnen zu helfen, ihr Produktimage zu verbessern und ihre Wettbewerbsf\u00e4higkeit auf dem Markt zu steigern.<\/p>\n<p>&nbsp;<\/p>","protected":false},"featured_media":4924,"comment_status":"open","ping_status":"closed","template":"","meta":[],"product_brand":[],"product_cat":[53],"product_tag":[],"class_list":{"0":"post-4919","1":"product","2":"type-product","3":"status-publish","4":"has-post-thumbnail","6":"product_cat-packaging-film-supplier","8":"first","9":"instock","10":"shipping-taxable","11":"product-type-simple"},"_links":{"self":[{"href":"https:\/\/www.hyflexpack.com\/de\/wp-json\/wp\/v2\/product\/4919","targetHints":{"allow":["GET"]}}],"collection":[{"href":"https:\/\/www.hyflexpack.com\/de\/wp-json\/wp\/v2\/product"}],"about":[{"href":"https:\/\/www.hyflexpack.com\/de\/wp-json\/wp\/v2\/types\/product"}],"replies":[{"embeddable":true,"href":"https:\/\/www.hyflexpack.com\/de\/wp-json\/wp\/v2\/comments?post=4919"}],"wp:featuredmedia":[{"embeddable":true,"href":"https:\/\/www.hyflexpack.com\/de\/wp-json\/wp\/v2\/media\/4924"}],"wp:attachment":[{"href":"https:\/\/www.hyflexpack.com\/de\/wp-json\/wp\/v2\/media?parent=4919"}],"wp:term":[{"taxonomy":"product_brand","embeddable":true,"href":"https:\/\/www.hyflexpack.com\/de\/wp-json\/wp\/v2\/product_brand?post=4919"},{"taxonomy":"product_cat","embeddable":true,"href":"https:\/\/www.hyflexpack.com\/de\/wp-json\/wp\/v2\/product_cat?post=4919"},{"taxonomy":"product_tag","embeddable":true,"href":"https:\/\/www.hyflexpack.com\/de\/wp-json\/wp\/v2\/product_tag?post=4919"}],"curies":[{"name":"wp","href":"https:\/\/api.w.org\/{rel}","templated":true}]}}