{"id":4905,"date":"2024-07-25T02:36:50","date_gmt":"2024-07-25T02:36:50","guid":{"rendered":"https:\/\/www.hyflexpack.com\/?post_type=product&#038;p=4905"},"modified":"2024-07-25T02:36:52","modified_gmt":"2024-07-25T02:36:52","slug":"custom-candy-wrapping-film-roll","status":"publish","type":"product","link":"https:\/\/www.hyflexpack.com\/de\/product\/custom-candy-wrapping-film-roll\/","title":{"rendered":"Verspielte benutzerdefinierte S\u00fc\u00dfigkeitenverpackungsfolienrollen Laminieren hei\u00dfsiegelf\u00e4hige Kunststofffolie"},"content":{"rendered":"<div class=\"wp-block-columns is-layout-flex wp-container-core-columns-is-layout-9d6595d7 wp-block-columns-is-layout-flex\">\n<div class=\"wp-block-column is-layout-flow wp-block-column-is-layout-flow\">\n<h3 class=\"wp-block-heading\">Eigenschaften von hochwertigen Bonbonverpackungsfolienrollen<\/h3>\n\n\n\n<ul class=\"wp-block-list\">\n<li>Verspieltes Design: Individuell anpassbare, verspielte Muster und Farben machen die S\u00fc\u00dfwarenverpackung attraktiver und verbessern das Markenimage.<\/li>\n<\/ul>\n\n\n\n<p><\/p>\n\n\n\n<ul class=\"wp-block-list\">\n<li>Hochwertiges laminiertes Material: Die Bonbonverpackung besteht aus hochwertigem laminiertem Material, das die Haltbarkeit und Schutzleistung der Verpackung erh\u00f6ht und die Frische der Bonbons verl\u00e4ngert.<\/li>\n<\/ul>\n\n\n\n<p><\/p>\n\n\n\n<ul class=\"wp-block-list\">\n<li>Hei\u00dfsiegelfunktion: Durch die Hei\u00dfsiegelfunktion wird sichergestellt, dass die Verpackung fest verschlossen ist, Feuchtigkeit und Staub wirksam verhindert werden und die Qualit\u00e4t und der Geschmack der S\u00fc\u00dfigkeiten erhalten bleiben.<\/li>\n<\/ul>\n\n\n\n<p><\/p>\n\n\n\n<ul class=\"wp-block-list\">\n<li>Flexibel: Geeignet f\u00fcr eine Vielzahl von Bonbonformen und -gr\u00f6\u00dfen, um unterschiedliche Verpackungsanforderungen zu erf\u00fcllen und die Verpackungseffizienz zu verbessern.<\/li>\n<\/ul>\n\n\n\n<p><\/p>\n\n\n\n<ul class=\"wp-block-list\">\n<li>Umweltfreundliche Optionen: Biologisch abbaubare oder recycelbare Materialien sind verf\u00fcgbar, um Umweltstandards zu erf\u00fcllen und die Umweltbelastung zu reduzieren.<\/li>\n<\/ul>\n<\/div>\n\n\n\n<div class=\"wp-block-column is-layout-flow wp-block-column-is-layout-flow\">\n<figure class=\"wp-block-image size-full\"><img fetchpriority=\"high\" decoding=\"async\" width=\"750\" height=\"750\" src=\"https:\/\/www.hyflexpack.com\/wp-content\/uploads\/2024\/07\/Custom-Candy-Wrapping-Film-Rolls-17.webp\" alt=\"Kundenspezifische Bonbonverpackungsfolienrollen\" class=\"wp-image-4918\" srcset=\"https:\/\/www.hyflexpack.com\/wp-content\/uploads\/2024\/07\/Custom-Candy-Wrapping-Film-Rolls-17.webp 750w, https:\/\/www.hyflexpack.com\/wp-content\/uploads\/2024\/07\/Custom-Candy-Wrapping-Film-Rolls-17-300x300.webp 300w, https:\/\/www.hyflexpack.com\/wp-content\/uploads\/2024\/07\/Custom-Candy-Wrapping-Film-Rolls-17-150x150.webp 150w, https:\/\/www.hyflexpack.com\/wp-content\/uploads\/2024\/07\/Custom-Candy-Wrapping-Film-Rolls-17-12x12.webp 12w, https:\/\/www.hyflexpack.com\/wp-content\/uploads\/2024\/07\/Custom-Candy-Wrapping-Film-Rolls-17-285x285.webp 285w, https:\/\/www.hyflexpack.com\/wp-content\/uploads\/2024\/07\/Custom-Candy-Wrapping-Film-Rolls-17-270x270.webp 270w, https:\/\/www.hyflexpack.com\/wp-content\/uploads\/2024\/07\/Custom-Candy-Wrapping-Film-Rolls-17-540x540.webp 540w, https:\/\/www.hyflexpack.com\/wp-content\/uploads\/2024\/07\/Custom-Candy-Wrapping-Film-Rolls-17-660x660.webp 660w\" sizes=\"(max-width: 750px) 100vw, 750px\" \/><\/figure>\n<\/div>\n<\/div>","protected":false},"excerpt":{"rendered":"<p>Bringen Sie Spa\u00df und Pers\u00f6nlichkeit in Ihre Bonbonverpackungen - w\u00e4hlen Sie unsere individuelle, verspielte Bonbonverpackungsfolie! Die flexiblen Verpackungsoptionen eignen sich f\u00fcr eine Vielzahl von S\u00fc\u00dfigkeitenformen, und die umweltfreundlichen Materialoptionen erf\u00fcllen gr\u00fcne Standards. Kontaktieren Sie uns noch heute f\u00fcr einen kostenlosen Entwurf und ein Angebot!<\/p>\n<h3>Vorteile des Anbieters von Bonbonverpackungen<\/h3>\n<ul>\n<li><strong>Kundenspezifisches Design<\/strong>: Wir bieten einen kundenspezifischen Design-S\u00fc\u00dfigkeiten-Verpackungsservice, einschlie\u00dflich Material, Gr\u00f6\u00dfe und Druckmuster, um die Bed\u00fcrfnisse der Kunden zu erf\u00fcllen, und unterst\u00fctzen OEM und ODM.<\/li>\n<li><strong>Herstellung<\/strong>: Dank fortschrittlicher Ausr\u00fcstung und Technologie k\u00f6nnen wir Auftr\u00e4ge mit hoher Effizienz und hoher Qualit\u00e4t ausf\u00fchren und p\u00fcnktlich liefern.<\/li>\n<li><strong>Qualit\u00e4tskontrolle<\/strong>: Strenge Einhaltung der Qualit\u00e4tsstandards und der Anforderungen an die Lebensmittelsicherheit, um sicherzustellen, dass die Produkte den Standards entsprechen.<\/li>\n<li><strong>Team Technische Unterst\u00fctzung<\/strong>: Unser Team verf\u00fcgt \u00fcber reiche Branchenerfahrung und Fachkenntnisse und kann unseren Kunden technische Unterst\u00fctzung und einen 24-Stunden-Beratungsservice bieten.<\/li>\n<li><strong>Kostenlose Probe<\/strong>: Wir bieten Ihnen einen kostenlosen Musterservice, damit Sie die Produkte bewerten k\u00f6nnen.<\/li>\n<\/ul>\n<p>Huiyang Packaging ist bestrebt, seinen Kunden qualitativ hochwertige und ma\u00dfgeschneiderte S\u00fc\u00dfwarenverpackungen zu liefern, um ihnen zu helfen, ihr Produktimage zu verbessern und ihre Wettbewerbsf\u00e4higkeit auf dem Markt zu steigern.<\/p>","protected":false},"featured_media":4918,"comment_status":"open","ping_status":"closed","template":"","meta":[],"product_brand":[],"product_cat":[53],"product_tag":[],"class_list":{"0":"post-4905","1":"product","2":"type-product","3":"status-publish","4":"has-post-thumbnail","6":"product_cat-packaging-film-supplier","8":"first","9":"instock","10":"shipping-taxable","11":"product-type-simple"},"_links":{"self":[{"href":"https:\/\/www.hyflexpack.com\/de\/wp-json\/wp\/v2\/product\/4905","targetHints":{"allow":["GET"]}}],"collection":[{"href":"https:\/\/www.hyflexpack.com\/de\/wp-json\/wp\/v2\/product"}],"about":[{"href":"https:\/\/www.hyflexpack.com\/de\/wp-json\/wp\/v2\/types\/product"}],"replies":[{"embeddable":true,"href":"https:\/\/www.hyflexpack.com\/de\/wp-json\/wp\/v2\/comments?post=4905"}],"wp:featuredmedia":[{"embeddable":true,"href":"https:\/\/www.hyflexpack.com\/de\/wp-json\/wp\/v2\/media\/4918"}],"wp:attachment":[{"href":"https:\/\/www.hyflexpack.com\/de\/wp-json\/wp\/v2\/media?parent=4905"}],"wp:term":[{"taxonomy":"product_brand","embeddable":true,"href":"https:\/\/www.hyflexpack.com\/de\/wp-json\/wp\/v2\/product_brand?post=4905"},{"taxonomy":"product_cat","embeddable":true,"href":"https:\/\/www.hyflexpack.com\/de\/wp-json\/wp\/v2\/product_cat?post=4905"},{"taxonomy":"product_tag","embeddable":true,"href":"https:\/\/www.hyflexpack.com\/de\/wp-json\/wp\/v2\/product_tag?post=4905"}],"curies":[{"name":"wp","href":"https:\/\/api.w.org\/{rel}","templated":true}]}}