{"id":4899,"date":"2024-07-24T16:12:53","date_gmt":"2024-07-24T16:12:53","guid":{"rendered":"https:\/\/www.hyflexpack.com\/?post_type=product&#038;p=4899"},"modified":"2025-10-23T08:53:47","modified_gmt":"2025-10-23T08:53:47","slug":"factory-custom-cookie-bag","status":"publish","type":"product","link":"https:\/\/www.hyflexpack.com\/de\/product\/factory-custom-cookie-bag\/","title":{"rendered":"Fabrik benutzerdefinierte Kekst\u00fcten Verpackung brauner Zucker Milch Schokolade Keks Beutel"},"content":{"rendered":"<div class=\"wp-block-columns is-layout-flex wp-container-core-columns-is-layout-9d6595d7 wp-block-columns-is-layout-flex\">\n<div class=\"wp-block-column is-layout-flow wp-block-column-is-layout-flow\">\n<h3 class=\"wp-block-heading\">Merkmale und Vorteile von geformten Keksbeuteln als Verpackung<\/h3>\n\n\n\n<ul class=\"wp-block-list\">\n<li><strong>Sichere Materialien in Lebensmittelqualit\u00e4t<\/strong>: F\u00fcr die Herstellung der Kekst\u00fcten wird lebensmittelechtes Material von h\u00f6chster Qualit\u00e4t verwendet, um die Sicherheit und Qualit\u00e4t der braunen Zucker-Milchschokoladen-Kekse zu gew\u00e4hrleisten.<\/li>\n\n\n\n<li><strong>Hochwertiger Druck<\/strong>: Qualitativ hochwertiger Druck mit hoher Aufl\u00f6sung, naturgetreuen Farben und auff\u00e4lligem Design sorgt f\u00fcr eine hohe Attraktivit\u00e4t der Marke im Gesch\u00e4ft.<\/li>\n\n\n\n<li><strong>Vollst\u00e4ndiges Design Individuelle Optionen<\/strong> - Logoplatzierung, Farbe und Design - sind genau auf Ihr Branding abgestimmt.<\/li>\n\n\n\n<li><strong>\u00dcberlegener Frische-Schutz<\/strong>: Die mehrschichtige Verbundkonstruktion bietet eine hervorragende Feuchtigkeits- und Windbest\u00e4ndigkeit, so dass die Kekse l\u00e4nger frisch und schmackhaft bleiben.<\/li>\n\n\n\n<li><strong>Umweltfreundliche Optionen<\/strong>: Biologisch abbaubare oder wiederverwertbare Materialien stehen zur Verf\u00fcgung, um die Abfallmenge zu minimieren und die \u00f6kologische Nachhaltigkeit zu gew\u00e4hrleisten.<\/li>\n\n\n\n<li><strong>Easy Open Funktion<\/strong>: Die Verpackung der Milchschokoladenkekse ist mit einer eingebauten, leicht zu \u00f6ffnenden \u00d6ffnung versehen, um den Verbrauchern den Zugang zu erleichtern und ihnen ein zus\u00e4tzliches Erlebnis zu bieten.<\/li>\n\n\n\n<li><strong>Einzigartig geformter Beutel<\/strong>: Mit einer seltenen Form entworfen, um die Aufmerksamkeit der Verbraucher zu erregen, passend f\u00fcr besondere Geschmackskekse wie brauner Zucker Milchschokolade.<\/li>\n\n\n\n<li><strong>Langlebig, wiederverschlie\u00dfbar<\/strong>: Aus strapazierf\u00e4higem Material gefertigt und mit einem optionalen wiederverschlie\u00dfbaren Rei\u00dfverschluss versehen, bleibt sie nach dem \u00d6ffnen frisch und ist sofort einsatzbereit.<\/li>\n<\/ul>\n<\/div>\n\n\n\n<div class=\"wp-block-column is-layout-flow wp-block-column-is-layout-flow\">\n<figure class=\"wp-block-image size-full\"><img fetchpriority=\"high\" decoding=\"async\" width=\"750\" height=\"750\" src=\"https:\/\/www.hyflexpack.com\/wp-content\/uploads\/2024\/07\/Factory-Custom-Cookie-Bag-1.webp\" alt=\"Fabrik benutzerdefinierte Cookie Tasche\" class=\"wp-image-4900\" srcset=\"https:\/\/www.hyflexpack.com\/wp-content\/uploads\/2024\/07\/Factory-Custom-Cookie-Bag-1.webp 750w, https:\/\/www.hyflexpack.com\/wp-content\/uploads\/2024\/07\/Factory-Custom-Cookie-Bag-1-300x300.webp 300w, https:\/\/www.hyflexpack.com\/wp-content\/uploads\/2024\/07\/Factory-Custom-Cookie-Bag-1-150x150.webp 150w, https:\/\/www.hyflexpack.com\/wp-content\/uploads\/2024\/07\/Factory-Custom-Cookie-Bag-1-12x12.webp 12w, https:\/\/www.hyflexpack.com\/wp-content\/uploads\/2024\/07\/Factory-Custom-Cookie-Bag-1-285x285.webp 285w, https:\/\/www.hyflexpack.com\/wp-content\/uploads\/2024\/07\/Factory-Custom-Cookie-Bag-1-270x270.webp 270w, https:\/\/www.hyflexpack.com\/wp-content\/uploads\/2024\/07\/Factory-Custom-Cookie-Bag-1-540x540.webp 540w, https:\/\/www.hyflexpack.com\/wp-content\/uploads\/2024\/07\/Factory-Custom-Cookie-Bag-1-660x660.webp 660w\" sizes=\"(max-width: 750px) 100vw, 750px\" \/><\/figure>\n<\/div>\n<\/div>","protected":false},"excerpt":{"rendered":"<p>Verbessern Sie die Qualit\u00e4t Ihrer Snack-Verpackungen, w\u00e4hlen Sie unsere cremigen Keksverpackungen! Kontaktieren Sie uns noch heute f\u00fcr ein kostenloses Design und kostenlose Muster!<\/p>\n<h3>Vorteile von Cookie Bag Supplier<\/h3>\n<ul>\n<li><strong>Kundenspezifisches Design<\/strong>: Wir bieten kundenspezifische Cartoon-Cookie-Bag-Service, einschlie\u00dflich Material, Gr\u00f6\u00dfe und Druckmuster Anpassung an die Bed\u00fcrfnisse der Kunden zu erf\u00fcllen, und unterst\u00fctzen OEM und ODM.<\/li>\n<li><strong>Herstellung<\/strong>: Dank fortschrittlicher Ausr\u00fcstung und Technologie k\u00f6nnen wir Auftr\u00e4ge mit hoher Effizienz und hoher Qualit\u00e4t ausf\u00fchren und p\u00fcnktlich liefern.<\/li>\n<li><strong>Qualit\u00e4tskontrolle<\/strong>: Strenge Einhaltung der Qualit\u00e4tsstandards und der Anforderungen an die Lebensmittelsicherheit, um sicherzustellen, dass die Produkte den Standards entsprechen.<\/li>\n<li><strong>Team Technische Unterst\u00fctzung<\/strong>: Unser Team verf\u00fcgt \u00fcber reiche Branchenerfahrung und Fachkenntnisse und kann unseren Kunden technische Unterst\u00fctzung und einen 24-Stunden-Beratungsservice bieten.<\/li>\n<li><strong>Kostenlose Probe<\/strong>: Wir bieten Ihnen einen kostenlosen Musterservice, damit Sie die Produkte bewerten k\u00f6nnen.<\/li>\n<\/ul>\n<p>Huiyang Packaging hat es sich zur Aufgabe gemacht, seinen Kunden qualitativ hochwertige und ma\u00dfgeschneiderte Verpackungen f\u00fcr Kekst\u00fcten zu liefern, um ihnen zu helfen, ihr Produktimage zu verbessern und ihre Wettbewerbsf\u00e4higkeit auf dem Markt zu steigern.<\/p>","protected":false},"featured_media":4901,"comment_status":"open","ping_status":"closed","template":"","meta":[],"product_brand":[],"product_cat":[57],"product_tag":[],"class_list":{"0":"post-4899","1":"product","2":"type-product","3":"status-publish","4":"has-post-thumbnail","6":"product_cat-snack-packaging-bags-wholesale","8":"first","9":"instock","10":"shipping-taxable","11":"product-type-simple"},"_links":{"self":[{"href":"https:\/\/www.hyflexpack.com\/de\/wp-json\/wp\/v2\/product\/4899","targetHints":{"allow":["GET"]}}],"collection":[{"href":"https:\/\/www.hyflexpack.com\/de\/wp-json\/wp\/v2\/product"}],"about":[{"href":"https:\/\/www.hyflexpack.com\/de\/wp-json\/wp\/v2\/types\/product"}],"replies":[{"embeddable":true,"href":"https:\/\/www.hyflexpack.com\/de\/wp-json\/wp\/v2\/comments?post=4899"}],"wp:featuredmedia":[{"embeddable":true,"href":"https:\/\/www.hyflexpack.com\/de\/wp-json\/wp\/v2\/media\/4901"}],"wp:attachment":[{"href":"https:\/\/www.hyflexpack.com\/de\/wp-json\/wp\/v2\/media?parent=4899"}],"wp:term":[{"taxonomy":"product_brand","embeddable":true,"href":"https:\/\/www.hyflexpack.com\/de\/wp-json\/wp\/v2\/product_brand?post=4899"},{"taxonomy":"product_cat","embeddable":true,"href":"https:\/\/www.hyflexpack.com\/de\/wp-json\/wp\/v2\/product_cat?post=4899"},{"taxonomy":"product_tag","embeddable":true,"href":"https:\/\/www.hyflexpack.com\/de\/wp-json\/wp\/v2\/product_tag?post=4899"}],"curies":[{"name":"wp","href":"https:\/\/api.w.org\/{rel}","templated":true}]}}