{"id":4881,"date":"2024-07-24T15:32:39","date_gmt":"2024-07-24T15:32:39","guid":{"rendered":"https:\/\/www.hyflexpack.com\/?post_type=product&#038;p=4881"},"modified":"2024-07-24T15:32:40","modified_gmt":"2024-07-24T15:32:40","slug":"cartoon-cookies-bag-wholesale","status":"publish","type":"product","link":"https:\/\/www.hyflexpack.com\/de\/product\/cartoon-cookies-bag-wholesale\/","title":{"rendered":"Cartoon Kekse Tasche Gro\u00dfhandel B\u00e4r Kekse Easy Tear Stand-Up Pouch Verpackung"},"content":{"rendered":"<div class=\"wp-block-columns is-layout-flex wp-container-core-columns-is-layout-9d6595d7 wp-block-columns-is-layout-flex\">\n<div class=\"wp-block-column is-layout-flow wp-block-column-is-layout-flow\">\n<h3 class=\"wp-block-heading\">Merkmale der hochwertigen Cartoon Kekst\u00fcte<\/h3>\n\n\n\n<ul class=\"wp-block-list\">\n<li>Cartoon-Muster: Ein niedliches B\u00e4ren-Cartoon-Muster zieht die Aufmerksamkeit von Kindern und Familienkunden auf sich und erh\u00f6ht den Spa\u00df und die Attraktivit\u00e4t des Produkts.<\/li>\n<\/ul>\n\n\n\n<p><\/p>\n\n\n\n<ul class=\"wp-block-list\">\n<li>Leicht aufrei\u00dfbares Design: Das einzigartige, leicht zu \u00f6ffnende Design macht es den Verbrauchern leicht, die Verpackung zu \u00f6ffnen und verbessert die Benutzerfreundlichkeit.<\/li>\n<\/ul>\n\n\n\n<p><\/p>\n\n\n\n<ul class=\"wp-block-list\">\n<li>Stehende Struktur: Das stehende Taschendesign erleichtert nicht nur die Auslage im Regal, sondern spart auch Lagerplatz und gew\u00e4hrleistet die beste Produktpr\u00e4sentation.<\/li>\n<\/ul>\n\n\n\n<p><\/p>\n\n\n\n<ul class=\"wp-block-list\">\n<li>Hochwertige Materialien: Die Kekst\u00fcten sind aus hochwertigen, lebensmittelechten Materialien hergestellt, um die Frische und Sicherheit der Kekse zu gew\u00e4hrleisten und einen hervorragenden Schutz zu bieten.<\/li>\n\n\n\n<li><\/li>\n<\/ul>\n\n\n\n<p><\/p>\n\n\n\n<ul class=\"wp-block-list\">\n<li>Umweltfreundliche Optionen: F\u00f6rderung der Verwendung biologisch abbaubarer oder wiederverwertbarer Materialien, um dem Umwelttrend zu entsprechen und die Nachfrage nach umweltfreundlichem Konsum zu befriedigen.<\/li>\n<\/ul>\n<\/div>\n\n\n\n<div class=\"wp-block-column is-layout-flow wp-block-column-is-layout-flow\">\n<figure class=\"wp-block-image size-full\"><img fetchpriority=\"high\" decoding=\"async\" width=\"750\" height=\"750\" src=\"https:\/\/www.hyflexpack.com\/wp-content\/uploads\/2024\/07\/Cookie-Bags-Wholesale-1.webp\" alt=\"Pl\u00e4tzchent\u00fcten Gro\u00dfhandel\" class=\"wp-image-4882\" srcset=\"https:\/\/www.hyflexpack.com\/wp-content\/uploads\/2024\/07\/Cookie-Bags-Wholesale-1.webp 750w, https:\/\/www.hyflexpack.com\/wp-content\/uploads\/2024\/07\/Cookie-Bags-Wholesale-1-300x300.webp 300w, https:\/\/www.hyflexpack.com\/wp-content\/uploads\/2024\/07\/Cookie-Bags-Wholesale-1-150x150.webp 150w, https:\/\/www.hyflexpack.com\/wp-content\/uploads\/2024\/07\/Cookie-Bags-Wholesale-1-12x12.webp 12w, https:\/\/www.hyflexpack.com\/wp-content\/uploads\/2024\/07\/Cookie-Bags-Wholesale-1-285x285.webp 285w, https:\/\/www.hyflexpack.com\/wp-content\/uploads\/2024\/07\/Cookie-Bags-Wholesale-1-270x270.webp 270w, https:\/\/www.hyflexpack.com\/wp-content\/uploads\/2024\/07\/Cookie-Bags-Wholesale-1-540x540.webp 540w, https:\/\/www.hyflexpack.com\/wp-content\/uploads\/2024\/07\/Cookie-Bags-Wholesale-1-660x660.webp 660w\" sizes=\"(max-width: 750px) 100vw, 750px\" \/><\/figure>\n<\/div>\n<\/div>","protected":false},"excerpt":{"rendered":"<p>W\u00e4hlen Sie unsere Cartoon B\u00e4r Kekse Tasche Gro\u00dfhandel Verpackung, um Ihren Snack Markenimage zu verbessern! Erh\u00e4ltlich in gro\u00dfen Mengen mit wettbewerbsf\u00e4higen Preisen, kontaktieren Sie uns noch heute f\u00fcr weitere Anpassungen und Gro\u00dfhandel Optionen, um Ihre Produkte auf dem Markt abheben!<\/p>\n<h3>Vorteile von Cartoon Cookies Bag Supplier<\/h3>\n<ul>\n<li><strong>Kundenspezifisches Design<\/strong>: Wir bieten kundenspezifische Cartoon-Cookie-Bag-Service, einschlie\u00dflich Material, Gr\u00f6\u00dfe und Druckmuster Anpassung an die Bed\u00fcrfnisse der Kunden zu erf\u00fcllen, und unterst\u00fctzen OEM und ODM.<\/li>\n<li><strong>Herstellung<\/strong>: Dank fortschrittlicher Ausr\u00fcstung und Technologie k\u00f6nnen wir Auftr\u00e4ge mit hoher Effizienz und hoher Qualit\u00e4t ausf\u00fchren und p\u00fcnktlich liefern.<\/li>\n<li><strong>Qualit\u00e4tskontrolle<\/strong>: Strenge Einhaltung der Qualit\u00e4tsstandards und der Anforderungen an die Lebensmittelsicherheit, um sicherzustellen, dass die Produkte den Standards entsprechen.<\/li>\n<li><strong>Team Technische Unterst\u00fctzung<\/strong>: Unser Team verf\u00fcgt \u00fcber reiche Branchenerfahrung und Fachkenntnisse und kann unseren Kunden technische Unterst\u00fctzung und einen 24-Stunden-Beratungsservice bieten.<\/li>\n<li><strong>Kostenlose Probe<\/strong>: Wir bieten Ihnen einen kostenlosen Musterservice, damit Sie die Produkte bewerten k\u00f6nnen.<\/li>\n<\/ul>\n<p>Huiyang Packaging hat es sich zur Aufgabe gemacht, seinen Kunden qualitativ hochwertige und ma\u00dfgeschneiderte Kekst\u00fcten zu liefern, um ihnen zu helfen, ihr Produktimage zu verbessern und ihre Wettbewerbsf\u00e4higkeit auf dem Markt zu steigern.<\/p>","protected":false},"featured_media":4887,"comment_status":"open","ping_status":"closed","template":"","meta":[],"product_brand":[],"product_cat":[51],"product_tag":[],"class_list":{"0":"post-4881","1":"product","2":"type-product","3":"status-publish","4":"has-post-thumbnail","6":"product_cat-custom-food-packaging-bags","8":"first","9":"instock","10":"shipping-taxable","11":"product-type-simple"},"_links":{"self":[{"href":"https:\/\/www.hyflexpack.com\/de\/wp-json\/wp\/v2\/product\/4881","targetHints":{"allow":["GET"]}}],"collection":[{"href":"https:\/\/www.hyflexpack.com\/de\/wp-json\/wp\/v2\/product"}],"about":[{"href":"https:\/\/www.hyflexpack.com\/de\/wp-json\/wp\/v2\/types\/product"}],"replies":[{"embeddable":true,"href":"https:\/\/www.hyflexpack.com\/de\/wp-json\/wp\/v2\/comments?post=4881"}],"wp:featuredmedia":[{"embeddable":true,"href":"https:\/\/www.hyflexpack.com\/de\/wp-json\/wp\/v2\/media\/4887"}],"wp:attachment":[{"href":"https:\/\/www.hyflexpack.com\/de\/wp-json\/wp\/v2\/media?parent=4881"}],"wp:term":[{"taxonomy":"product_brand","embeddable":true,"href":"https:\/\/www.hyflexpack.com\/de\/wp-json\/wp\/v2\/product_brand?post=4881"},{"taxonomy":"product_cat","embeddable":true,"href":"https:\/\/www.hyflexpack.com\/de\/wp-json\/wp\/v2\/product_cat?post=4881"},{"taxonomy":"product_tag","embeddable":true,"href":"https:\/\/www.hyflexpack.com\/de\/wp-json\/wp\/v2\/product_tag?post=4881"}],"curies":[{"name":"wp","href":"https:\/\/api.w.org\/{rel}","templated":true}]}}