{"id":4872,"date":"2024-07-24T14:39:23","date_gmt":"2024-07-24T14:39:23","guid":{"rendered":"https:\/\/www.hyflexpack.com\/?post_type=product&#038;p=4872"},"modified":"2024-07-24T14:39:25","modified_gmt":"2024-07-24T14:39:25","slug":"custom-snack-packaging","status":"publish","type":"product","link":"https:\/\/www.hyflexpack.com\/de\/product\/custom-snack-packaging\/","title":{"rendered":"Benutzerdefinierte Snack-Verpackung Schokoladenkeks-Beutel Zipper Stand Up Pouches"},"content":{"rendered":"<div class=\"wp-block-columns is-layout-flex wp-container-core-columns-is-layout-9d6595d7 wp-block-columns-is-layout-flex\">\n<div class=\"wp-block-column is-layout-flow wp-block-column-is-layout-flow\">\n<h3 class=\"wp-block-heading\">Merkmale von hochwertigen kundenspezifischen Snack-Verpackungen<\/h3>\n\n\n\n<ul class=\"wp-block-list\">\n<li>Hochwertiges Material: Die kundenspezifischen Snack-Verpackungen werden aus hochwertigem, lebensmittelechtem Material hergestellt, um Haltbarkeit und Frische-Schutz f\u00fcr Schokoladenkekse zu gew\u00e4hrleisten.<\/li>\n<\/ul>\n\n\n\n<p><\/p>\n\n\n\n<ul class=\"wp-block-list\">\n<li>Schutz vor Feuchtigkeit und Frische: Das mehrschichtige Verbundmaterial bietet Schutz vor Feuchtigkeit und Frische und verl\u00e4ngert so die Haltbarkeit von Schokokeksen.<\/li>\n<\/ul>\n\n\n\n<p><\/p>\n\n\n\n<ul class=\"wp-block-list\">\n<li>Bequemer Rei\u00dfverschluss: Ausgestattet mit einem leicht zu \u00f6ffnenden und wieder zu schlie\u00dfenden Rei\u00dfverschluss, um die Frische der Lebensmittel und eine bequeme Lagerung zu gew\u00e4hrleisten.<\/li>\n<\/ul>\n\n\n\n<p><\/p>\n\n\n\n<ul class=\"wp-block-list\">\n<li>Stehendes Design: Die einzigartige Stand-up-Konstruktion macht die Tasche im Regal attraktiver und erm\u00f6glicht eine einfache Pr\u00e4sentation und Lagerung.<\/li>\n<\/ul>\n\n\n\n<p><\/p>\n\n\n\n<ul class=\"wp-block-list\">\n<li>Umweltvertr\u00e4gliche Optionen: Biologisch abbaubare oder recycelbare Materialien stehen zur Verf\u00fcgung, um Umweltanforderungen zu erf\u00fcllen und die Umweltbelastung zu minimieren.<\/li>\n<\/ul>\n\n\n\n<p><\/p>\n\n\n\n<ul class=\"wp-block-list\">\n<li>Vielseitigkeit: Geeignet f\u00fcr alle Arten von Snack-Verpackungen, nicht nur f\u00fcr Schokoladenkekse, sondern auch f\u00fcr N\u00fcsse, S\u00fc\u00dfigkeiten, Cerealien und viele andere Lebensmittelprodukte.<\/li>\n<\/ul>\n<\/div>\n\n\n\n<div class=\"wp-block-column is-layout-flow wp-block-column-is-layout-flow\">\n<figure class=\"wp-block-image size-full\"><img fetchpriority=\"high\" decoding=\"async\" width=\"750\" height=\"750\" src=\"https:\/\/www.hyflexpack.com\/wp-content\/uploads\/2024\/07\/Custom-Snack-Packaging-5.webp\" alt=\"Kundenspezifische Snack-Verpackungen\" class=\"wp-image-4877\" srcset=\"https:\/\/www.hyflexpack.com\/wp-content\/uploads\/2024\/07\/Custom-Snack-Packaging-5.webp 750w, https:\/\/www.hyflexpack.com\/wp-content\/uploads\/2024\/07\/Custom-Snack-Packaging-5-300x300.webp 300w, https:\/\/www.hyflexpack.com\/wp-content\/uploads\/2024\/07\/Custom-Snack-Packaging-5-150x150.webp 150w, https:\/\/www.hyflexpack.com\/wp-content\/uploads\/2024\/07\/Custom-Snack-Packaging-5-12x12.webp 12w, https:\/\/www.hyflexpack.com\/wp-content\/uploads\/2024\/07\/Custom-Snack-Packaging-5-285x285.webp 285w, https:\/\/www.hyflexpack.com\/wp-content\/uploads\/2024\/07\/Custom-Snack-Packaging-5-270x270.webp 270w, https:\/\/www.hyflexpack.com\/wp-content\/uploads\/2024\/07\/Custom-Snack-Packaging-5-540x540.webp 540w, https:\/\/www.hyflexpack.com\/wp-content\/uploads\/2024\/07\/Custom-Snack-Packaging-5-660x660.webp 660w\" sizes=\"(max-width: 750px) 100vw, 750px\" \/><\/figure>\n<\/div>\n<\/div>","protected":false},"excerpt":{"rendered":"<p>Wir bieten Ihnen die ideale L\u00f6sung f\u00fcr Ihre individuelle Snack-Verpackung, sei es, um neue Kunden zu gewinnen oder das Image Ihrer Marke zu verbessern. Wenden Sie sich noch heute an Huiyang Packaging, um mehr \u00fcber Gro\u00dfhandels- und Anpassungsoptionen zu erfahren, die Ihrem Unternehmen zum Durchbruch verhelfen!<\/p>\n<h3>Vorteile eines Lieferanten f\u00fcr kundenspezifische Snackverpackungen<\/h3>\n<ul>\n<li><strong>Kundenspezifisches Design<\/strong>: Wir bieten personalisierte Designl\u00f6sungen, unterst\u00fctzen OEM\/ODM und k\u00f6nnen verschiedene Spezifikationen, Gr\u00f6\u00dfen, Druckmuster usw. anpassen.<\/li>\n<li><strong>Qualit\u00e4tssicherung<\/strong>: Wir kontrollieren den Produktionsprozess und verf\u00fcgen \u00fcber hochwertige Materialien und fortschrittliche Ausr\u00fcstung, um die Produktqualit\u00e4t zu gew\u00e4hrleisten.<\/li>\n<li><strong>P\u00fcnktliche Lieferung<\/strong>: Optimierung des Produktionsprozesses und Verbesserung der Produktionseffizienz, um eine p\u00fcnktliche Lieferung zu gew\u00e4hrleisten und den dringenden Bedarf der Kunden zu decken.<\/li>\n<li><strong>Professionelle technische Unterst\u00fctzung<\/strong>: Das erfahrene technische Team bietet professionelle technische Unterst\u00fctzung und einen 24-Stunden-Kundendienst.<\/li>\n<li><strong>Kostenlose Probe<\/strong>: Wir bieten Ihnen einen kostenlosen Musterservice, damit Sie die Produkte bewerten k\u00f6nnen.<\/li>\n<\/ul>\n<p>Huiyang Packaging ist bestrebt, seinen Kunden qualitativ hochwertige und ma\u00dfgeschneiderte Snack-Verpackungen zu liefern, die ihnen helfen, ihr Produktimage zu verbessern und ihre Wettbewerbsf\u00e4higkeit zu steigern.<\/p>","protected":false},"featured_media":4873,"comment_status":"open","ping_status":"closed","template":"","meta":[],"product_brand":[],"product_cat":[51],"product_tag":[],"class_list":{"0":"post-4872","1":"product","2":"type-product","3":"status-publish","4":"has-post-thumbnail","6":"product_cat-custom-food-packaging-bags","8":"first","9":"instock","10":"shipping-taxable","11":"product-type-simple"},"_links":{"self":[{"href":"https:\/\/www.hyflexpack.com\/de\/wp-json\/wp\/v2\/product\/4872","targetHints":{"allow":["GET"]}}],"collection":[{"href":"https:\/\/www.hyflexpack.com\/de\/wp-json\/wp\/v2\/product"}],"about":[{"href":"https:\/\/www.hyflexpack.com\/de\/wp-json\/wp\/v2\/types\/product"}],"replies":[{"embeddable":true,"href":"https:\/\/www.hyflexpack.com\/de\/wp-json\/wp\/v2\/comments?post=4872"}],"wp:featuredmedia":[{"embeddable":true,"href":"https:\/\/www.hyflexpack.com\/de\/wp-json\/wp\/v2\/media\/4873"}],"wp:attachment":[{"href":"https:\/\/www.hyflexpack.com\/de\/wp-json\/wp\/v2\/media?parent=4872"}],"wp:term":[{"taxonomy":"product_brand","embeddable":true,"href":"https:\/\/www.hyflexpack.com\/de\/wp-json\/wp\/v2\/product_brand?post=4872"},{"taxonomy":"product_cat","embeddable":true,"href":"https:\/\/www.hyflexpack.com\/de\/wp-json\/wp\/v2\/product_cat?post=4872"},{"taxonomy":"product_tag","embeddable":true,"href":"https:\/\/www.hyflexpack.com\/de\/wp-json\/wp\/v2\/product_tag?post=4872"}],"curies":[{"name":"wp","href":"https:\/\/api.w.org\/{rel}","templated":true}]}}