{"id":4837,"date":"2024-07-20T02:02:26","date_gmt":"2024-07-20T02:02:26","guid":{"rendered":"https:\/\/www.hyflexpack.com\/?post_type=product&#038;p=4837"},"modified":"2025-10-23T08:36:58","modified_gmt":"2025-10-23T08:36:58","slug":"custom-creative-biscuit-packaging-design","status":"publish","type":"product","link":"https:\/\/www.hyflexpack.com\/de\/product\/custom-creative-biscuit-packaging-design\/","title":{"rendered":"Benutzerdefinierte kreative Keks-Verpackung Design-Muster Aussehen Siegelbar Stand-up-Beutel"},"content":{"rendered":"<div class=\"wp-block-columns is-layout-flex wp-container-core-columns-is-layout-9d6595d7 wp-block-columns-is-layout-flex\">\n<div class=\"wp-block-column is-layout-flow wp-block-column-is-layout-flow\">\n<h3 class=\"wp-block-heading\">Merkmale von hochwertigen Keksverpackungen<\/h3>\n\n\n\n<ul class=\"wp-block-list\">\n<li>Kreatives Muster: Ein einzigartiges und auff\u00e4lliges Musterdesign macht den Keksverpackungsbeutel lebendiger, erh\u00f6ht den visuellen Reiz und zieht mehr Verbraucher an.<\/li>\n<\/ul>\n\n\n\n<p><\/p>\n\n\n\n<ul class=\"wp-block-list\">\n<li>Versiegelte Verpackung: Die hochwertige Versiegelungsfunktion verhindert wirksam das Eindringen von Luft und Feuchtigkeit und sorgt daf\u00fcr, dass die Kekse lange frisch und knusprig bleiben.<\/li>\n<\/ul>\n\n\n\n<p><\/p>\n\n\n\n<ul class=\"wp-block-list\">\n<li>Standbodenbeutel-Design: Das Design des Standbeutels ist nicht nur praktisch f\u00fcr die Auslage und verbessert die Wirkung im Regal, sondern auch bequem f\u00fcr die Verbraucher zu speichern und zu nehmen, die Verbesserung der Benutzerfreundlichkeit.<\/li>\n<\/ul>\n\n\n\n<p><\/p>\n\n\n\n<ul class=\"wp-block-list\">\n<li>Umweltfreundliche Materialien: F\u00fcr die Keksverpackungen werden recycelbare, umweltfreundliche Materialien verwendet, um die Auswirkungen auf die Umwelt zu verringern und den Bed\u00fcrfnissen der modernen Verbraucher nach einer nachhaltigen Entwicklung gerecht zu werden.<\/li>\n<\/ul>\n\n\n\n<p><\/p>\n\n\n\n<ul class=\"wp-block-list\">\n<li>Starke Haltbarkeit: Das Verpackungsmaterial ist robust und haltbar, um Besch\u00e4digungen w\u00e4hrend des Transports und der Lagerung zu vermeiden und sicherzustellen, dass das Produkt sicher an die Verbraucher geliefert wird.<\/li>\n<\/ul>\n<\/div>\n\n\n\n<div class=\"wp-block-column is-layout-flow wp-block-column-is-layout-flow\">\n<figure class=\"wp-block-image size-full\"><img fetchpriority=\"high\" decoding=\"async\" width=\"750\" height=\"750\" src=\"https:\/\/www.hyflexpack.com\/wp-content\/uploads\/2024\/07\/Custom-Creative-Biscuit-Packaging-Design-7.webp\" alt=\"Individuelles Verpackungsdesign f\u00fcr Kekse\" class=\"wp-image-4842\" srcset=\"https:\/\/www.hyflexpack.com\/wp-content\/uploads\/2024\/07\/Custom-Creative-Biscuit-Packaging-Design-7.webp 750w, https:\/\/www.hyflexpack.com\/wp-content\/uploads\/2024\/07\/Custom-Creative-Biscuit-Packaging-Design-7-300x300.webp 300w, https:\/\/www.hyflexpack.com\/wp-content\/uploads\/2024\/07\/Custom-Creative-Biscuit-Packaging-Design-7-150x150.webp 150w, https:\/\/www.hyflexpack.com\/wp-content\/uploads\/2024\/07\/Custom-Creative-Biscuit-Packaging-Design-7-12x12.webp 12w, https:\/\/www.hyflexpack.com\/wp-content\/uploads\/2024\/07\/Custom-Creative-Biscuit-Packaging-Design-7-285x285.webp 285w, https:\/\/www.hyflexpack.com\/wp-content\/uploads\/2024\/07\/Custom-Creative-Biscuit-Packaging-Design-7-270x270.webp 270w, https:\/\/www.hyflexpack.com\/wp-content\/uploads\/2024\/07\/Custom-Creative-Biscuit-Packaging-Design-7-540x540.webp 540w, https:\/\/www.hyflexpack.com\/wp-content\/uploads\/2024\/07\/Custom-Creative-Biscuit-Packaging-Design-7-660x660.webp 660w\" sizes=\"(max-width: 750px) 100vw, 750px\" \/><\/figure>\n<\/div>\n<\/div>","protected":false},"excerpt":{"rendered":"<p>Entdecken Sie unsere ma\u00dfgeschneiderten, kreativen Verpackungsl\u00f6sungen f\u00fcr Kekse, mit denen sich Ihre Produkte auf dem Markt abheben und mehr Verbraucher anziehen. Kontaktieren Sie uns jetzt f\u00fcr weitere Informationen und ma\u00dfgeschneiderte L\u00f6sungen!<\/p>\n<h3>Vorteile des Lieferanten von Keksverpackungen<\/h3>\n<ul>\n<li><strong>Kundenspezifisches Design<\/strong>: Wir bieten personalisierte Designl\u00f6sungen f\u00fcr verschiedene Spezifikationen, Gr\u00f6\u00dfen und Druckanforderungen mit bis zu 10 Farben je nach Kundenwunsch und unterst\u00fctzen OEM- und ODM-Anpassungen.<\/li>\n<li><strong>Qualit\u00e4tssicherung<\/strong>: Strenge Kontrolle des Produktionsprozesses, Verwendung von hochwertigen Rohstoffen und fortschrittlichen Produktionsanlagen, um eine stabile und zuverl\u00e4ssige Produktqualit\u00e4t zu gew\u00e4hrleisten.<\/li>\n<li><strong>Professionelle technische Unterst\u00fctzung<\/strong>: Mit unserem erfahrenen technischen Team bieten wir professionellen technischen Support und Kundendienst, um sicherzustellen, dass die Bed\u00fcrfnisse der Kunden umgehend erf\u00fcllt und gel\u00f6st werden.<\/li>\n<li><strong>Kostenlose Probe<\/strong>: Wir bieten einen kostenlosen Musterservice, damit Sie die Produkte bewerten k\u00f6nnen.<\/li>\n<\/ul>\n<p>Huiyang Packaging hat es sich zur Aufgabe gemacht, qualitativ hochwertige, ma\u00dfgeschneiderte Verpackungsl\u00f6sungen f\u00fcr Kekse anzubieten, die das Produktimage verbessern und die Wettbewerbsf\u00e4higkeit unserer Kunden auf dem Markt steigern.<\/p>","protected":false},"featured_media":4838,"comment_status":"open","ping_status":"closed","template":"","meta":[],"product_brand":[],"product_cat":[57],"product_tag":[],"class_list":{"0":"post-4837","1":"product","2":"type-product","3":"status-publish","4":"has-post-thumbnail","6":"product_cat-snack-packaging-bags-wholesale","8":"first","9":"instock","10":"shipping-taxable","11":"product-type-simple"},"_links":{"self":[{"href":"https:\/\/www.hyflexpack.com\/de\/wp-json\/wp\/v2\/product\/4837","targetHints":{"allow":["GET"]}}],"collection":[{"href":"https:\/\/www.hyflexpack.com\/de\/wp-json\/wp\/v2\/product"}],"about":[{"href":"https:\/\/www.hyflexpack.com\/de\/wp-json\/wp\/v2\/types\/product"}],"replies":[{"embeddable":true,"href":"https:\/\/www.hyflexpack.com\/de\/wp-json\/wp\/v2\/comments?post=4837"}],"wp:featuredmedia":[{"embeddable":true,"href":"https:\/\/www.hyflexpack.com\/de\/wp-json\/wp\/v2\/media\/4838"}],"wp:attachment":[{"href":"https:\/\/www.hyflexpack.com\/de\/wp-json\/wp\/v2\/media?parent=4837"}],"wp:term":[{"taxonomy":"product_brand","embeddable":true,"href":"https:\/\/www.hyflexpack.com\/de\/wp-json\/wp\/v2\/product_brand?post=4837"},{"taxonomy":"product_cat","embeddable":true,"href":"https:\/\/www.hyflexpack.com\/de\/wp-json\/wp\/v2\/product_cat?post=4837"},{"taxonomy":"product_tag","embeddable":true,"href":"https:\/\/www.hyflexpack.com\/de\/wp-json\/wp\/v2\/product_tag?post=4837"}],"curies":[{"name":"wp","href":"https:\/\/api.w.org\/{rel}","templated":true}]}}