{"id":4778,"date":"2024-07-19T08:34:04","date_gmt":"2024-07-19T08:34:04","guid":{"rendered":"https:\/\/www.hyflexpack.com\/?post_type=product&#038;p=4778"},"modified":"2024-07-19T08:34:05","modified_gmt":"2024-07-19T08:34:05","slug":"custom-pouch-packaging-for-nuts","status":"publish","type":"product","link":"https:\/\/www.hyflexpack.com\/de\/product\/custom-pouch-packaging-for-nuts\/","title":{"rendered":"Individuelle Beutelverpackungen f\u00fcr N\u00fcsse Wiederverschlie\u00dfbare Standbeutel mit Rei\u00dfverschluss"},"content":{"rendered":"<div class=\"wp-block-columns is-layout-flex wp-container-core-columns-is-layout-9d6595d7 wp-block-columns-is-layout-flex\">\n<div class=\"wp-block-column is-layout-flow wp-block-column-is-layout-flow\">\n<h3 class=\"wp-block-heading\">Merkmale der hochwertigen kundenspezifischen Beutelverpackungen f\u00fcr N\u00fcsse<\/h3>\n\n\n\n<ul class=\"wp-block-list\">\n<li>Hochwertiges Material: Die kundenspezifischen Beutelverpackungen f\u00fcr N\u00fcsse werden aus lebensmittelechten und sicheren Materialien hergestellt, um Robustheit und Haltbarkeit zu gew\u00e4hrleisten und die Qualit\u00e4t und Frische der N\u00fcsse zu sch\u00fctzen.<\/li>\n<\/ul>\n\n\n\n<p><\/p>\n\n\n\n<ul class=\"wp-block-list\">\n<li>Selbststehendes Design: Selbststehendes Taschendesign, einfach zu pr\u00e4sentieren und zu lagern, platzsparend.<\/li>\n<\/ul>\n\n\n\n<p><\/p>\n\n\n\n<ul class=\"wp-block-list\">\n<li>Rei\u00dfverschluss-Verschluss: Ausgestattet mit einem versiegelnden Rei\u00dfverschluss, der leicht zu \u00f6ffnen und zu schlie\u00dfen ist, halten mehrfache Verwendungen die N\u00fcsse frisch und trocken.<\/li>\n<\/ul>\n\n\n\n<p><\/p>\n\n\n\n<ul class=\"wp-block-list\">\n<li>Barriereleistung: aus mehrschichtigem Verbundmaterial mit guter Feuchtigkeits- und Oxidationsbest\u00e4ndigkeit, damit die N\u00fcsse bei Lagerung und Transport nicht besch\u00e4digt werden.<\/li>\n<\/ul>\n\n\n\n<p><\/p>\n\n\n\n<ul class=\"wp-block-list\">\n<li>Hochwertige Druckschicht: Das Au\u00dfenmaterial (z. B. PET oder BOPP) ist hervorragend bedruckt und erm\u00f6glicht einen qualitativ hochwertigen Farbdruck, der daf\u00fcr sorgt, dass die Taschen gut aussehen und das Markenimage verbessern.<\/li>\n<\/ul>\n<\/div>\n\n\n\n<div class=\"wp-block-column is-layout-flow wp-block-column-is-layout-flow\">\n<figure class=\"wp-block-image size-full\"><img fetchpriority=\"high\" decoding=\"async\" width=\"750\" height=\"750\" src=\"https:\/\/www.hyflexpack.com\/wp-content\/uploads\/2024\/07\/Custom-Pouch-Packaging-For-Nuts-2.webp\" alt=\"Individuelle Beutelverpackungen f\u00fcr N\u00fcsse\" class=\"wp-image-4780\" srcset=\"https:\/\/www.hyflexpack.com\/wp-content\/uploads\/2024\/07\/Custom-Pouch-Packaging-For-Nuts-2.webp 750w, https:\/\/www.hyflexpack.com\/wp-content\/uploads\/2024\/07\/Custom-Pouch-Packaging-For-Nuts-2-300x300.webp 300w, https:\/\/www.hyflexpack.com\/wp-content\/uploads\/2024\/07\/Custom-Pouch-Packaging-For-Nuts-2-150x150.webp 150w, https:\/\/www.hyflexpack.com\/wp-content\/uploads\/2024\/07\/Custom-Pouch-Packaging-For-Nuts-2-12x12.webp 12w, https:\/\/www.hyflexpack.com\/wp-content\/uploads\/2024\/07\/Custom-Pouch-Packaging-For-Nuts-2-285x285.webp 285w, https:\/\/www.hyflexpack.com\/wp-content\/uploads\/2024\/07\/Custom-Pouch-Packaging-For-Nuts-2-270x270.webp 270w, https:\/\/www.hyflexpack.com\/wp-content\/uploads\/2024\/07\/Custom-Pouch-Packaging-For-Nuts-2-540x540.webp 540w, https:\/\/www.hyflexpack.com\/wp-content\/uploads\/2024\/07\/Custom-Pouch-Packaging-For-Nuts-2-660x660.webp 660w\" sizes=\"(max-width: 750px) 100vw, 750px\" \/><\/figure>\n<\/div>\n<\/div>","protected":false},"excerpt":{"rendered":"<p>Unsere ma\u00dfgefertigten Beutelverpackungen f\u00fcr N\u00fcsse werden aus hochwertigem, lebensmittelechtem Material hergestellt und sind robust und langlebig, um die Frische und Qualit\u00e4t der N\u00fcsse zu gew\u00e4hrleisten. Entscheiden Sie sich f\u00fcr uns, um Ihre Produkte optimal zu sch\u00fctzen und zu pr\u00e4sentieren, und fordern Sie noch heute ein Angebot an.<\/p>\n<h3>Vorteile eines Lieferanten f\u00fcr kundenspezifische Beutelverpackungen<\/h3>\n<ul>\n<li><strong>Kundenspezifisches Design<\/strong>: Wir bieten personalisierte Designl\u00f6sungen, unterst\u00fctzen OEM\/ODM und k\u00f6nnen verschiedene Spezifikationen, Gr\u00f6\u00dfen, Druckmuster usw. anpassen.<\/li>\n<li><strong>Qualit\u00e4tssicherung<\/strong>: Wir kontrollieren den Produktionsprozess und verf\u00fcgen \u00fcber hochwertige Materialien und fortschrittliche Ausr\u00fcstung, um die Produktqualit\u00e4t zu gew\u00e4hrleisten.<\/li>\n<li><strong>P\u00fcnktliche Lieferung<\/strong>: Optimierung des Produktionsprozesses und Verbesserung der Produktionseffizienz, um eine p\u00fcnktliche Lieferung zu gew\u00e4hrleisten und den dringenden Bedarf der Kunden zu decken.<\/li>\n<li><strong>Professionelle technische Unterst\u00fctzung<\/strong>: Das erfahrene technische Team bietet professionelle technische Unterst\u00fctzung und einen 24-Stunden-Kundendienst.<\/li>\n<li><strong>Kostenlose Probe<\/strong>: Wir bieten einen kostenlosen Musterservice, damit Sie die Produkte bewerten k\u00f6nnen.<\/li>\n<\/ul>\n<p>Huiyang Packaging ist bestrebt, seinen Kunden qualitativ hochwertige und ma\u00dfgeschneiderte Beutelverpackungen f\u00fcr N\u00fcsse zu liefern, um ihnen zu helfen, ihr Produktimage zu verbessern und ihre Wettbewerbsf\u00e4higkeit auf dem Markt zu steigern.<\/p>","protected":false},"featured_media":4779,"comment_status":"open","ping_status":"closed","template":"","meta":[],"product_brand":[],"product_cat":[51],"product_tag":[],"class_list":{"0":"post-4778","1":"product","2":"type-product","3":"status-publish","4":"has-post-thumbnail","6":"product_cat-custom-food-packaging-bags","8":"first","9":"instock","10":"shipping-taxable","11":"product-type-simple"},"_links":{"self":[{"href":"https:\/\/www.hyflexpack.com\/de\/wp-json\/wp\/v2\/product\/4778","targetHints":{"allow":["GET"]}}],"collection":[{"href":"https:\/\/www.hyflexpack.com\/de\/wp-json\/wp\/v2\/product"}],"about":[{"href":"https:\/\/www.hyflexpack.com\/de\/wp-json\/wp\/v2\/types\/product"}],"replies":[{"embeddable":true,"href":"https:\/\/www.hyflexpack.com\/de\/wp-json\/wp\/v2\/comments?post=4778"}],"wp:featuredmedia":[{"embeddable":true,"href":"https:\/\/www.hyflexpack.com\/de\/wp-json\/wp\/v2\/media\/4779"}],"wp:attachment":[{"href":"https:\/\/www.hyflexpack.com\/de\/wp-json\/wp\/v2\/media?parent=4778"}],"wp:term":[{"taxonomy":"product_brand","embeddable":true,"href":"https:\/\/www.hyflexpack.com\/de\/wp-json\/wp\/v2\/product_brand?post=4778"},{"taxonomy":"product_cat","embeddable":true,"href":"https:\/\/www.hyflexpack.com\/de\/wp-json\/wp\/v2\/product_cat?post=4778"},{"taxonomy":"product_tag","embeddable":true,"href":"https:\/\/www.hyflexpack.com\/de\/wp-json\/wp\/v2\/product_tag?post=4778"}],"curies":[{"name":"wp","href":"https:\/\/api.w.org\/{rel}","templated":true}]}}