{"id":4756,"date":"2024-07-12T08:50:48","date_gmt":"2024-07-12T08:50:48","guid":{"rendered":"https:\/\/www.hyflexpack.com\/?post_type=product&#038;p=4756"},"modified":"2024-07-12T08:50:50","modified_gmt":"2024-07-12T08:50:50","slug":"bulk-peanut-nut-bags-packaging","status":"publish","type":"product","link":"https:\/\/www.hyflexpack.com\/de\/product\/bulk-peanut-nut-bags-packaging\/","title":{"rendered":"Erdnussbeutel in loser Sch\u00fcttung Verpackung Lebensmittelqualit\u00e4t Wiederverschlie\u00dfbarer laminierter Stehbeutel mit Fenster"},"content":{"rendered":"<div class=\"wp-block-columns is-layout-flex wp-container-core-columns-is-layout-9d6595d7 wp-block-columns-is-layout-flex\">\n<div class=\"wp-block-column is-layout-flow wp-block-column-is-layout-flow\">\n<h3 class=\"wp-block-heading\">Merkmale von hochwertigen Erdnussbeutelverpackungen<\/h3>\n\n\n\n<ul class=\"wp-block-list\">\n<li>Lebensmittelgeeignete Materialien: Die Nussbeutel werden aus lebensmittelechten Materialien hergestellt, um die Sicherheit und Frische der N\u00fcsse zu gew\u00e4hrleisten.<\/li>\n<\/ul>\n\n\n\n<p><\/p>\n\n\n\n<ul class=\"wp-block-list\">\n<li>Wiederverschlie\u00dfbares Design: Ausgestattet mit einer praktischen wiederverschlie\u00dfbaren Funktion, um den Geschmack und die Frische der N\u00fcsse zu erhalten.<\/li>\n<\/ul>\n\n\n\n<p><\/p>\n\n\n\n<ul class=\"wp-block-list\">\n<li>Dreidimensionaler laminierter Beutel: Die Verwendung der Laminiertechnologie sorgt f\u00fcr \u00fcberlegene strukturelle St\u00e4rke und Schutz.<\/li>\n<\/ul>\n\n\n\n<p><\/p>\n\n\n\n<ul class=\"wp-block-list\">\n<li>Transparentes Fenster: Ein transparentes Fenster erleichtert den Verbrauchern den Blick auf den Nussinhalt und erh\u00f6ht die Attraktivit\u00e4t des Produkts.<\/li>\n<\/ul>\n\n\n\n<p><\/p>\n\n\n\n<ul class=\"wp-block-list\">\n<li>Design mit Aufh\u00e4ngel\u00f6chern: Die Aufh\u00e4ngel\u00f6cher sind so konzipiert, dass sie die Auslage und Lagerung von Nussprodukten im Einzelhandel erleichtern.<\/li>\n<\/ul>\n<\/div>\n\n\n\n<div class=\"wp-block-column is-layout-flow wp-block-column-is-layout-flow\"><div class=\"wp-block-image\">\n<figure class=\"aligncenter size-full is-resized\"><img fetchpriority=\"high\" decoding=\"async\" width=\"750\" height=\"750\" src=\"https:\/\/www.hyflexpack.com\/wp-content\/uploads\/2024\/07\/Bulk-Peanut-Nut-Bags-2.webp\" alt=\"Lose Erdnuss-S\u00e4cke\" class=\"wp-image-4758\" style=\"width:385px;height:auto\" srcset=\"https:\/\/www.hyflexpack.com\/wp-content\/uploads\/2024\/07\/Bulk-Peanut-Nut-Bags-2.webp 750w, https:\/\/www.hyflexpack.com\/wp-content\/uploads\/2024\/07\/Bulk-Peanut-Nut-Bags-2-300x300.webp 300w, https:\/\/www.hyflexpack.com\/wp-content\/uploads\/2024\/07\/Bulk-Peanut-Nut-Bags-2-150x150.webp 150w, https:\/\/www.hyflexpack.com\/wp-content\/uploads\/2024\/07\/Bulk-Peanut-Nut-Bags-2-12x12.webp 12w, https:\/\/www.hyflexpack.com\/wp-content\/uploads\/2024\/07\/Bulk-Peanut-Nut-Bags-2-285x285.webp 285w, https:\/\/www.hyflexpack.com\/wp-content\/uploads\/2024\/07\/Bulk-Peanut-Nut-Bags-2-270x270.webp 270w, https:\/\/www.hyflexpack.com\/wp-content\/uploads\/2024\/07\/Bulk-Peanut-Nut-Bags-2-540x540.webp 540w, https:\/\/www.hyflexpack.com\/wp-content\/uploads\/2024\/07\/Bulk-Peanut-Nut-Bags-2-660x660.webp 660w\" sizes=\"(max-width: 750px) 100vw, 750px\" \/><\/figure>\n<\/div><\/div>\n<\/div>","protected":false},"excerpt":{"rendered":"<p>Entdecken Sie lebensmittelechte, laminierte Nussbeutel mit Wiederverschlie\u00dfbarkeit, transparenten Fenstern und praktischen Aufh\u00e4ngel\u00f6chern, die die Qualit\u00e4t und Frische der N\u00fcsse erhalten und gleichzeitig die Produktpr\u00e4sentation und die Wettbewerbsf\u00e4higkeit auf dem Markt verbessern. Bitte kontaktieren Sie uns f\u00fcr Preisanfragen.<\/p>\n<h3>Vorteile von Erdnuss-Nuss-T\u00fcten Verpackungslieferant<\/h3>\n<ul>\n<li><strong>Kundenspezifisches Design<\/strong>: Wir bieten personalisierte Designl\u00f6sungen f\u00fcr verschiedene Spezifikationen, Gr\u00f6\u00dfen und Druckanforderungen mit bis zu 10 Farben je nach Kundenwunsch und unterst\u00fctzen OEM- und ODM-Anpassungen.<\/li>\n<li><strong>Qualit\u00e4tssicherung<\/strong>: Strenge Kontrolle des Produktionsprozesses, Verwendung von hochwertigen Rohstoffen und fortschrittlichen Produktionsanlagen, um eine stabile und zuverl\u00e4ssige Produktqualit\u00e4t zu gew\u00e4hrleisten.<\/li>\n<li><strong>Professionelle technische Unterst\u00fctzung<\/strong>: Mit einem erfahrenen technischen Team bieten wir professionellen technischen Support und Kundendienst, um sicherzustellen, dass die Bed\u00fcrfnisse der Kunden umgehend erf\u00fcllt und gel\u00f6st werden.<\/li>\n<li><strong>Kostenlose Probe<\/strong>: Wir bieten Ihnen einen kostenlosen Musterservice, damit Sie die Produkte bewerten k\u00f6nnen.<\/li>\n<\/ul>\n<p>Huiyang Packaging hat es sich zur Aufgabe gemacht, seinen Kunden hochwertige, ma\u00dfgeschneiderte Nusss\u00e4ckchen zu liefern, um ihnen zu helfen, ihr Produktimage zu verbessern und ihre Wettbewerbsf\u00e4higkeit auf dem Markt zu steigern.<\/p>","protected":false},"featured_media":4757,"comment_status":"open","ping_status":"closed","template":"","meta":[],"product_brand":[],"product_cat":[51],"product_tag":[],"class_list":{"0":"post-4756","1":"product","2":"type-product","3":"status-publish","4":"has-post-thumbnail","6":"product_cat-custom-food-packaging-bags","8":"first","9":"instock","10":"shipping-taxable","11":"product-type-simple"},"_links":{"self":[{"href":"https:\/\/www.hyflexpack.com\/de\/wp-json\/wp\/v2\/product\/4756","targetHints":{"allow":["GET"]}}],"collection":[{"href":"https:\/\/www.hyflexpack.com\/de\/wp-json\/wp\/v2\/product"}],"about":[{"href":"https:\/\/www.hyflexpack.com\/de\/wp-json\/wp\/v2\/types\/product"}],"replies":[{"embeddable":true,"href":"https:\/\/www.hyflexpack.com\/de\/wp-json\/wp\/v2\/comments?post=4756"}],"wp:featuredmedia":[{"embeddable":true,"href":"https:\/\/www.hyflexpack.com\/de\/wp-json\/wp\/v2\/media\/4757"}],"wp:attachment":[{"href":"https:\/\/www.hyflexpack.com\/de\/wp-json\/wp\/v2\/media?parent=4756"}],"wp:term":[{"taxonomy":"product_brand","embeddable":true,"href":"https:\/\/www.hyflexpack.com\/de\/wp-json\/wp\/v2\/product_brand?post=4756"},{"taxonomy":"product_cat","embeddable":true,"href":"https:\/\/www.hyflexpack.com\/de\/wp-json\/wp\/v2\/product_cat?post=4756"},{"taxonomy":"product_tag","embeddable":true,"href":"https:\/\/www.hyflexpack.com\/de\/wp-json\/wp\/v2\/product_tag?post=4756"}],"curies":[{"name":"wp","href":"https:\/\/api.w.org\/{rel}","templated":true}]}}