{"id":4746,"date":"2024-07-12T06:38:39","date_gmt":"2024-07-12T06:38:39","guid":{"rendered":"https:\/\/www.hyflexpack.com\/?post_type=product&#038;p=4746"},"modified":"2025-05-17T07:35:32","modified_gmt":"2025-05-17T07:35:32","slug":"custom-bottle-labels","status":"publish","type":"product","link":"https:\/\/www.hyflexpack.com\/de\/product\/custom-bottle-labels\/","title":{"rendered":"Individuelle Flaschenetiketten Personalisierter Druck f\u00fcr verschiedene Gr\u00f6\u00dfen von Wasserflaschenetiketten"},"content":{"rendered":"<div class=\"wp-block-columns is-layout-flex wp-container-core-columns-is-layout-9d6595d7 wp-block-columns-is-layout-flex\">\n<div class=\"wp-block-column is-layout-flow wp-block-column-is-layout-flow\">\n<h3 class=\"wp-block-heading\">Merkmale des hochwertigen Flaschenetiketts<\/h3>\n\n\n\n<ul class=\"wp-block-list\">\n<li>Personalisierter Druck: Flaschenetiketten sind in einer Vielzahl von Individualisierungsoptionen erh\u00e4ltlich, einschlie\u00dflich Farbe und Au\u00dfenfl\u00e4chen, um die Designanforderungen verschiedener Kunden zu erf\u00fcllen.<\/li>\n<\/ul>\n\n\n\n<p><\/p>\n\n\n\n<ul class=\"wp-block-list\">\n<li>Geeignet f\u00fcr alle Gr\u00f6\u00dfen: Die Etiketten k\u00f6nnen f\u00fcr verschiedene Gr\u00f6\u00dfen von Wasserflaschen hergestellt werden, egal ob es sich um eine kleine Reiseflasche oder eine gro\u00dfe Sportflasche handelt.<\/li>\n<\/ul>\n\n\n\n<p><\/p>\n\n\n\n<ul class=\"wp-block-list\">\n<li>Wasserdicht und langlebig: Aus hochwertigen Materialien hergestellt, bleibt das Etikett auch in nassen Umgebungen klar und unversehrt.<\/li>\n<\/ul>\n\n\n\n<p><\/p>\n\n\n\n<ul class=\"wp-block-list\">\n<li>Leicht anzubringen: Dank der selbstklebenden R\u00fcckseite l\u00e4sst sich das Etikett leicht anbringen und wieder entfernen, ohne dass Klebstoffreste zur\u00fcckbleiben.<\/li>\n<\/ul>\n<\/div>\n\n\n\n<div class=\"wp-block-column is-layout-flow wp-block-column-is-layout-flow\">\n<figure class=\"wp-block-image size-full is-resized\"><img fetchpriority=\"high\" decoding=\"async\" width=\"750\" height=\"750\" src=\"https:\/\/www.hyflexpack.com\/wp-content\/uploads\/2024\/07\/Custom-Bottle-Labels-1.webp\" alt=\"Individuelle Flaschenetiketten\" class=\"wp-image-4747\" style=\"width:354px;height:auto\" srcset=\"https:\/\/www.hyflexpack.com\/wp-content\/uploads\/2024\/07\/Custom-Bottle-Labels-1.webp 750w, https:\/\/www.hyflexpack.com\/wp-content\/uploads\/2024\/07\/Custom-Bottle-Labels-1-300x300.webp 300w, https:\/\/www.hyflexpack.com\/wp-content\/uploads\/2024\/07\/Custom-Bottle-Labels-1-150x150.webp 150w, https:\/\/www.hyflexpack.com\/wp-content\/uploads\/2024\/07\/Custom-Bottle-Labels-1-12x12.webp 12w, https:\/\/www.hyflexpack.com\/wp-content\/uploads\/2024\/07\/Custom-Bottle-Labels-1-285x285.webp 285w, https:\/\/www.hyflexpack.com\/wp-content\/uploads\/2024\/07\/Custom-Bottle-Labels-1-270x270.webp 270w, https:\/\/www.hyflexpack.com\/wp-content\/uploads\/2024\/07\/Custom-Bottle-Labels-1-540x540.webp 540w, https:\/\/www.hyflexpack.com\/wp-content\/uploads\/2024\/07\/Custom-Bottle-Labels-1-660x660.webp 660w\" sizes=\"(max-width: 750px) 100vw, 750px\" \/><\/figure>\n<\/div>\n<\/div>","protected":false},"excerpt":{"rendered":"<p>Personalisierte bedruckte Wasserflaschenetiketten f\u00fcr alle Gr\u00f6\u00dfen von Wasserflaschen. Die Etiketten sind wasserfest und langlebig und werden aus hochwertigen Materialien hergestellt, damit sie in jeder Umgebung klar und sch\u00f6n bleiben. Ob f\u00fcr Sport, Reisen oder den t\u00e4glichen Gebrauch, diese Etiketten sind ideal f\u00fcr Sie.<\/p>\n<h3>Vorteile des Lieferanten von Flaschenetiketten<\/h3>\n<ul>\n<li><strong>Kundenspezifisches Design<\/strong>: Wir bieten personalisierte Designl\u00f6sungen f\u00fcr verschiedene Spezifikationen, Gr\u00f6\u00dfen und Druckanforderungen mit bis zu 10 Farben je nach Kundenwunsch und unterst\u00fctzen OEM- und ODM-Anpassungen.<\/li>\n<li><strong>Qualit\u00e4tssicherung<\/strong>: Strenge Kontrolle des Produktionsprozesses, Verwendung von hochwertigen Rohstoffen und fortschrittlichen Produktionsanlagen, um eine stabile und zuverl\u00e4ssige Produktqualit\u00e4t zu gew\u00e4hrleisten.<\/li>\n<li><strong>Professionelle technische Unterst\u00fctzung<\/strong>: Mit einem erfahrenen technischen Team bieten wir professionellen technischen Support und Kundendienst, um sicherzustellen, dass die Bed\u00fcrfnisse der Kunden umgehend erf\u00fcllt und gel\u00f6st werden.<\/li>\n<li><strong>Kostenlose Probe<\/strong>: Wir bieten Ihnen einen kostenlosen Musterservice, damit Sie die Produkte bewerten k\u00f6nnen.<\/li>\n<\/ul>\n<p>Huiyang Packaging hat es sich zur Aufgabe gemacht, hochwertige, ma\u00dfgeschneiderte Flaschenetiketten anzubieten, die das Produktimage verbessern und die Wettbewerbsf\u00e4higkeit unserer Kunden steigern.<\/p>","protected":false},"featured_media":4749,"comment_status":"open","ping_status":"closed","template":"","meta":[],"product_brand":[],"product_cat":[53,90],"product_tag":[],"class_list":{"0":"post-4746","1":"product","2":"type-product","3":"status-publish","4":"has-post-thumbnail","6":"product_cat-packaging-film-supplier","7":"product_cat-custom-bottle-label","9":"first","10":"instock","11":"shipping-taxable","12":"product-type-simple"},"_links":{"self":[{"href":"https:\/\/www.hyflexpack.com\/de\/wp-json\/wp\/v2\/product\/4746","targetHints":{"allow":["GET"]}}],"collection":[{"href":"https:\/\/www.hyflexpack.com\/de\/wp-json\/wp\/v2\/product"}],"about":[{"href":"https:\/\/www.hyflexpack.com\/de\/wp-json\/wp\/v2\/types\/product"}],"replies":[{"embeddable":true,"href":"https:\/\/www.hyflexpack.com\/de\/wp-json\/wp\/v2\/comments?post=4746"}],"wp:featuredmedia":[{"embeddable":true,"href":"https:\/\/www.hyflexpack.com\/de\/wp-json\/wp\/v2\/media\/4749"}],"wp:attachment":[{"href":"https:\/\/www.hyflexpack.com\/de\/wp-json\/wp\/v2\/media?parent=4746"}],"wp:term":[{"taxonomy":"product_brand","embeddable":true,"href":"https:\/\/www.hyflexpack.com\/de\/wp-json\/wp\/v2\/product_brand?post=4746"},{"taxonomy":"product_cat","embeddable":true,"href":"https:\/\/www.hyflexpack.com\/de\/wp-json\/wp\/v2\/product_cat?post=4746"},{"taxonomy":"product_tag","embeddable":true,"href":"https:\/\/www.hyflexpack.com\/de\/wp-json\/wp\/v2\/product_tag?post=4746"}],"curies":[{"name":"wp","href":"https:\/\/api.w.org\/{rel}","templated":true}]}}