{"id":4738,"date":"2024-07-12T03:31:03","date_gmt":"2024-07-12T03:31:03","guid":{"rendered":"https:\/\/www.hyflexpack.com\/?post_type=product&#038;p=4738"},"modified":"2025-05-17T04:10:09","modified_gmt":"2025-05-17T04:10:09","slug":"printing-custom-twist-film","status":"publish","type":"product","link":"https:\/\/www.hyflexpack.com\/de\/product\/printing-custom-twist-film\/","title":{"rendered":"Druck anpassen Twist Film f\u00fcr S\u00fc\u00dfigkeiten Food Grade PET\/PVC Material Wrapper Twistable Film Gro\u00dfhandel"},"content":{"rendered":"<div class=\"wp-block-columns is-layout-flex wp-container-core-columns-is-layout-9d6595d7 wp-block-columns-is-layout-flex\">\n<div class=\"wp-block-column is-layout-flow wp-block-column-is-layout-flow\">\n<h3 class=\"wp-block-heading\">Merkmale der hochwertigen, kundenspezifischen Twist-Folie<\/h3>\n\n\n\n<ul class=\"wp-block-list\">\n<li><strong>Lebensmittelgeeignetes Material<\/strong>: Unsere kundenspezifische Twist-Folie verwendet hochwertiges PET\/PVC-Material, das sicher und ungiftig ist und den Lebensmittelstandards entspricht.<\/li>\n<\/ul>\n\n\n\n<p><\/p>\n\n\n\n<ul class=\"wp-block-list\">\n<li><strong>Guter Druckeffekt<\/strong>: Unterst\u00fctzt individuellen Druck, leuchtende Farben und klare Muster, die den Marktwert des Produkts steigern k\u00f6nnen.<\/li>\n<\/ul>\n\n\n\n<p><\/p>\n\n\n\n<ul class=\"wp-block-list\">\n<li><strong>Lange Lebensdauer<\/strong>: Es hat eine gute Rei\u00df- und Abriebfestigkeit, die daf\u00fcr sorgt, dass die Verpackung w\u00e4hrend des Transports und der Lagerung nicht bricht.<\/li>\n<\/ul>\n\n\n\n<p><\/p>\n\n\n\n<ul class=\"wp-block-list\">\n<li><strong>Leicht zu verdrehen<\/strong>: Das Material ist eine drehbare und flexible Folie, die f\u00fcr Lebensmittel- und S\u00fc\u00dfwarenverpackungen in verschiedenen Formen verwendet werden kann.<\/li>\n<\/ul>\n\n\n\n<p><\/p>\n\n\n\n<ul class=\"wp-block-list\">\n<li><strong>Umweltfreundlich und recycelbar<\/strong>Das Material ist umweltfreundlich und recycelbar und entspricht dem gr\u00fcnen Konzept des neuen Umweltschutzes.<\/li>\n<\/ul>\n<\/div>\n\n\n\n<div class=\"wp-block-column is-layout-flow wp-block-column-is-layout-flow\">\n<figure class=\"wp-block-image size-full\"><img fetchpriority=\"high\" decoding=\"async\" width=\"750\" height=\"750\" src=\"https:\/\/www.hyflexpack.com\/wp-content\/uploads\/2024\/07\/Printing-Custom-Twist-Film-1.webp\" alt=\"Drucken von kundenspezifischer Twist-Folie\" class=\"wp-image-4739\" srcset=\"https:\/\/www.hyflexpack.com\/wp-content\/uploads\/2024\/07\/Printing-Custom-Twist-Film-1.webp 750w, https:\/\/www.hyflexpack.com\/wp-content\/uploads\/2024\/07\/Printing-Custom-Twist-Film-1-300x300.webp 300w, https:\/\/www.hyflexpack.com\/wp-content\/uploads\/2024\/07\/Printing-Custom-Twist-Film-1-150x150.webp 150w, https:\/\/www.hyflexpack.com\/wp-content\/uploads\/2024\/07\/Printing-Custom-Twist-Film-1-12x12.webp 12w, https:\/\/www.hyflexpack.com\/wp-content\/uploads\/2024\/07\/Printing-Custom-Twist-Film-1-285x285.webp 285w, https:\/\/www.hyflexpack.com\/wp-content\/uploads\/2024\/07\/Printing-Custom-Twist-Film-1-270x270.webp 270w, https:\/\/www.hyflexpack.com\/wp-content\/uploads\/2024\/07\/Printing-Custom-Twist-Film-1-540x540.webp 540w, https:\/\/www.hyflexpack.com\/wp-content\/uploads\/2024\/07\/Printing-Custom-Twist-Film-1-660x660.webp 660w\" sizes=\"(max-width: 750px) 100vw, 750px\" \/><\/figure>\n<\/div>\n<\/div>","protected":false},"excerpt":{"rendered":"<p>Diese individuell bedruckte, lebensmittelechte Twist-Folie wurde f\u00fcr Produkte entwickelt, die eine Dreh- oder Rotationsversiegelung erfordern, wie z. B. Bonbonverpackungen. Sie zeichnet sich durch hervorragende Formbest\u00e4ndigkeit und einfache Handhabung aus und ist somit ideal f\u00fcr Twist-Verpackungen. Wir laden Sie ein, kostenlose Muster zu erhalten!<\/p>\n<h3>Vorteile von Twistfilm-Lieferanten<\/h3>\n<ul>\n<li><strong>Kundenspezifisches Design<\/strong>: Pers\u00f6nliche Designl\u00f6sungen entsprechend den Kundenbed\u00fcrfnissen, verschiedene Spezifikationen, Gr\u00f6\u00dfen und Drucke mit bis zu 10 Farben, und <strong>Unterst\u00fctzung von OEM und ODM<\/strong> Anpassungen.<\/li>\n<li><strong>Schnelle Lieferung<\/strong>: Dank effizienter Produktionskapazit\u00e4ten und eines Supply-Chain-Management-Systems k\u00f6nnen wir rechtzeitig auf Kundenbestellungen reagieren und die rechtzeitige Lieferung der Produkte sicherstellen.<\/li>\n<li><strong>Umfassende Unterst\u00fctzung<\/strong>: Ein professionelles technisches Team und ein Kundendienstteam bieten eine umfassende Beratung vor und nach dem Kauf, um den Kunden technische Unterst\u00fctzung und L\u00f6sungen zu bieten.<\/li>\n<li><strong>Kostenlose Probe<\/strong>: Wir bieten Ihnen einen kostenlosen Musterservice an, damit Sie die Produkte bewerten k\u00f6nnen.<\/li>\n<\/ul>\n<p><a href=\"https:\/\/www.hyflexpack.com\/de\/\"><strong>Huiyang Verpackung<\/strong><\/a> hat es sich zur Aufgabe gemacht, seine Kunden mit hochwertigen, ma\u00dfgeschneiderten Twistfolien zu versorgen, damit sie ihr Produktimage und ihre Wettbewerbsf\u00e4higkeit auf dem Markt verbessern k\u00f6nnen.<\/p>","protected":false},"featured_media":4740,"comment_status":"open","ping_status":"closed","template":"","meta":[],"product_brand":[],"product_cat":[53,89],"product_tag":[],"class_list":{"0":"post-4738","1":"product","2":"type-product","3":"status-publish","4":"has-post-thumbnail","6":"product_cat-packaging-film-supplier","7":"product_cat-custom-twist-film","9":"first","10":"instock","11":"shipping-taxable","12":"product-type-simple"},"_links":{"self":[{"href":"https:\/\/www.hyflexpack.com\/de\/wp-json\/wp\/v2\/product\/4738","targetHints":{"allow":["GET"]}}],"collection":[{"href":"https:\/\/www.hyflexpack.com\/de\/wp-json\/wp\/v2\/product"}],"about":[{"href":"https:\/\/www.hyflexpack.com\/de\/wp-json\/wp\/v2\/types\/product"}],"replies":[{"embeddable":true,"href":"https:\/\/www.hyflexpack.com\/de\/wp-json\/wp\/v2\/comments?post=4738"}],"wp:featuredmedia":[{"embeddable":true,"href":"https:\/\/www.hyflexpack.com\/de\/wp-json\/wp\/v2\/media\/4740"}],"wp:attachment":[{"href":"https:\/\/www.hyflexpack.com\/de\/wp-json\/wp\/v2\/media?parent=4738"}],"wp:term":[{"taxonomy":"product_brand","embeddable":true,"href":"https:\/\/www.hyflexpack.com\/de\/wp-json\/wp\/v2\/product_brand?post=4738"},{"taxonomy":"product_cat","embeddable":true,"href":"https:\/\/www.hyflexpack.com\/de\/wp-json\/wp\/v2\/product_cat?post=4738"},{"taxonomy":"product_tag","embeddable":true,"href":"https:\/\/www.hyflexpack.com\/de\/wp-json\/wp\/v2\/product_tag?post=4738"}],"curies":[{"name":"wp","href":"https:\/\/api.w.org\/{rel}","templated":true}]}}