{"id":4694,"date":"2024-07-04T07:49:12","date_gmt":"2024-07-04T07:49:12","guid":{"rendered":"https:\/\/www.hyflexpack.com\/?post_type=product&#038;p=4694"},"modified":"2025-11-04T09:11:51","modified_gmt":"2025-11-04T09:11:51","slug":"wholesale-dried-fruit-packaging","status":"publish","type":"product","link":"https:\/\/www.hyflexpack.com\/de\/product\/wholesale-dried-fruit-packaging\/","title":{"rendered":"Gro\u00dfhandel getrocknete Fr\u00fcchte Verpackung Cranberry Zipper Easy Tear Beutel Lebensmittelverpackungen S\u00e4cke"},"content":{"rendered":"<div class=\"wp-block-columns is-layout-flex wp-container-core-columns-is-layout-9d6595d7 wp-block-columns-is-layout-flex\">\n<div class=\"wp-block-column is-layout-flow wp-block-column-is-layout-flow\">\n<h3 class=\"wp-block-heading\">Merkmale von Verpackungen f\u00fcr Trockenfr\u00fcchte hoher Qualit\u00e4t<\/h3>\n\n\n\n<ul class=\"wp-block-list\">\n<li>Hochwertiges Material: Die bedruckte Trockenfruchtverpackung ist aus lebensmittelechtem Material hergestellt, um die Sicherheit und Frische der Trockenfr\u00fcchte zu gew\u00e4hrleisten.<\/li>\n<\/ul>\n\n\n\n<p><\/p>\n\n\n\n<ul class=\"wp-block-list\">\n<li>Praktisches Rei\u00dfverschluss-Design: ausgestattet mit feuchtigkeitsbest\u00e4ndigem Dichtungs-Rei\u00dfverschluss, einfach zu \u00f6ffnen und zu schlie\u00dfen wiederholt, um das Produkt frisch zu halten.<\/li>\n<\/ul>\n\n\n\n<p><\/p>\n\n\n\n<ul class=\"wp-block-list\">\n<li>Leicht aufrei\u00dfbares Design: Einzigartiges, leicht zu \u00f6ffnendes Design, einfach zu benutzen, keine Schere erforderlich.<\/li>\n<\/ul>\n\n\n\n<p><\/p>\n\n\n\n<ul class=\"wp-block-list\">\n<li>Feuchtigkeits- und Oxidationsbest\u00e4ndigkeit: Die mehrschichtige Struktur verhindert wirksam das Eindringen von Feuchtigkeit und Sauerstoff und verl\u00e4ngert so die Haltbarkeit der Trockenfr\u00fcchte.<\/li>\n<\/ul>\n\n\n\n<p><\/p>\n\n\n\n<ul class=\"wp-block-list\">\n<li>Umweltfreundlich: Das Material ist recycelbar und entspricht den Umweltnormen, wodurch die Umweltbelastung verringert wird.<\/li>\n<\/ul>\n<\/div>\n\n\n\n<div class=\"wp-block-column is-layout-flow wp-block-column-is-layout-flow\">\n<figure class=\"wp-block-image size-full\"><img fetchpriority=\"high\" decoding=\"async\" width=\"750\" height=\"750\" src=\"https:\/\/www.hyflexpack.com\/wp-content\/uploads\/2024\/07\/Wholesale-Dried-Fruit-Packaging-4.webp\" alt=\"Verpackungen f\u00fcr Trockenfr\u00fcchte im Gro\u00dfhandel\" class=\"wp-image-4702\" srcset=\"https:\/\/www.hyflexpack.com\/wp-content\/uploads\/2024\/07\/Wholesale-Dried-Fruit-Packaging-4.webp 750w, https:\/\/www.hyflexpack.com\/wp-content\/uploads\/2024\/07\/Wholesale-Dried-Fruit-Packaging-4-300x300.webp 300w, https:\/\/www.hyflexpack.com\/wp-content\/uploads\/2024\/07\/Wholesale-Dried-Fruit-Packaging-4-150x150.webp 150w, https:\/\/www.hyflexpack.com\/wp-content\/uploads\/2024\/07\/Wholesale-Dried-Fruit-Packaging-4-12x12.webp 12w, https:\/\/www.hyflexpack.com\/wp-content\/uploads\/2024\/07\/Wholesale-Dried-Fruit-Packaging-4-285x285.webp 285w, https:\/\/www.hyflexpack.com\/wp-content\/uploads\/2024\/07\/Wholesale-Dried-Fruit-Packaging-4-270x270.webp 270w, https:\/\/www.hyflexpack.com\/wp-content\/uploads\/2024\/07\/Wholesale-Dried-Fruit-Packaging-4-540x540.webp 540w, https:\/\/www.hyflexpack.com\/wp-content\/uploads\/2024\/07\/Wholesale-Dried-Fruit-Packaging-4-660x660.webp 660w\" sizes=\"(max-width: 750px) 100vw, 750px\" \/><\/figure>\n<\/div>\n<\/div>","protected":false},"excerpt":{"rendered":"<p>Mit bedruckten Verpackungsbeuteln f\u00fcr Trockenfr\u00fcchte heben wir uns von der Masse der gesunden Snacks ab. Wir bieten Barrierefolien und sogar Laminate, um Snacks vor Gefahren wie Geruchsd\u00e4mpfen, Feuchtigkeit und Licht zu sch\u00fctzen. Unser einzigartiges Design sorgt daf\u00fcr, dass Geschmack und Frische erhalten bleiben! Sie k\u00f6nnen sich jederzeit bei uns erkundigen.<\/p>\n<h3>Vorteile des Lieferanten von Trockenfruchtverpackungen<\/h3>\n<ul>\n<li><strong>Kundenspezifisches Design<\/strong>: Wir bieten personalisierte Designl\u00f6sungen, unterst\u00fctzen OEM\/ODM und k\u00f6nnen verschiedene Spezifikationen, Gr\u00f6\u00dfen, Druckmuster usw. anpassen.<\/li>\n<li><strong>Qualit\u00e4tssicherung<\/strong>: Wir kontrollieren den Produktionsprozess und verf\u00fcgen \u00fcber hochwertige Materialien und fortschrittliche Ausr\u00fcstung, um die Produktqualit\u00e4t zu gew\u00e4hrleisten.<\/li>\n<li><strong>P\u00fcnktliche Lieferung<\/strong>: Optimierung des Produktionsprozesses und Verbesserung der Produktionseffizienz, um eine p\u00fcnktliche Lieferung zu gew\u00e4hrleisten und den dringenden Bedarf der Kunden zu decken.<\/li>\n<li><strong>Professionelle technische Unterst\u00fctzung<\/strong>: Das erfahrene technische Team bietet professionelle technische Unterst\u00fctzung und einen 24-Stunden-Kundendienst.<\/li>\n<li><strong>Kostenlose Probe<\/strong>: Wir bieten Ihnen einen kostenlosen Musterservice, damit Sie die Produkte bewerten k\u00f6nnen.<\/li>\n<\/ul>\n<p>Huiyang Packaging ist bestrebt, seinen Kunden qualitativ hochwertige und ma\u00dfgeschneiderte Verpackungen f\u00fcr Trockenfr\u00fcchte anzubieten, um ihnen zu helfen, ihr Produktimage zu verbessern und ihre Wettbewerbsf\u00e4higkeit auf dem Markt zu steigern.<\/p>\n<p>&nbsp;<\/p>","protected":false},"featured_media":4708,"comment_status":"open","ping_status":"closed","template":"","meta":[],"product_brand":[],"product_cat":[51,87],"product_tag":[],"class_list":{"0":"post-4694","1":"product","2":"type-product","3":"status-publish","4":"has-post-thumbnail","6":"product_cat-custom-food-packaging-bags","7":"product_cat-dried-fruit-packaging-bags-wholesale","9":"first","10":"instock","11":"shipping-taxable","12":"product-type-simple"},"_links":{"self":[{"href":"https:\/\/www.hyflexpack.com\/de\/wp-json\/wp\/v2\/product\/4694","targetHints":{"allow":["GET"]}}],"collection":[{"href":"https:\/\/www.hyflexpack.com\/de\/wp-json\/wp\/v2\/product"}],"about":[{"href":"https:\/\/www.hyflexpack.com\/de\/wp-json\/wp\/v2\/types\/product"}],"replies":[{"embeddable":true,"href":"https:\/\/www.hyflexpack.com\/de\/wp-json\/wp\/v2\/comments?post=4694"}],"wp:featuredmedia":[{"embeddable":true,"href":"https:\/\/www.hyflexpack.com\/de\/wp-json\/wp\/v2\/media\/4708"}],"wp:attachment":[{"href":"https:\/\/www.hyflexpack.com\/de\/wp-json\/wp\/v2\/media?parent=4694"}],"wp:term":[{"taxonomy":"product_brand","embeddable":true,"href":"https:\/\/www.hyflexpack.com\/de\/wp-json\/wp\/v2\/product_brand?post=4694"},{"taxonomy":"product_cat","embeddable":true,"href":"https:\/\/www.hyflexpack.com\/de\/wp-json\/wp\/v2\/product_cat?post=4694"},{"taxonomy":"product_tag","embeddable":true,"href":"https:\/\/www.hyflexpack.com\/de\/wp-json\/wp\/v2\/product_tag?post=4694"}],"curies":[{"name":"wp","href":"https:\/\/api.w.org\/{rel}","templated":true}]}}