{"id":4666,"date":"2024-06-28T08:15:53","date_gmt":"2024-06-28T08:15:53","guid":{"rendered":"https:\/\/www.hyflexpack.com\/?post_type=product&#038;p=4666"},"modified":"2025-11-04T09:11:39","modified_gmt":"2025-11-04T09:11:39","slug":"frozen-fruit-packaging-custom-printed-berry-food-stand-up-pouches-resealable","status":"publish","type":"product","link":"https:\/\/www.hyflexpack.com\/de\/product\/frozen-fruit-packaging-custom-printed-berry-food-stand-up-pouches-resealable\/","title":{"rendered":"Verpackungen f\u00fcr gefrorenes Obst Individuell bedruckte Beeren-Lebensmittel Standbodenbeutel Wiederverschlie\u00dfbar"},"content":{"rendered":"<div class=\"wp-block-columns is-layout-flex wp-container-core-columns-is-layout-9d6595d7 wp-block-columns-is-layout-flex\">\n<div class=\"wp-block-column is-layout-flow wp-block-column-is-layout-flow\">\n<h3 class=\"wp-block-heading\">Merkmale einer hochwertigen Verpackung f\u00fcr gefrorenes Obst<\/h3>\n\n\n\n<ul class=\"wp-block-list\">\n<li>Individueller Druck: Hochwertiger, personalisierter Druck, um den Eindruck der Marke zu vertiefen und die Aufmerksamkeit der Verbraucher zu gewinnen.<\/li>\n\n\n\n<li>Verschlie\u00dfbares Design: Hochwertiges Rei\u00dfverschlussdesign, leicht zu \u00f6ffnen und mehrmals zu schlie\u00dfen, um die Frische und den Geschmack der gefrorenen Fr\u00fcchte zu gew\u00e4hrleisten.<\/li>\n\n\n\n<li>Selbsttragendes Design: Das selbsttragende Design am Boden macht den Beutel im Gefrierschrank und im Regal stabiler und verbessert die Pr\u00e4sentation des Produkts.<\/li>\n\n\n\n<li>Hohe Barriere: Die mehrschichtige Struktur bietet eine ausgezeichnete Feuchtigkeits-, Sauerstoff- und Lichtbest\u00e4ndigkeit, um die langfristige Konservierung von Tiefk\u00fchlfr\u00fcchten zu gew\u00e4hrleisten.<\/li>\n\n\n\n<li>K\u00e4ltebest\u00e4ndiges Material: Die Verpackungen f\u00fcr gefrorenes Obst bestehen aus k\u00e4ltebest\u00e4ndigem Material f\u00fcr Umgebungen mit niedrigen Temperaturen und verhindern, dass die Verpackung rei\u00dft oder sich verformt.<\/li>\n\n\n\n<li>Umweltfreundliches Material: Hergestellt aus wiederverwertbarem oder biologisch abbaubarem Material, das die Auswirkungen auf die Umwelt reduziert und dem modernen Konzept des Umweltschutzes entspricht.<\/li>\n<\/ul>\n<\/div>\n\n\n\n<div class=\"wp-block-column is-layout-flow wp-block-column-is-layout-flow\">\n<figure class=\"wp-block-image size-full\"><img fetchpriority=\"high\" decoding=\"async\" width=\"750\" height=\"750\" src=\"https:\/\/www.hyflexpack.com\/wp-content\/uploads\/2024\/06\/Frozen-Fruit-Packaging-Custom-6.webp\" alt=\"Verpackungen f\u00fcr gefrorenes Obst nach Ma\u00df\" class=\"wp-image-4671\" srcset=\"https:\/\/www.hyflexpack.com\/wp-content\/uploads\/2024\/06\/Frozen-Fruit-Packaging-Custom-6.webp 750w, https:\/\/www.hyflexpack.com\/wp-content\/uploads\/2024\/06\/Frozen-Fruit-Packaging-Custom-6-300x300.webp 300w, https:\/\/www.hyflexpack.com\/wp-content\/uploads\/2024\/06\/Frozen-Fruit-Packaging-Custom-6-150x150.webp 150w, https:\/\/www.hyflexpack.com\/wp-content\/uploads\/2024\/06\/Frozen-Fruit-Packaging-Custom-6-12x12.webp 12w, https:\/\/www.hyflexpack.com\/wp-content\/uploads\/2024\/06\/Frozen-Fruit-Packaging-Custom-6-285x285.webp 285w, https:\/\/www.hyflexpack.com\/wp-content\/uploads\/2024\/06\/Frozen-Fruit-Packaging-Custom-6-270x270.webp 270w, https:\/\/www.hyflexpack.com\/wp-content\/uploads\/2024\/06\/Frozen-Fruit-Packaging-Custom-6-540x540.webp 540w, https:\/\/www.hyflexpack.com\/wp-content\/uploads\/2024\/06\/Frozen-Fruit-Packaging-Custom-6-660x660.webp 660w\" sizes=\"(max-width: 750px) 100vw, 750px\" \/><\/figure>\n<\/div>\n<\/div>","protected":false},"excerpt":{"rendered":"<p>Entdecken Sie unsere Verpackungen f\u00fcr gefrorenes Obst, um Ihr Markenimage mit individuell bedruckten Standbodenbeuteln mit Rei\u00dfverschluss zu verbessern und eine optimale Konservierung Ihrer Beerenfr\u00fcchte zu gew\u00e4hrleisten. Fragen Sie uns nach kostenlosen Designs und Mustern!<\/p>\n<h3>Vorteile des Lieferanten von Tiefk\u00fchlfruchtverpackungen<\/h3>\n<ul>\n<li><strong>Kundenspezifisches Design<\/strong>: Wir bieten personalisierte Designl\u00f6sungen, unterst\u00fctzen OEM\/ODM und k\u00f6nnen verschiedene Spezifikationen, Gr\u00f6\u00dfen, Druckmuster usw. anpassen.<\/li>\n<li><strong>Qualit\u00e4tssicherung<\/strong>: Wir kontrollieren den Produktionsprozess und verf\u00fcgen \u00fcber hochwertige Materialien und fortschrittliche Ausr\u00fcstung, um die Produktqualit\u00e4t zu gew\u00e4hrleisten.<\/li>\n<li><strong>P\u00fcnktliche Lieferung<\/strong>: Optimierung des Produktionsprozesses und Verbesserung der Produktionseffizienz, um eine p\u00fcnktliche Lieferung zu gew\u00e4hrleisten und den dringenden Bedarf der Kunden zu decken.<\/li>\n<li><strong>Professionelle technische Unterst\u00fctzung<\/strong>: Das erfahrene technische Team bietet professionelle technische Unterst\u00fctzung und einen 24-Stunden-Kundendienst.<\/li>\n<li><strong>Kostenlose Probe<\/strong>: Wir bieten Ihnen einen kostenlosen Musterservice, damit Sie die Produkte bewerten k\u00f6nnen.<\/li>\n<\/ul>\n<p>Huiyang Packaging hat es sich zur Aufgabe gemacht, seinen Kunden qualitativ hochwertige und ma\u00dfgeschneiderte Verpackungen f\u00fcr Tiefk\u00fchlfr\u00fcchte zu liefern, um ihnen zu helfen, ihr Produktimage zu verbessern und ihre Wettbewerbsf\u00e4higkeit auf dem Markt zu steigern.<\/p>","protected":false},"featured_media":4668,"comment_status":"open","ping_status":"closed","template":"","meta":[],"product_brand":[],"product_cat":[51,87],"product_tag":[],"class_list":{"0":"post-4666","1":"product","2":"type-product","3":"status-publish","4":"has-post-thumbnail","6":"product_cat-custom-food-packaging-bags","7":"product_cat-dried-fruit-packaging-bags-wholesale","9":"first","10":"instock","11":"shipping-taxable","12":"product-type-simple"},"_links":{"self":[{"href":"https:\/\/www.hyflexpack.com\/de\/wp-json\/wp\/v2\/product\/4666","targetHints":{"allow":["GET"]}}],"collection":[{"href":"https:\/\/www.hyflexpack.com\/de\/wp-json\/wp\/v2\/product"}],"about":[{"href":"https:\/\/www.hyflexpack.com\/de\/wp-json\/wp\/v2\/types\/product"}],"replies":[{"embeddable":true,"href":"https:\/\/www.hyflexpack.com\/de\/wp-json\/wp\/v2\/comments?post=4666"}],"wp:featuredmedia":[{"embeddable":true,"href":"https:\/\/www.hyflexpack.com\/de\/wp-json\/wp\/v2\/media\/4668"}],"wp:attachment":[{"href":"https:\/\/www.hyflexpack.com\/de\/wp-json\/wp\/v2\/media?parent=4666"}],"wp:term":[{"taxonomy":"product_brand","embeddable":true,"href":"https:\/\/www.hyflexpack.com\/de\/wp-json\/wp\/v2\/product_brand?post=4666"},{"taxonomy":"product_cat","embeddable":true,"href":"https:\/\/www.hyflexpack.com\/de\/wp-json\/wp\/v2\/product_cat?post=4666"},{"taxonomy":"product_tag","embeddable":true,"href":"https:\/\/www.hyflexpack.com\/de\/wp-json\/wp\/v2\/product_tag?post=4666"}],"curies":[{"name":"wp","href":"https:\/\/api.w.org\/{rel}","templated":true}]}}