{"id":4660,"date":"2024-06-28T07:18:39","date_gmt":"2024-06-28T07:18:39","guid":{"rendered":"https:\/\/www.hyflexpack.com\/?post_type=product&#038;p=4660"},"modified":"2024-06-28T07:18:40","modified_gmt":"2024-06-28T07:18:40","slug":"custom-stand-up-pouch-packaging","status":"publish","type":"product","link":"https:\/\/www.hyflexpack.com\/de\/product\/custom-stand-up-pouch-packaging\/","title":{"rendered":"Benutzerdefinierte Stand Up Pouch Verpackung Getrocknete Cranberries Snack Verpackung Biologisch abbaubare Zipper Bags"},"content":{"rendered":"<div class=\"wp-block-columns is-layout-flex wp-container-core-columns-is-layout-9d6595d7 wp-block-columns-is-layout-flex\">\n<div class=\"wp-block-column is-layout-flow wp-block-column-is-layout-flow\">\n<h3 class=\"wp-block-heading\">Merkmale von hochwertigen Standbodenbeutelverpackungen<\/h3>\n\n\n\n<ul class=\"wp-block-list\">\n<li>Biologisch abbaubar: Die Stand Up Pouch-Verpackungen werden aus umweltfreundlichen Materialien hergestellt. Diese Zip-Lock-Beutel sind biologisch abbaubar und reduzieren die Auswirkungen auf die Umwelt.<\/li>\n<\/ul>\n\n\n\n<p><\/p>\n\n\n\n<ul class=\"wp-block-list\">\n<li>Wiederverschlie\u00dfbares Design: Hochwertiges Rei\u00dfverschluss-Design macht es einfach zu \u00f6ffnen und zu schlie\u00dfen mehrere Male, um Snacks frisch und lecker zu halten.<\/li>\n<\/ul>\n\n\n\n<p><\/p>\n\n\n\n<ul class=\"wp-block-list\">\n<li>Selbsttragendes Design: Das selbsttragende Design des Bodens macht die Taschen beim Ausstellen stabiler und verbessert die Produktpr\u00e4sentation.<\/li>\n<\/ul>\n\n\n\n<p><\/p>\n\n\n\n<ul class=\"wp-block-list\">\n<li>Hohe Barriere: Die mehrschichtige Struktur bietet eine hervorragende Feuchtigkeits-, Sauerstoff- und Lichtbest\u00e4ndigkeit und gew\u00e4hrleistet die langfristige Konservierung der getrockneten Cranberries.<\/li>\n<\/ul>\n\n\n\n<p><\/p>\n\n\n\n<ul class=\"wp-block-list\">\n<li>Individueller Druck: Unterst\u00fctzt den personalisierten Markendruck, um den Wiedererkennungswert der Marke zu erh\u00f6hen und die Aufmerksamkeit der Verbraucher zu gewinnen.<\/li>\n<\/ul>\n<\/div>\n\n\n\n<div class=\"wp-block-column is-layout-flow wp-block-column-is-layout-flow\">\n<figure class=\"wp-block-image size-full\"><img fetchpriority=\"high\" decoding=\"async\" width=\"750\" height=\"750\" src=\"https:\/\/www.hyflexpack.com\/wp-content\/uploads\/2024\/06\/Custom-Stand-Up-Pouch-Packaging-5.webp\" alt=\"Individuelle Standbodenbeutel-Verpackungen\" class=\"wp-image-4665\" srcset=\"https:\/\/www.hyflexpack.com\/wp-content\/uploads\/2024\/06\/Custom-Stand-Up-Pouch-Packaging-5.webp 750w, https:\/\/www.hyflexpack.com\/wp-content\/uploads\/2024\/06\/Custom-Stand-Up-Pouch-Packaging-5-300x300.webp 300w, https:\/\/www.hyflexpack.com\/wp-content\/uploads\/2024\/06\/Custom-Stand-Up-Pouch-Packaging-5-150x150.webp 150w, https:\/\/www.hyflexpack.com\/wp-content\/uploads\/2024\/06\/Custom-Stand-Up-Pouch-Packaging-5-12x12.webp 12w, https:\/\/www.hyflexpack.com\/wp-content\/uploads\/2024\/06\/Custom-Stand-Up-Pouch-Packaging-5-285x285.webp 285w, https:\/\/www.hyflexpack.com\/wp-content\/uploads\/2024\/06\/Custom-Stand-Up-Pouch-Packaging-5-270x270.webp 270w, https:\/\/www.hyflexpack.com\/wp-content\/uploads\/2024\/06\/Custom-Stand-Up-Pouch-Packaging-5-540x540.webp 540w, https:\/\/www.hyflexpack.com\/wp-content\/uploads\/2024\/06\/Custom-Stand-Up-Pouch-Packaging-5-660x660.webp 660w\" sizes=\"(max-width: 750px) 100vw, 750px\" \/><\/figure>\n<\/div>\n<\/div>","protected":false},"excerpt":{"rendered":"<p>Finden Sie heraus, wie Standbodenbeutelverpackungen f\u00fcr getrocknete Cranberry-Snacks umweltfreundlicher und attraktiver sein k\u00f6nnen. Locken Sie mit personalisiertem Druck und wiederverschlie\u00dfbaren Designs mehr Verbraucher zu Ihren gesunden Snackprodukten.<\/p>\n<h3>Vorteile des Lieferanten von Standbodenbeutelverpackungen<\/h3>\n<ul>\n<li><strong>Kundenspezifisches Design<\/strong>: Wir bieten personalisierte Designl\u00f6sungen, unterst\u00fctzen OEM\/ODM und k\u00f6nnen verschiedene Spezifikationen, Gr\u00f6\u00dfen, Druckmuster usw. anpassen.<\/li>\n<li><strong>Qualit\u00e4tssicherung<\/strong>: Wir kontrollieren den Produktionsprozess und verf\u00fcgen \u00fcber hochwertige Materialien und fortschrittliche Ausr\u00fcstung, um die Produktqualit\u00e4t zu gew\u00e4hrleisten.<\/li>\n<li><strong>P\u00fcnktliche Lieferung<\/strong>: Optimierung des Produktionsprozesses und Verbesserung der Produktionseffizienz, um eine p\u00fcnktliche Lieferung zu gew\u00e4hrleisten und den dringenden Bedarf der Kunden zu decken.<\/li>\n<li><strong>Professionelle technische Unterst\u00fctzung<\/strong>: Das erfahrene technische Team bietet professionelle technische Unterst\u00fctzung und einen 24-Stunden-Kundendienst.<\/li>\n<li><strong>Kostenlose Probe<\/strong>: Wir bieten Ihnen einen kostenlosen Musterservice, damit Sie die Produkte bewerten k\u00f6nnen.<\/li>\n<\/ul>\n<p>Huiyang Packaging hat es sich zur Aufgabe gemacht, seinen Kunden qualitativ hochwertige und ma\u00dfgeschneiderte Standbodenbeutelverpackungen zu liefern, um ihnen zu helfen, ihr Produktimage zu verbessern und ihre Wettbewerbsf\u00e4higkeit auf dem Markt zu steigern.<\/p>","protected":false},"featured_media":4661,"comment_status":"open","ping_status":"closed","template":"","meta":[],"product_brand":[],"product_cat":[51],"product_tag":[],"class_list":{"0":"post-4660","1":"product","2":"type-product","3":"status-publish","4":"has-post-thumbnail","6":"product_cat-custom-food-packaging-bags","8":"first","9":"instock","10":"shipping-taxable","11":"product-type-simple"},"_links":{"self":[{"href":"https:\/\/www.hyflexpack.com\/de\/wp-json\/wp\/v2\/product\/4660","targetHints":{"allow":["GET"]}}],"collection":[{"href":"https:\/\/www.hyflexpack.com\/de\/wp-json\/wp\/v2\/product"}],"about":[{"href":"https:\/\/www.hyflexpack.com\/de\/wp-json\/wp\/v2\/types\/product"}],"replies":[{"embeddable":true,"href":"https:\/\/www.hyflexpack.com\/de\/wp-json\/wp\/v2\/comments?post=4660"}],"wp:featuredmedia":[{"embeddable":true,"href":"https:\/\/www.hyflexpack.com\/de\/wp-json\/wp\/v2\/media\/4661"}],"wp:attachment":[{"href":"https:\/\/www.hyflexpack.com\/de\/wp-json\/wp\/v2\/media?parent=4660"}],"wp:term":[{"taxonomy":"product_brand","embeddable":true,"href":"https:\/\/www.hyflexpack.com\/de\/wp-json\/wp\/v2\/product_brand?post=4660"},{"taxonomy":"product_cat","embeddable":true,"href":"https:\/\/www.hyflexpack.com\/de\/wp-json\/wp\/v2\/product_cat?post=4660"},{"taxonomy":"product_tag","embeddable":true,"href":"https:\/\/www.hyflexpack.com\/de\/wp-json\/wp\/v2\/product_tag?post=4660"}],"curies":[{"name":"wp","href":"https:\/\/api.w.org\/{rel}","templated":true}]}}