{"id":4653,"date":"2024-06-28T04:06:46","date_gmt":"2024-06-28T04:06:46","guid":{"rendered":"https:\/\/www.hyflexpack.com\/?post_type=product&#038;p=4653"},"modified":"2025-11-04T09:10:11","modified_gmt":"2025-11-04T09:10:11","slug":"custom-printed-healthy-snack-packages","status":"publish","type":"product","link":"https:\/\/www.hyflexpack.com\/de\/product\/custom-printed-healthy-snack-packages\/","title":{"rendered":"Individuell bedruckte gesunde Snack-Verpackungen Wiederverschlie\u00dfbare Aluminiumfolie f\u00fcr Pflaumen und andere Trockenobst-Lebensmittelverpackungen"},"content":{"rendered":"<div class=\"wp-block-columns is-layout-flex wp-container-core-columns-is-layout-9d6595d7 wp-block-columns-is-layout-flex\">\n<div class=\"wp-block-column is-layout-flow wp-block-column-is-layout-flow\">\n<h3 class=\"wp-block-heading\">Merkmale hochwertiger gesunder Snack-Verpackungen<\/h3>\n\n\n\n<ul class=\"wp-block-list\">\n<li>Umweltfreundliches Material: Die Verpackungen f\u00fcr gesunde Snacks bestehen aus recycelbarer Aluminiumfolie, die sowohl umweltfreundlich als auch sicher ist und den modernen Umweltanforderungen entspricht.<\/li>\n<\/ul>\n\n\n\n<p><\/p>\n\n\n\n<ul class=\"wp-block-list\">\n<li>Wiederverschlie\u00dfbares Design: Ausgestattet mit einem wiederverschlie\u00dfbaren Design, um die Frische und den Geschmack der Snacks f\u00fcr mehrere Portionen zu gew\u00e4hrleisten.<\/li>\n<\/ul>\n\n\n\n<p><\/p>\n\n\n\n<ul class=\"wp-block-list\">\n<li>Hohe Barriereeigenschaften: Das Aluminiumfolienmaterial verf\u00fcgt \u00fcber eine ausgezeichnete Feuchtigkeits-, Sauerstoff- und Lichtbest\u00e4ndigkeit, wodurch die Haltbarkeit von Trockenfr\u00fcchten verl\u00e4ngert wird.<\/li>\n<\/ul>\n\n\n\n<p><\/p>\n\n\n\n<ul class=\"wp-block-list\">\n<li>Vielseitigkeit: geeignet f\u00fcr Pflaumen und andere Trockenfr\u00fcchte, erf\u00fcllt die Verpackungsanforderungen f\u00fcr verschiedene Produkte.<\/li>\n<\/ul>\n\n\n\n<p><\/p>\n\n\n\n<ul class=\"wp-block-list\">\n<li>Praktisch: leicht und einfach zu tragen, geeignet f\u00fcr Arbeit, Reisen und Outdoor-Aktivit\u00e4ten, bequem f\u00fcr die Verbraucher, um gesunde Snacks jederzeit zu genie\u00dfen.<\/li>\n<\/ul>\n<\/div>\n\n\n\n<div class=\"wp-block-column is-layout-flow wp-block-column-is-layout-flow\">\n<figure class=\"wp-block-image size-full\"><img fetchpriority=\"high\" decoding=\"async\" width=\"750\" height=\"750\" src=\"https:\/\/www.hyflexpack.com\/wp-content\/uploads\/2024\/06\/Custom-printed-healthy-snack-packages-2.webp\" alt=\"Individuell bedruckte Verpackungen f\u00fcr gesunde Snacks\" class=\"wp-image-4655\" srcset=\"https:\/\/www.hyflexpack.com\/wp-content\/uploads\/2024\/06\/Custom-printed-healthy-snack-packages-2.webp 750w, https:\/\/www.hyflexpack.com\/wp-content\/uploads\/2024\/06\/Custom-printed-healthy-snack-packages-2-300x300.webp 300w, https:\/\/www.hyflexpack.com\/wp-content\/uploads\/2024\/06\/Custom-printed-healthy-snack-packages-2-150x150.webp 150w, https:\/\/www.hyflexpack.com\/wp-content\/uploads\/2024\/06\/Custom-printed-healthy-snack-packages-2-12x12.webp 12w, https:\/\/www.hyflexpack.com\/wp-content\/uploads\/2024\/06\/Custom-printed-healthy-snack-packages-2-285x285.webp 285w, https:\/\/www.hyflexpack.com\/wp-content\/uploads\/2024\/06\/Custom-printed-healthy-snack-packages-2-270x270.webp 270w, https:\/\/www.hyflexpack.com\/wp-content\/uploads\/2024\/06\/Custom-printed-healthy-snack-packages-2-540x540.webp 540w, https:\/\/www.hyflexpack.com\/wp-content\/uploads\/2024\/06\/Custom-printed-healthy-snack-packages-2-660x660.webp 660w\" sizes=\"(max-width: 750px) 100vw, 750px\" \/><\/figure>\n<\/div>\n<\/div>\n\n\n\n<p><\/p>","protected":false},"excerpt":{"rendered":"<p>Verbessern Sie Ihr Markenimage von gesunden Snack-Verpackungen und gew\u00e4hrleisten Sie die Frische und K\u00f6stlichkeit von Pflaumen und anderen Trockenfr\u00fcchten. Es ist die beste Wahl f\u00fcr Sie, um gesunde Snacks zu pr\u00e4sentieren und zu verkaufen.<\/p>\n<h3>Vorteile von Lieferanten gesunder Snackpakete<\/h3>\n<div class=\"elementor-element elementor-element-665ef9f elementor-widget elementor-widget-text-editor\" data-id=\"665ef9f\" data-element_type=\"widget\" data-widget_type=\"text-editor.default\">\n<div class=\"elementor-widget-container\">\n<ul>\n<li><strong>Kundenspezifisches Design<\/strong>: Wir bieten personalisierte Designl\u00f6sungen, unterst\u00fctzen OEM\/ODM und k\u00f6nnen verschiedene Spezifikationen, Gr\u00f6\u00dfen, Druckmuster usw. anpassen.<\/li>\n<li><strong>Qualit\u00e4tssicherung<\/strong>: Wir kontrollieren den Produktionsprozess und verf\u00fcgen \u00fcber hochwertige Materialien und fortschrittliche Ausr\u00fcstung, um die Produktqualit\u00e4t zu gew\u00e4hrleisten.<\/li>\n<li><strong>P\u00fcnktliche Lieferung<\/strong>: Optimierung des Produktionsprozesses und Verbesserung der Produktionseffizienz, um eine p\u00fcnktliche Lieferung zu gew\u00e4hrleisten und den dringenden Bedarf der Kunden zu decken.<\/li>\n<li><strong>Professionelle technische Unterst\u00fctzung<\/strong>: Das erfahrene technische Team bietet professionelle technische Unterst\u00fctzung und einen 24-Stunden-Kundendienst.<\/li>\n<li><strong>Kostenlose Probe<\/strong>: Wir bieten Ihnen einen kostenlosen Musterservice, damit Sie die Produkte bewerten k\u00f6nnen.<\/li>\n<\/ul>\n<p>Huiyang Packaging hat es sich zur Aufgabe gemacht, seinen Kunden qualitativ hochwertige und ma\u00dfgeschneiderte Verpackungen f\u00fcr gesunde Snacks zu liefern, um ihnen zu helfen, ihr Produktimage zu verbessern und ihre Wettbewerbsf\u00e4higkeit auf dem Markt zu steigern.<\/p><\/div>\n<\/div>","protected":false},"featured_media":4654,"comment_status":"open","ping_status":"closed","template":"","meta":[],"product_brand":[],"product_cat":[51,87],"product_tag":[],"class_list":{"0":"post-4653","1":"product","2":"type-product","3":"status-publish","4":"has-post-thumbnail","6":"product_cat-custom-food-packaging-bags","7":"product_cat-dried-fruit-packaging-bags-wholesale","9":"first","10":"instock","11":"shipping-taxable","12":"product-type-simple"},"_links":{"self":[{"href":"https:\/\/www.hyflexpack.com\/de\/wp-json\/wp\/v2\/product\/4653","targetHints":{"allow":["GET"]}}],"collection":[{"href":"https:\/\/www.hyflexpack.com\/de\/wp-json\/wp\/v2\/product"}],"about":[{"href":"https:\/\/www.hyflexpack.com\/de\/wp-json\/wp\/v2\/types\/product"}],"replies":[{"embeddable":true,"href":"https:\/\/www.hyflexpack.com\/de\/wp-json\/wp\/v2\/comments?post=4653"}],"wp:featuredmedia":[{"embeddable":true,"href":"https:\/\/www.hyflexpack.com\/de\/wp-json\/wp\/v2\/media\/4654"}],"wp:attachment":[{"href":"https:\/\/www.hyflexpack.com\/de\/wp-json\/wp\/v2\/media?parent=4653"}],"wp:term":[{"taxonomy":"product_brand","embeddable":true,"href":"https:\/\/www.hyflexpack.com\/de\/wp-json\/wp\/v2\/product_brand?post=4653"},{"taxonomy":"product_cat","embeddable":true,"href":"https:\/\/www.hyflexpack.com\/de\/wp-json\/wp\/v2\/product_cat?post=4653"},{"taxonomy":"product_tag","embeddable":true,"href":"https:\/\/www.hyflexpack.com\/de\/wp-json\/wp\/v2\/product_tag?post=4653"}],"curies":[{"name":"wp","href":"https:\/\/api.w.org\/{rel}","templated":true}]}}