{"id":4647,"date":"2024-06-28T02:00:27","date_gmt":"2024-06-28T02:00:27","guid":{"rendered":"https:\/\/www.hyflexpack.com\/?post_type=product&#038;p=4647"},"modified":"2025-11-04T09:10:23","modified_gmt":"2025-11-04T09:10:23","slug":"china-supply-dried-fruit-packaging-bags","status":"publish","type":"product","link":"https:\/\/www.hyflexpack.com\/de\/product\/china-supply-dried-fruit-packaging-bags\/","title":{"rendered":"China Versorgung getrocknete Fr\u00fcchte Verpackung Taschen Laminieren Beutel Recycelbar Zipper Stand-up-Beutel"},"content":{"rendered":"<div class=\"wp-block-columns is-layout-flex wp-container-core-columns-is-layout-9d6595d7 wp-block-columns-is-layout-flex\">\n<div class=\"wp-block-column is-layout-flow wp-block-column-is-layout-flow\">\n<h3 class=\"wp-block-heading\">Merkmale der Verpackungsbeutel f\u00fcr Trockenfr\u00fcchte hoher Qualit\u00e4t<\/h3>\n\n\n\n<ul class=\"wp-block-list\">\n<li>Umweltfreundlich und recycelbar: Diese Trockenfruchtverpackungen werden aus recycelbaren Materialien hergestellt, die den Umweltstandards entsprechen und dazu beitragen, die Auswirkungen auf die Umwelt zu verringern.<\/li>\n\n\n\n<li>Starke Versiegelungsleistung: mit einem Rei\u00dfverschluss ausgestattet, um die Frische der Lebensmittel im Inneren des Beutels zu gew\u00e4hrleisten und Feuchtigkeit und Kontamination zu verhindern.<\/li>\n\n\n\n<li>Selbsttragendes Design: Das selbsttragende Design des Bodens macht die Tasche stabiler, wenn sie ausgestellt wird, sie l\u00e4sst sich leicht ausstellen und aufbewahren und verbessert den visuellen Effekt des Produkts.<\/li>\n\n\n\n<li>Mehrschichtiges Verbundmaterial: Durch die Verwendung von mehrschichtigem Verbundmaterial verf\u00fcgt es \u00fcber hervorragende feuchtigkeits-, sauerstoff- und UV-best\u00e4ndige Eigenschaften, die die langfristige Haltbarkeit der Produkte gew\u00e4hrleisten.<\/li>\n\n\n\n<li>Transparentes Fenster: Einige Modelle sind mit transparenten Fenstern ausgestattet, durch die die Verbraucher die Produkte im Inneren der Tasche sehen k\u00f6nnen, was die Kauflust erh\u00f6ht.<\/li>\n\n\n\n<li>Vielf\u00e4ltige Anpassungen: Ma\u00dfgeschneiderter Service mit verschiedenen Gr\u00f6\u00dfen, Mustern und Farben kann je nach Kundenwunsch angeboten werden, um die individuellen Anforderungen verschiedener Marken zu erf\u00fcllen.<\/li>\n<\/ul>\n<\/div>\n\n\n\n<div class=\"wp-block-column is-layout-flow wp-block-column-is-layout-flow\">\n<figure class=\"wp-block-image size-full\"><img fetchpriority=\"high\" decoding=\"async\" width=\"750\" height=\"750\" src=\"https:\/\/www.hyflexpack.com\/wp-content\/uploads\/2024\/06\/China-Supply-Dried-Fruit-Packaging-Bags-2.webp\" alt=\"China Versorgung getrocknete Fr\u00fcchte Verpackungstaschen\" class=\"wp-image-4649\" srcset=\"https:\/\/www.hyflexpack.com\/wp-content\/uploads\/2024\/06\/China-Supply-Dried-Fruit-Packaging-Bags-2.webp 750w, https:\/\/www.hyflexpack.com\/wp-content\/uploads\/2024\/06\/China-Supply-Dried-Fruit-Packaging-Bags-2-300x300.webp 300w, https:\/\/www.hyflexpack.com\/wp-content\/uploads\/2024\/06\/China-Supply-Dried-Fruit-Packaging-Bags-2-150x150.webp 150w, https:\/\/www.hyflexpack.com\/wp-content\/uploads\/2024\/06\/China-Supply-Dried-Fruit-Packaging-Bags-2-12x12.webp 12w, https:\/\/www.hyflexpack.com\/wp-content\/uploads\/2024\/06\/China-Supply-Dried-Fruit-Packaging-Bags-2-285x285.webp 285w, https:\/\/www.hyflexpack.com\/wp-content\/uploads\/2024\/06\/China-Supply-Dried-Fruit-Packaging-Bags-2-270x270.webp 270w, https:\/\/www.hyflexpack.com\/wp-content\/uploads\/2024\/06\/China-Supply-Dried-Fruit-Packaging-Bags-2-540x540.webp 540w, https:\/\/www.hyflexpack.com\/wp-content\/uploads\/2024\/06\/China-Supply-Dried-Fruit-Packaging-Bags-2-660x660.webp 660w\" sizes=\"(max-width: 750px) 100vw, 750px\" \/><\/figure>\n<\/div>\n<\/div>","protected":false},"excerpt":{"rendered":"<p>Bieten Sie die beste Verpackungsl\u00f6sung f\u00fcr Trockenfr\u00fcchte f\u00fcr Ihre Trockenfr\u00fcchte an. Wir helfen Ihnen, den Einfluss der Marke auf Ihre Produkte zu erh\u00f6hen. Ob f\u00fcr die Auslage oder die Lagerung, unsere Beutel sind Ihre beste Wahl.<\/p>\n<h3>Vorteile von Trockenfrucht-Verpackungst\u00fcten Lieferanten<\/h3>\n<ul>\n<li><strong>Kundenspezifisches Design<\/strong>: Wir bieten personalisierte Designl\u00f6sungen, unterst\u00fctzen OEM\/ODM und k\u00f6nnen verschiedene Spezifikationen, Gr\u00f6\u00dfen, Druckmuster usw. anpassen.<\/li>\n<li><strong>Qualit\u00e4tssicherung<\/strong>: Wir kontrollieren den Produktionsprozess und verf\u00fcgen \u00fcber hochwertige Materialien und fortschrittliche Ausr\u00fcstung, um die Produktqualit\u00e4t zu gew\u00e4hrleisten.<\/li>\n<li><strong>P\u00fcnktliche Lieferung<\/strong>: Optimierung des Produktionsprozesses und Verbesserung der Produktionseffizienz, um eine p\u00fcnktliche Lieferung zu gew\u00e4hrleisten und den dringenden Bedarf der Kunden zu decken.<\/li>\n<li><strong>Professionelle technische Unterst\u00fctzung<\/strong>: Das erfahrene technische Team bietet professionelle technische Unterst\u00fctzung und einen 24-Stunden-Kundendienst.<\/li>\n<li><strong>Kostenlose Probe<\/strong>: Wir bieten Ihnen einen kostenlosen Musterservice, damit Sie die Produkte bewerten k\u00f6nnen.<\/li>\n<\/ul>\n<p>Huiyang Packaging ist bestrebt, seinen Kunden qualitativ hochwertige und ma\u00dfgeschneiderte Verpackungsbeutel f\u00fcr Trockenfr\u00fcchte zu liefern, um ihnen zu helfen, ihr Produktimage zu verbessern und ihre Wettbewerbsf\u00e4higkeit auf dem Markt zu steigern.<\/p>","protected":false},"featured_media":4648,"comment_status":"open","ping_status":"closed","template":"","meta":[],"product_brand":[],"product_cat":[51,87],"product_tag":[],"class_list":{"0":"post-4647","1":"product","2":"type-product","3":"status-publish","4":"has-post-thumbnail","6":"product_cat-custom-food-packaging-bags","7":"product_cat-dried-fruit-packaging-bags-wholesale","9":"first","10":"instock","11":"shipping-taxable","12":"product-type-simple"},"_links":{"self":[{"href":"https:\/\/www.hyflexpack.com\/de\/wp-json\/wp\/v2\/product\/4647","targetHints":{"allow":["GET"]}}],"collection":[{"href":"https:\/\/www.hyflexpack.com\/de\/wp-json\/wp\/v2\/product"}],"about":[{"href":"https:\/\/www.hyflexpack.com\/de\/wp-json\/wp\/v2\/types\/product"}],"replies":[{"embeddable":true,"href":"https:\/\/www.hyflexpack.com\/de\/wp-json\/wp\/v2\/comments?post=4647"}],"wp:featuredmedia":[{"embeddable":true,"href":"https:\/\/www.hyflexpack.com\/de\/wp-json\/wp\/v2\/media\/4648"}],"wp:attachment":[{"href":"https:\/\/www.hyflexpack.com\/de\/wp-json\/wp\/v2\/media?parent=4647"}],"wp:term":[{"taxonomy":"product_brand","embeddable":true,"href":"https:\/\/www.hyflexpack.com\/de\/wp-json\/wp\/v2\/product_brand?post=4647"},{"taxonomy":"product_cat","embeddable":true,"href":"https:\/\/www.hyflexpack.com\/de\/wp-json\/wp\/v2\/product_cat?post=4647"},{"taxonomy":"product_tag","embeddable":true,"href":"https:\/\/www.hyflexpack.com\/de\/wp-json\/wp\/v2\/product_tag?post=4647"}],"curies":[{"name":"wp","href":"https:\/\/api.w.org\/{rel}","templated":true}]}}