{"id":4609,"date":"2024-06-22T07:00:07","date_gmt":"2024-06-22T07:00:07","guid":{"rendered":"https:\/\/www.hyflexpack.com\/?post_type=product&#038;p=4609"},"modified":"2024-06-22T07:00:09","modified_gmt":"2024-06-22T07:00:09","slug":"factory-price-liquid-pouch","status":"publish","type":"product","link":"https:\/\/www.hyflexpack.com\/de\/product\/factory-price-liquid-pouch\/","title":{"rendered":"Fabrikpreis Fl\u00fcssigkeitsbeutel 1L Ausgie\u00dfer Waschmittelverpackung Druck Standbodenbeutel"},"content":{"rendered":"<div class=\"wp-block-columns is-layout-flex wp-container-core-columns-is-layout-9d6595d7 wp-block-columns-is-layout-flex\">\n<div class=\"wp-block-column is-layout-flow wp-block-column-is-layout-flow\">\n<h2 class=\"wp-block-heading\">Merkmale von High Quality Liquid Pouch<\/h2>\n\n\n\n<p><\/p>\n\n\n\n<ul class=\"wp-block-list\">\n<li>1L Fassungsverm\u00f6gen: Gro\u00dfes Fassungsverm\u00f6gen, geeignet f\u00fcr die Aufbewahrung von 1 Liter Fl\u00fcssigwaschmittel, bietet Komfort und Nutzen f\u00fcr den Verbraucher.<\/li>\n<\/ul>\n\n\n\n<p><\/p>\n\n\n\n<ul class=\"wp-block-list\">\n<li>Drucken: Es gibt anpassbare Druckoptionen f\u00fcr Marken, Produktinformationen und attraktive Designs, die die Attraktivit\u00e4t der Regale erh\u00f6hen.<\/li>\n<\/ul>\n\n\n\n<p><\/p>\n\n\n\n<ul class=\"wp-block-list\">\n<li>Ausgie\u00dfer-Design: Der praktische Ausgie\u00dfer erm\u00f6glicht ein einfaches Ausgie\u00dfen und pr\u00e4zises Dosieren, wodurch das Versch\u00fctten von Fl\u00fcssigkeiten minimiert und die Benutzerfreundlichkeit gew\u00e4hrleistet wird.<\/li>\n<\/ul>\n\n\n\n<p><\/p>\n\n\n\n<ul class=\"wp-block-list\">\n<li>Stehende Verpackung: Dank des innovativen Stand-up-Designs bleibt der Beutel stabil und aufrecht im Regal stehen, wodurch die Sichtbarkeit im Einzelhandel maximiert wird.<\/li>\n<\/ul>\n\n\n\n<p><\/p>\n\n\n\n<ul class=\"wp-block-list\">\n<li>Barriereschutz: Bietet hervorragende Barriereeigenschaften gegen Feuchtigkeit, Sauerstoff und Licht und bewahrt die Qualit\u00e4t und Frische des Waschmittels.<\/li>\n<\/ul>\n\n\n\n<p><\/p>\n\n\n\n<ul class=\"wp-block-list\">\n<li>Umweltfreundlich: Der Fl\u00fcssigkeitsbeutel wird aus Materialien hergestellt, die die Umweltvertr\u00e4glichkeit unterst\u00fctzen, z. B. aus recycelbaren oder biologisch abbaubaren Materialien.<\/li>\n<\/ul>\n\n\n\n<p><\/p>\n\n\n\n<ul class=\"wp-block-list\">\n<li>Vielseitig einsetzbar: Nicht nur f\u00fcr Fl\u00fcssigwaschmittel, sondern auch f\u00fcr andere fl\u00fcssige Produkte wie Reinigungsl\u00f6sungen oder Getr\u00e4nke geeignet.<\/li>\n<\/ul>\n<\/div>\n\n\n\n<div class=\"wp-block-column is-layout-flow wp-block-column-is-layout-flow\">\n<figure class=\"wp-block-image size-full\"><img fetchpriority=\"high\" decoding=\"async\" width=\"750\" height=\"750\" src=\"https:\/\/www.hyflexpack.com\/wp-content\/uploads\/2024\/06\/Factory-Price-Liquid-Pouch-7.webp\" alt=\"Fabrikpreis Fl\u00fcssigkeitsbeutel\" class=\"wp-image-4616\" srcset=\"https:\/\/www.hyflexpack.com\/wp-content\/uploads\/2024\/06\/Factory-Price-Liquid-Pouch-7.webp 750w, https:\/\/www.hyflexpack.com\/wp-content\/uploads\/2024\/06\/Factory-Price-Liquid-Pouch-7-300x300.webp 300w, https:\/\/www.hyflexpack.com\/wp-content\/uploads\/2024\/06\/Factory-Price-Liquid-Pouch-7-150x150.webp 150w, https:\/\/www.hyflexpack.com\/wp-content\/uploads\/2024\/06\/Factory-Price-Liquid-Pouch-7-12x12.webp 12w, https:\/\/www.hyflexpack.com\/wp-content\/uploads\/2024\/06\/Factory-Price-Liquid-Pouch-7-285x285.webp 285w, https:\/\/www.hyflexpack.com\/wp-content\/uploads\/2024\/06\/Factory-Price-Liquid-Pouch-7-270x270.webp 270w, https:\/\/www.hyflexpack.com\/wp-content\/uploads\/2024\/06\/Factory-Price-Liquid-Pouch-7-540x540.webp 540w, https:\/\/www.hyflexpack.com\/wp-content\/uploads\/2024\/06\/Factory-Price-Liquid-Pouch-7-660x660.webp 660w\" sizes=\"(max-width: 750px) 100vw, 750px\" \/><\/figure>\n<\/div>\n<\/div>","protected":false},"excerpt":{"rendered":"<p>Unser 1-Liter-Verpackungsbeutel f\u00fcr Fl\u00fcssigwaschmittel ist die ideale Wahl f\u00fcr Marken, die nach einer effektiven, umweltfreundlichen Verpackungsl\u00f6sung suchen, die die Attraktivit\u00e4t des Produkts und die Verbraucherfreundlichkeit erh\u00f6ht. Fragen Sie uns jederzeit an!<\/p>\n<h3>Vorteile des Lieferanten von Fl\u00fcssigkeitsbeuteln<\/h3>\n<ul>\n<li><strong>Kundenspezifisches Design<\/strong>: Wir bieten einen kundenspezifischen Design-Fl\u00fcssigkeitsbeutel-Service, einschlie\u00dflich der Anpassung von Material, Gr\u00f6\u00dfe und Druckmuster an die Bed\u00fcrfnisse der Kunden, und unterst\u00fctzen OEM und ODM.<\/li>\n<li><strong>Herstellung<\/strong>: Dank fortschrittlicher Ausr\u00fcstung und Technologie k\u00f6nnen wir Auftr\u00e4ge mit hoher Effizienz und hoher Qualit\u00e4t ausf\u00fchren und p\u00fcnktlich liefern.<\/li>\n<li><strong>Qualit\u00e4tskontrolle<\/strong>: Strenge Einhaltung der Qualit\u00e4tsstandards und der Anforderungen an die Lebensmittelsicherheit, um sicherzustellen, dass die Produkte den Standards entsprechen.<\/li>\n<li><strong>Team Technische Unterst\u00fctzung<\/strong>: Unser Team verf\u00fcgt \u00fcber reiche Branchenerfahrung und Fachkenntnisse und kann unseren Kunden technische Unterst\u00fctzung und einen 24-Stunden-Beratungsservice bieten.<\/li>\n<li><strong>Kostenlose Probe<\/strong>: Wir bieten Ihnen einen kostenlosen Musterservice, damit Sie die Produkte bewerten k\u00f6nnen.<\/li>\n<\/ul>\n<p>Huiyang Packaging hat es sich zur Aufgabe gemacht, seinen Kunden qualitativ hochwertige und ma\u00dfgeschneiderte Waschmittelverpackungen zu liefern, um ihnen zu helfen, ihr Produktimage zu verbessern und ihre Wettbewerbsf\u00e4higkeit zu steigern.<\/p>\n<p>&nbsp;<\/p>","protected":false},"featured_media":4610,"comment_status":"open","ping_status":"closed","template":"","meta":[],"product_brand":[],"product_cat":[52],"product_tag":[],"class_list":{"0":"post-4609","1":"product","2":"type-product","3":"status-publish","4":"has-post-thumbnail","6":"product_cat-custom-daily-chemical-packaging","8":"first","9":"instock","10":"shipping-taxable","11":"product-type-simple"},"_links":{"self":[{"href":"https:\/\/www.hyflexpack.com\/de\/wp-json\/wp\/v2\/product\/4609","targetHints":{"allow":["GET"]}}],"collection":[{"href":"https:\/\/www.hyflexpack.com\/de\/wp-json\/wp\/v2\/product"}],"about":[{"href":"https:\/\/www.hyflexpack.com\/de\/wp-json\/wp\/v2\/types\/product"}],"replies":[{"embeddable":true,"href":"https:\/\/www.hyflexpack.com\/de\/wp-json\/wp\/v2\/comments?post=4609"}],"wp:featuredmedia":[{"embeddable":true,"href":"https:\/\/www.hyflexpack.com\/de\/wp-json\/wp\/v2\/media\/4610"}],"wp:attachment":[{"href":"https:\/\/www.hyflexpack.com\/de\/wp-json\/wp\/v2\/media?parent=4609"}],"wp:term":[{"taxonomy":"product_brand","embeddable":true,"href":"https:\/\/www.hyflexpack.com\/de\/wp-json\/wp\/v2\/product_brand?post=4609"},{"taxonomy":"product_cat","embeddable":true,"href":"https:\/\/www.hyflexpack.com\/de\/wp-json\/wp\/v2\/product_cat?post=4609"},{"taxonomy":"product_tag","embeddable":true,"href":"https:\/\/www.hyflexpack.com\/de\/wp-json\/wp\/v2\/product_tag?post=4609"}],"curies":[{"name":"wp","href":"https:\/\/api.w.org\/{rel}","templated":true}]}}