{"id":4599,"date":"2024-06-22T01:57:43","date_gmt":"2024-06-22T01:57:43","guid":{"rendered":"https:\/\/www.hyflexpack.com\/?post_type=product&#038;p=4599"},"modified":"2025-10-23T09:08:53","modified_gmt":"2025-10-23T09:08:53","slug":"wholesale-retort-pouches","status":"publish","type":"product","link":"https:\/\/www.hyflexpack.com\/de\/product\/wholesale-retort-pouches\/","title":{"rendered":"Gro\u00dfhandel Retorte Beutel Umweltfreundliche Vier-Seiten-Siegel f\u00fcr Jerky Easy Tear Lebensmittelverpackungen"},"content":{"rendered":"<div class=\"wp-block-columns is-layout-flex wp-container-core-columns-is-layout-9d6595d7 wp-block-columns-is-layout-flex\">\n<div class=\"wp-block-column is-layout-flow wp-block-column-is-layout-flow\">\n<h3 class=\"wp-block-heading\">Merkmale von hochwertigen Retortenbeuteln<\/h3>\n\n\n\n<ul class=\"wp-block-list\">\n<li>Umweltfreundliche Materialien: Retort Pouches werden aus umweltfreundlichen Materialien hergestellt, die die Umweltbelastung reduzieren.<\/li>\n<\/ul>\n\n\n\n<p><\/p>\n\n\n\n<ul class=\"wp-block-list\">\n<li>Vier-Seiten-Siegel-Design: Sorgt f\u00fcr eine sichere Abdichtung von allen Seiten, um Frische zu gew\u00e4hrleisten und Auslaufen zu verhindern.<\/li>\n<\/ul>\n\n\n\n<p><\/p>\n\n\n\n<ul class=\"wp-block-list\">\n<li>Leichtes Aufrei\u00dfen: Ausgestattet mit einer praktischen Aufrei\u00dffunktion f\u00fcr m\u00fcheloses \u00d6ffnen durch den Verbraucher.<\/li>\n<\/ul>\n\n\n\n<p><\/p>\n\n\n\n<ul class=\"wp-block-list\">\n<li>Hitzebest\u00e4ndigkeit: Kann hohen Temperaturen w\u00e4hrend der Retortenverarbeitung standhalten und so die Lebensmittelqualit\u00e4t und -sicherheit erhalten.<\/li>\n<\/ul>\n\n\n\n<p><\/p>\n\n\n\n<ul class=\"wp-block-list\">\n<li>Barriereschutz: Bietet hervorragende Barriereeigenschaften gegen Feuchtigkeit, Sauerstoff und Licht, bewahrt den Geschmack der Lebensmittel und verl\u00e4ngert die Haltbarkeit.<\/li>\n<\/ul>\n\n\n\n<p><\/p>\n\n\n\n<ul class=\"wp-block-list\">\n<li>Vielseitig verwendbar: Geeignet f\u00fcr verschiedene Lebensmittelprodukte, die \u00fcber Jerky hinausgehen, wie z. B. Suppen, So\u00dfen und verzehrfertige Mahlzeiten, und bietet somit vielseitige Verpackungsl\u00f6sungen.<\/li>\n<\/ul>\n<\/div>\n\n\n\n<div class=\"wp-block-column is-layout-flow wp-block-column-is-layout-flow\">\n<figure class=\"wp-block-image size-full\"><img fetchpriority=\"high\" decoding=\"async\" width=\"750\" height=\"750\" src=\"https:\/\/www.hyflexpack.com\/wp-content\/uploads\/2024\/06\/Wholesale-Retort-Pouches-2.webp\" alt=\"Gro\u00dfhandel Retort-Beutel\" class=\"wp-image-4601\" srcset=\"https:\/\/www.hyflexpack.com\/wp-content\/uploads\/2024\/06\/Wholesale-Retort-Pouches-2.webp 750w, https:\/\/www.hyflexpack.com\/wp-content\/uploads\/2024\/06\/Wholesale-Retort-Pouches-2-300x300.webp 300w, https:\/\/www.hyflexpack.com\/wp-content\/uploads\/2024\/06\/Wholesale-Retort-Pouches-2-150x150.webp 150w, https:\/\/www.hyflexpack.com\/wp-content\/uploads\/2024\/06\/Wholesale-Retort-Pouches-2-12x12.webp 12w, https:\/\/www.hyflexpack.com\/wp-content\/uploads\/2024\/06\/Wholesale-Retort-Pouches-2-285x285.webp 285w, https:\/\/www.hyflexpack.com\/wp-content\/uploads\/2024\/06\/Wholesale-Retort-Pouches-2-270x270.webp 270w, https:\/\/www.hyflexpack.com\/wp-content\/uploads\/2024\/06\/Wholesale-Retort-Pouches-2-540x540.webp 540w, https:\/\/www.hyflexpack.com\/wp-content\/uploads\/2024\/06\/Wholesale-Retort-Pouches-2-660x660.webp 660w\" sizes=\"(max-width: 750px) 100vw, 750px\" \/><\/figure>\n<\/div>\n<\/div>","protected":false},"excerpt":{"rendered":"<p>Informieren Sie sich \u00fcber das umweltfreundliche Design der Retortenbeutel mit vierseitigen Verschl\u00fcssen, die speziell f\u00fcr Lebensmittelprodukte wie Jerky entwickelt wurden. Wir verpflichten uns, Ihnen zuverl\u00e4ssige Verpackungsl\u00f6sungen anzubieten, die die Lebensmittelqualit\u00e4t sch\u00fctzen und die Umweltbelastung reduzieren.<\/p>\n<h3>Vorteile des Lieferanten von Retortenbeuteln<\/h3>\n<ul>\n<li><strong>Kundenspezifisches Design<\/strong>: Wir bieten kundenspezifische Design-Kaffeebeutel-Service, ma\u00dfgeschneiderte Gr\u00f6\u00dfe, Farbe, Design und Druck nach Kundenwunsch, sicherzustellen, dass das Produkt ist anders und unterstreichen das Markenimage, und unterst\u00fctzen OEM und ODM.<\/li>\n<li><strong>Professionelles Design-Team<\/strong>: Wir verf\u00fcgen \u00fcber ein erfahrenes F&amp;E- und Designteam, das unseren Kunden innovative und praktische Designl\u00f6sungen bietet.<\/li>\n<li><strong>Qualit\u00e4tssicherung<\/strong>: Strenge Einhaltung internationaler Qualit\u00e4tsmanagementstandards, hochwertige Materialien und fortschrittliche Technologie zur Gew\u00e4hrleistung einer stabilen und zuverl\u00e4ssigen Produktqualit\u00e4t.<\/li>\n<li><strong>Umfassender After-Sales-Service<\/strong>: Wir h\u00f6ren aktiv auf das Feedback unserer Kunden, verbessern kontinuierlich unsere Produkte und Dienstleistungen und bauen langfristige und stabile Kooperationsbeziehungen auf.<\/li>\n<\/ul>\n<p>Huiyang Packaging hat es sich zur Aufgabe gemacht, seinen Kunden qualitativ hochwertige und ma\u00dfgeschneiderte Retortenbeutel zu liefern, um ihnen zu helfen, ihr Produktimage zu verbessern und ihre Wettbewerbsf\u00e4higkeit auf dem Markt zu steigern.<\/p>","protected":false},"featured_media":4601,"comment_status":"open","ping_status":"closed","template":"","meta":[],"product_brand":[],"product_cat":[79],"product_tag":[],"class_list":{"0":"post-4599","1":"product","2":"type-product","3":"status-publish","4":"has-post-thumbnail","6":"product_cat-custom-retort-pouch","8":"first","9":"instock","10":"shipping-taxable","11":"product-type-simple"},"_links":{"self":[{"href":"https:\/\/www.hyflexpack.com\/de\/wp-json\/wp\/v2\/product\/4599","targetHints":{"allow":["GET"]}}],"collection":[{"href":"https:\/\/www.hyflexpack.com\/de\/wp-json\/wp\/v2\/product"}],"about":[{"href":"https:\/\/www.hyflexpack.com\/de\/wp-json\/wp\/v2\/types\/product"}],"replies":[{"embeddable":true,"href":"https:\/\/www.hyflexpack.com\/de\/wp-json\/wp\/v2\/comments?post=4599"}],"wp:featuredmedia":[{"embeddable":true,"href":"https:\/\/www.hyflexpack.com\/de\/wp-json\/wp\/v2\/media\/4601"}],"wp:attachment":[{"href":"https:\/\/www.hyflexpack.com\/de\/wp-json\/wp\/v2\/media?parent=4599"}],"wp:term":[{"taxonomy":"product_brand","embeddable":true,"href":"https:\/\/www.hyflexpack.com\/de\/wp-json\/wp\/v2\/product_brand?post=4599"},{"taxonomy":"product_cat","embeddable":true,"href":"https:\/\/www.hyflexpack.com\/de\/wp-json\/wp\/v2\/product_cat?post=4599"},{"taxonomy":"product_tag","embeddable":true,"href":"https:\/\/www.hyflexpack.com\/de\/wp-json\/wp\/v2\/product_tag?post=4599"}],"curies":[{"name":"wp","href":"https:\/\/api.w.org\/{rel}","templated":true}]}}