{"id":4591,"date":"2024-06-22T01:14:44","date_gmt":"2024-06-22T01:14:44","guid":{"rendered":"https:\/\/www.hyflexpack.com\/?post_type=product&#038;p=4591"},"modified":"2024-06-22T01:14:46","modified_gmt":"2024-06-22T01:14:46","slug":"custom-retort-pouch","status":"publish","type":"product","link":"https:\/\/www.hyflexpack.com\/de\/product\/custom-retort-pouch\/","title":{"rendered":"Kundenspezifische Retortenbeutel Lebensmittelqualit\u00e4t hitzebest\u00e4ndig leicht rei\u00dfbare Standbodenbeutel"},"content":{"rendered":"<div class=\"wp-block-columns is-layout-flex wp-container-core-columns-is-layout-9d6595d7 wp-block-columns-is-layout-flex\">\n<div class=\"wp-block-column is-layout-flow wp-block-column-is-layout-flow\">\n<h3 class=\"wp-block-heading\">Merkmale des hochwertigen Retortenbeutels<\/h3>\n\n\n\n<ul class=\"wp-block-list\">\n<li>Lebensmittelgerechtes Material: Der Retortenbeutel wird aus hochwertigen Materialien hergestellt, die Sicherheit und die Einhaltung von Lebensmittelverpackungsstandards gew\u00e4hrleisten.<\/li>\n<\/ul>\n\n\n\n<p><\/p>\n\n\n\n<ul class=\"wp-block-list\">\n<li>Hitzebest\u00e4ndigkeit: Entwickelt, um hohen Temperaturen w\u00e4hrend der Retortenverarbeitung standzuhalten und die Integrit\u00e4t und Sicherheit der verpackten Lebensmittel zu erhalten.<\/li>\n<\/ul>\n\n\n\n<p><\/p>\n\n\n\n<ul class=\"wp-block-list\">\n<li>Leichtes Aufrei\u00dfen: Ausgestattet mit einer Aufrei\u00dfkerbe oder -funktion zum bequemen \u00d6ffnen durch den Verbraucher, ohne dass eine Schere oder anderes Werkzeug ben\u00f6tigt wird.<\/li>\n<\/ul>\n\n\n\n<p><\/p>\n\n\n\n<ul class=\"wp-block-list\">\n<li>Stehendes Design: Das innovative Design des Standbeutels erm\u00f6glicht eine einfache Aufbewahrung, Pr\u00e4sentation und Handhabung in Einzelhandelsregalen.<\/li>\n<\/ul>\n\n\n\n<p><\/p>\n\n\n\n<ul class=\"wp-block-list\">\n<li>Barriereeigenschaften: Bietet hervorragende Barriereeigenschaften gegen Feuchtigkeit, Sauerstoff und Licht, wodurch die Frische der Lebensmittel bewahrt und die Haltbarkeit verl\u00e4ngert wird.<\/li>\n<\/ul>\n\n\n\n<p><\/p>\n\n\n\n<ul class=\"wp-block-list\">\n<li>Vielseitigkeit: Geeignet f\u00fcr eine breite Palette von Lebensmitteln, einschlie\u00dflich Suppen, So\u00dfen, Fertiggerichte und Tiernahrung, und bietet Flexibilit\u00e4t bei Verpackungsl\u00f6sungen.<\/li>\n<\/ul>\n<\/div>\n\n\n\n<div class=\"wp-block-column is-layout-flow wp-block-column-is-layout-flow\">\n<figure class=\"wp-block-image size-full\"><img fetchpriority=\"high\" decoding=\"async\" width=\"750\" height=\"750\" src=\"https:\/\/www.hyflexpack.com\/wp-content\/uploads\/2024\/06\/Custom-Retort-Pouch-3.webp\" alt=\"Individueller Retortenbeutel\" class=\"wp-image-4593\" srcset=\"https:\/\/www.hyflexpack.com\/wp-content\/uploads\/2024\/06\/Custom-Retort-Pouch-3.webp 750w, https:\/\/www.hyflexpack.com\/wp-content\/uploads\/2024\/06\/Custom-Retort-Pouch-3-300x300.webp 300w, https:\/\/www.hyflexpack.com\/wp-content\/uploads\/2024\/06\/Custom-Retort-Pouch-3-150x150.webp 150w, https:\/\/www.hyflexpack.com\/wp-content\/uploads\/2024\/06\/Custom-Retort-Pouch-3-12x12.webp 12w, https:\/\/www.hyflexpack.com\/wp-content\/uploads\/2024\/06\/Custom-Retort-Pouch-3-285x285.webp 285w, https:\/\/www.hyflexpack.com\/wp-content\/uploads\/2024\/06\/Custom-Retort-Pouch-3-270x270.webp 270w, https:\/\/www.hyflexpack.com\/wp-content\/uploads\/2024\/06\/Custom-Retort-Pouch-3-540x540.webp 540w, https:\/\/www.hyflexpack.com\/wp-content\/uploads\/2024\/06\/Custom-Retort-Pouch-3-660x660.webp 660w\" sizes=\"(max-width: 750px) 100vw, 750px\" \/><\/figure>\n<\/div>\n<\/div>","protected":false},"excerpt":{"rendered":"<p>Retort-Beutel in Lebensmittelqualit\u00e4t, die hitzebest\u00e4ndig und rei\u00dffest sind, sind zur idealen Wahl f\u00fcr Marken und Hersteller geworden, die nach zuverl\u00e4ssigen, sicheren und praktischen Verpackungsl\u00f6sungen f\u00fcr eine breite Palette von Lebensmitteln suchen. Kontaktieren Sie uns und erfahren Sie mehr!<\/p>\n<h3>Vorteile von Retort Pouch Lieferanten<\/h3>\n<ul>\n<li><strong>Kundenspezifisches Design<\/strong>: Wir bieten einen kundenspezifischen Design-Retortenbeutel-Service, einschlie\u00dflich der Anpassung von Material, Gr\u00f6\u00dfe und Druckmuster an die Bed\u00fcrfnisse der Kunden, und unterst\u00fctzen OEM und ODM.<\/li>\n<li><strong>Herstellung<\/strong>: Dank fortschrittlicher Ausr\u00fcstung und Technologie k\u00f6nnen wir Auftr\u00e4ge mit hoher Effizienz und hoher Qualit\u00e4t ausf\u00fchren und p\u00fcnktlich liefern.<\/li>\n<li><strong>Qualit\u00e4tskontrolle<\/strong>: Strenge Einhaltung der Qualit\u00e4tsstandards und der Anforderungen an die Lebensmittelsicherheit, um sicherzustellen, dass die Produkte den Standards entsprechen.<\/li>\n<li><strong>Team Technische Unterst\u00fctzung<\/strong>: Unser Team verf\u00fcgt \u00fcber reiche Branchenerfahrung und Fachkenntnisse und kann unseren Kunden technische Unterst\u00fctzung und einen 24-Stunden-Beratungsservice bieten.<\/li>\n<li><strong>Kostenlose Probe<\/strong>: Wir bieten Ihnen einen kostenlosen Musterservice, damit Sie die Produkte bewerten k\u00f6nnen.<\/li>\n<\/ul>\n<p>Huiyang Packaging hat es sich zur Aufgabe gemacht, seinen Kunden qualitativ hochwertige und ma\u00dfgeschneiderte Retortenbeutel zu liefern, um ihnen zu helfen, ihr Produktimage zu verbessern und ihre Wettbewerbsf\u00e4higkeit auf dem Markt zu steigern.<\/p>","protected":false},"featured_media":4593,"comment_status":"open","ping_status":"closed","template":"","meta":[],"product_brand":[],"product_cat":[51],"product_tag":[],"class_list":{"0":"post-4591","1":"product","2":"type-product","3":"status-publish","4":"has-post-thumbnail","6":"product_cat-custom-food-packaging-bags","8":"first","9":"instock","10":"shipping-taxable","11":"product-type-simple"},"_links":{"self":[{"href":"https:\/\/www.hyflexpack.com\/de\/wp-json\/wp\/v2\/product\/4591","targetHints":{"allow":["GET"]}}],"collection":[{"href":"https:\/\/www.hyflexpack.com\/de\/wp-json\/wp\/v2\/product"}],"about":[{"href":"https:\/\/www.hyflexpack.com\/de\/wp-json\/wp\/v2\/types\/product"}],"replies":[{"embeddable":true,"href":"https:\/\/www.hyflexpack.com\/de\/wp-json\/wp\/v2\/comments?post=4591"}],"wp:featuredmedia":[{"embeddable":true,"href":"https:\/\/www.hyflexpack.com\/de\/wp-json\/wp\/v2\/media\/4593"}],"wp:attachment":[{"href":"https:\/\/www.hyflexpack.com\/de\/wp-json\/wp\/v2\/media?parent=4591"}],"wp:term":[{"taxonomy":"product_brand","embeddable":true,"href":"https:\/\/www.hyflexpack.com\/de\/wp-json\/wp\/v2\/product_brand?post=4591"},{"taxonomy":"product_cat","embeddable":true,"href":"https:\/\/www.hyflexpack.com\/de\/wp-json\/wp\/v2\/product_cat?post=4591"},{"taxonomy":"product_tag","embeddable":true,"href":"https:\/\/www.hyflexpack.com\/de\/wp-json\/wp\/v2\/product_tag?post=4591"}],"curies":[{"name":"wp","href":"https:\/\/api.w.org\/{rel}","templated":true}]}}