{"id":4526,"date":"2024-06-14T10:42:17","date_gmt":"2024-06-14T10:42:17","guid":{"rendered":"https:\/\/www.hyflexpack.com\/?post_type=product&#038;p=4526"},"modified":"2026-01-23T06:27:51","modified_gmt":"2026-01-23T06:27:51","slug":"nachhaltige-verpackungsbeutel-fur-tiernahrung","status":"publish","type":"product","link":"https:\/\/www.hyflexpack.com\/de\/product\/sustainable-pet-food-packaging-bags\/","title":{"rendered":"Nachhaltige Tiernahrungs-Verpackungstaschen Gro\u00dfhandel Zipper mit kleinem Fenster Stehende Beutel"},"content":{"rendered":"<div class=\"wp-block-columns is-layout-flex wp-container-core-columns-is-layout-9d6595d7 wp-block-columns-is-layout-flex\">\n<div class=\"wp-block-column is-layout-flow wp-block-column-is-layout-flow\">\n<h3 class=\"wp-block-heading\">Merkmale von hochwertigen nachhaltigen Verpackungsbeuteln f\u00fcr Tiernahrung<\/h3>\n\n\n\n<ul class=\"wp-block-list\">\n<li>Nachhaltige Materialien: Verwenden Sie nachhaltige Materialien, wie biologisch abbaubare oder wiederverwertbare Materialien, um die Auswirkungen auf die Umwelt zu verringern.<\/li>\n<\/ul>\n\n\n\n<p><\/p>\n\n\n\n<ul class=\"wp-block-list\">\n<li>Lebensmittelgeeignete Hochbarrierematerialien: Hochbarrierematerialien in Lebensmittelqualit\u00e4t, wie PET, PE und Aluminiumfolie, werden verwendet, um die Frische und Sicherheit des Tierfutters zu gew\u00e4hrleisten, Feuchtigkeit und Oxidation zu verhindern und die Haltbarkeit zu verl\u00e4ngern.<\/li>\n<\/ul>\n\n\n\n<p><\/p>\n\n\n\n<ul class=\"wp-block-list\">\n<li>Design mit kleinem Fenster: Das Design mit einem kleinen Fenster erleichtert es den Verbrauchern, den Produktinhalt zu sehen, was die Interaktivit\u00e4t und Attraktivit\u00e4t erh\u00f6ht.<\/li>\n<\/ul>\n\n\n\n<p><\/p>\n\n\n\n<ul class=\"wp-block-list\">\n<li>Rei\u00dfverschluss-Verschluss: Eingebauter Rei\u00dfverschluss, leicht wieder zu \u00f6ffnen und zu versiegeln viele Male, h\u00e4lt die Lebensmittel frisch und verhindert Oxidation.<\/li>\n<\/ul>\n\n\n\n<p><\/p>\n\n\n\n<ul class=\"wp-block-list\">\n<li>Stehbeutel-Design: Die Standbeutelstruktur erm\u00f6glicht einen festen Stand in Regalen oder Vitrinen, spart Ausstellungsfl\u00e4che und verbessert die Produktpr\u00e4sentation.<\/li>\n<\/ul>\n<\/div>\n\n\n\n<div class=\"wp-block-column is-layout-flow wp-block-column-is-layout-flow\">\n<figure class=\"wp-block-image size-full\"><img fetchpriority=\"high\" decoding=\"async\" width=\"750\" height=\"750\" src=\"https:\/\/www.hyflexpack.com\/wp-content\/uploads\/2024\/06\/Sustainable-Pet-Food-Packaging-Bags-Wholesale-11.webp\" alt=\"Nachhaltige Tiernahrungs-Verpackungst\u00fcten im Gro\u00dfhandel\" class=\"wp-image-4550\" srcset=\"https:\/\/www.hyflexpack.com\/wp-content\/uploads\/2024\/06\/Sustainable-Pet-Food-Packaging-Bags-Wholesale-11.webp 750w, https:\/\/www.hyflexpack.com\/wp-content\/uploads\/2024\/06\/Sustainable-Pet-Food-Packaging-Bags-Wholesale-11-300x300.webp 300w, https:\/\/www.hyflexpack.com\/wp-content\/uploads\/2024\/06\/Sustainable-Pet-Food-Packaging-Bags-Wholesale-11-150x150.webp 150w, https:\/\/www.hyflexpack.com\/wp-content\/uploads\/2024\/06\/Sustainable-Pet-Food-Packaging-Bags-Wholesale-11-12x12.webp 12w, https:\/\/www.hyflexpack.com\/wp-content\/uploads\/2024\/06\/Sustainable-Pet-Food-Packaging-Bags-Wholesale-11-285x285.webp 285w, https:\/\/www.hyflexpack.com\/wp-content\/uploads\/2024\/06\/Sustainable-Pet-Food-Packaging-Bags-Wholesale-11-270x270.webp 270w, https:\/\/www.hyflexpack.com\/wp-content\/uploads\/2024\/06\/Sustainable-Pet-Food-Packaging-Bags-Wholesale-11-540x540.webp 540w, https:\/\/www.hyflexpack.com\/wp-content\/uploads\/2024\/06\/Sustainable-Pet-Food-Packaging-Bags-Wholesale-11-660x660.webp 660w\" sizes=\"(max-width: 750px) 100vw, 750px\" \/><\/figure>\n<\/div>\n<\/div>","protected":false},"excerpt":{"rendered":"<p>Unsere nachhaltigen Verpackungsbeutel f\u00fcr Tiernahrung bestehen aus nachhaltigen Materialien in Kombination mit lebensmittelechten Verpackungsmaterialien mit hoher Barrierefunktion wie PET, PE und Aluminiumfolie, um die Sicherheit von Tiernahrung zu gew\u00e4hrleisten. Kontaktieren Sie uns noch heute f\u00fcr kostenlose Muster und Designs.<\/p>\n<h3>Vorteile des Anbieters von nachhaltigen Verpackungsbeuteln f\u00fcr Tiernahrung<\/h3>\n<ul>\n<li><strong>Kundenspezifisches Design<\/strong>: Wir bieten kundenspezifische Anpassungen, einschlie\u00dflich Material, Gr\u00f6\u00dfe und Druckmuster, um die Bed\u00fcrfnisse unserer Kunden zu erf\u00fcllen, und unterst\u00fctzen OEM und ODM.<\/li>\n<li><strong>Herstellung<\/strong>: Mit fortschrittlicher Ausr\u00fcstung und Technologie k\u00f6nnen wir die Auftragsfertigung mit hoher Effizienz und hoher Qualit\u00e4t durchf\u00fchren und p\u00fcnktlich liefern.<\/li>\n<li><strong>Qualit\u00e4tskontrolle<\/strong>: Strenge Einhaltung der Qualit\u00e4tsstandards und der Anforderungen an die Lebensmittelsicherheit bei der Produktion, um sicherzustellen, dass die Produkte den Standards entsprechen.<\/li>\n<li><strong>Kundenbetreuung<\/strong>24 Stunden, um eine rasche Reaktion und eine aufmerksame Kundenbetreuung zu gew\u00e4hrleisten.<\/li>\n<li><strong>Kostenlose Probe<\/strong>\uff1a Wir bieten Ihnen einen kostenlosen Musterservice, damit Sie die Produkte bewerten k\u00f6nnen.<\/li>\n<\/ul>\n<p>Huiyang Packaging ist bestrebt, seinen Kunden qualitativ hochwertige, kundenspezifische und nachhaltige Verpackungsbeutel f\u00fcr Tiernahrung zu liefern, um ihnen zu helfen, ihr Produktimage zu verbessern und ihre Wettbewerbsf\u00e4higkeit auf dem Markt zu steigern. Das Design von Standbeuteln verbessert die Benutzerfreundlichkeit und Marktf\u00e4higkeit. Kontaktieren Sie uns noch heute f\u00fcr kostenlose Muster und Designs.<\/p>","protected":false},"featured_media":4540,"comment_status":"open","ping_status":"closed","template":"","meta":[],"product_brand":[],"product_cat":[56],"product_tag":[],"class_list":{"0":"post-4526","1":"product","2":"type-product","3":"status-publish","4":"has-post-thumbnail","6":"product_cat-custom-pet-food-packaging","8":"first","9":"instock","10":"shipping-taxable","11":"product-type-simple"},"_links":{"self":[{"href":"https:\/\/www.hyflexpack.com\/de\/wp-json\/wp\/v2\/product\/4526","targetHints":{"allow":["GET"]}}],"collection":[{"href":"https:\/\/www.hyflexpack.com\/de\/wp-json\/wp\/v2\/product"}],"about":[{"href":"https:\/\/www.hyflexpack.com\/de\/wp-json\/wp\/v2\/types\/product"}],"replies":[{"embeddable":true,"href":"https:\/\/www.hyflexpack.com\/de\/wp-json\/wp\/v2\/comments?post=4526"}],"wp:featuredmedia":[{"embeddable":true,"href":"https:\/\/www.hyflexpack.com\/de\/wp-json\/wp\/v2\/media\/4540"}],"wp:attachment":[{"href":"https:\/\/www.hyflexpack.com\/de\/wp-json\/wp\/v2\/media?parent=4526"}],"wp:term":[{"taxonomy":"product_brand","embeddable":true,"href":"https:\/\/www.hyflexpack.com\/de\/wp-json\/wp\/v2\/product_brand?post=4526"},{"taxonomy":"product_cat","embeddable":true,"href":"https:\/\/www.hyflexpack.com\/de\/wp-json\/wp\/v2\/product_cat?post=4526"},{"taxonomy":"product_tag","embeddable":true,"href":"https:\/\/www.hyflexpack.com\/de\/wp-json\/wp\/v2\/product_tag?post=4526"}],"curies":[{"name":"wp","href":"https:\/\/api.w.org\/{rel}","templated":true}]}}