{"id":4515,"date":"2024-06-14T09:52:25","date_gmt":"2024-06-14T09:52:25","guid":{"rendered":"https:\/\/www.hyflexpack.com\/?post_type=product&#038;p=4515"},"modified":"2025-10-23T08:37:09","modified_gmt":"2025-10-23T08:37:09","slug":"custom-dog-treat-bags","status":"publish","type":"product","link":"https:\/\/www.hyflexpack.com\/de\/product\/custom-dog-treat-bags\/","title":{"rendered":"Benutzerdefinierte Hund behandeln Taschen umweltfreundliche Tiernahrung Verpackung Hanging Hole mit Rei\u00dfverschluss Stehende Beutel"},"content":{"rendered":"<div class=\"wp-block-columns is-layout-flex wp-container-core-columns-is-layout-9d6595d7 wp-block-columns-is-layout-flex\">\n<div class=\"wp-block-column is-layout-flow wp-block-column-is-layout-flow\">\n<h3 class=\"wp-block-heading\">Eigenschaften von High Quality Dog Treat Bag<\/h3>\n\n\n\n<ul class=\"wp-block-list\">\n<li>Umweltfreundliche Materialien: Verwenden Sie umweltfreundliche Materialien, um die Umweltanforderungen zu erf\u00fcllen, z. B. biologisch abbaubare oder recycelbare Materialien, um die Auswirkungen auf die Umwelt zu verringern.<\/li>\n<\/ul>\n\n\n\n<p><\/p>\n\n\n\n<ul class=\"wp-block-list\">\n<li>Food-Grade High Barrier Material: die benutzerdefinierte Hund Leckerbissen Taschen verwenden Lebensmittel-Grade High-Barriere-Materialien, wie PET, PE, und Aluminiumfolie, um die Frische und Sicherheit der Hunde-Leckereien, feuchtigkeitsbest\u00e4ndig, oxidationsbest\u00e4ndig zu gew\u00e4hrleisten und die Haltbarkeit zu verl\u00e4ngern.<\/li>\n<\/ul>\n\n\n\n<p><\/p>\n\n\n\n<ul class=\"wp-block-list\">\n<li>Aufh\u00e4ngeloch-Design: Die Tasche ist mit einem Aufh\u00e4ngeloch versehen, das sich bequem aufh\u00e4ngen und im Laden ausstellen l\u00e4sst, um die Sichtbarkeit und Attraktivit\u00e4t des Produkts zu erh\u00f6hen.<\/li>\n<\/ul>\n\n\n\n<p><\/p>\n\n\n\n<ul class=\"wp-block-list\">\n<li>Rei\u00dfverschluss: Der eingebaute Rei\u00dfverschluss macht es einfach, den Beutel immer wieder zu \u00f6ffnen und zu verschlie\u00dfen, damit die Snacks frisch bleiben und keine Luft von au\u00dfen eindringen kann.<\/li>\n<\/ul>\n\n\n\n<p><\/p>\n\n\n\n<ul class=\"wp-block-list\">\n<li>Stehendes Pouch-Design: Die stehende Pouch-Struktur erm\u00f6glicht es der Tasche, fest auf Regalen oder Vitrinen zu stehen, spart Ausstellungsfl\u00e4che und verbessert die Wirkung der Produktpr\u00e4sentation.<\/li>\n<\/ul>\n<\/div>\n\n\n\n<div class=\"wp-block-column is-layout-flow wp-block-column-is-layout-flow\">\n<figure class=\"wp-block-image size-full\"><img fetchpriority=\"high\" decoding=\"async\" width=\"750\" height=\"750\" src=\"https:\/\/www.hyflexpack.com\/wp-content\/uploads\/2024\/06\/Custom-Dog-Treat-Bags-Eco-Friendly-Pet-Food-Packaging-6.webp\" alt=\"Benutzerdefinierte Hundeleckerli-Taschen Umweltfreundliche Verpackung f\u00fcr Tiernahrung\" class=\"wp-image-4521\" srcset=\"https:\/\/www.hyflexpack.com\/wp-content\/uploads\/2024\/06\/Custom-Dog-Treat-Bags-Eco-Friendly-Pet-Food-Packaging-6.webp 750w, https:\/\/www.hyflexpack.com\/wp-content\/uploads\/2024\/06\/Custom-Dog-Treat-Bags-Eco-Friendly-Pet-Food-Packaging-6-300x300.webp 300w, https:\/\/www.hyflexpack.com\/wp-content\/uploads\/2024\/06\/Custom-Dog-Treat-Bags-Eco-Friendly-Pet-Food-Packaging-6-150x150.webp 150w, https:\/\/www.hyflexpack.com\/wp-content\/uploads\/2024\/06\/Custom-Dog-Treat-Bags-Eco-Friendly-Pet-Food-Packaging-6-12x12.webp 12w, https:\/\/www.hyflexpack.com\/wp-content\/uploads\/2024\/06\/Custom-Dog-Treat-Bags-Eco-Friendly-Pet-Food-Packaging-6-285x285.webp 285w, https:\/\/www.hyflexpack.com\/wp-content\/uploads\/2024\/06\/Custom-Dog-Treat-Bags-Eco-Friendly-Pet-Food-Packaging-6-270x270.webp 270w, https:\/\/www.hyflexpack.com\/wp-content\/uploads\/2024\/06\/Custom-Dog-Treat-Bags-Eco-Friendly-Pet-Food-Packaging-6-540x540.webp 540w, https:\/\/www.hyflexpack.com\/wp-content\/uploads\/2024\/06\/Custom-Dog-Treat-Bags-Eco-Friendly-Pet-Food-Packaging-6-660x660.webp 660w\" sizes=\"(max-width: 750px) 100vw, 750px\" \/><\/figure>\n<\/div>\n<\/div>","protected":false},"excerpt":{"rendered":"<p>Erfahren Sie, wie unsere individuellen Hundeleckerli-Taschen aus umweltfreundlichen Materialien hergestellt werden, um die Frische und Sicherheit der Snacks Ihres Hundes zu gew\u00e4hrleisten. Die Aufh\u00e4ngel\u00f6cher erleichtern die Pr\u00e4sentation, und der Rei\u00dfverschluss und der Standbeutel sind f\u00fcr eine einfache Verwendung und Pr\u00e4sentation konzipiert. Wenden Sie sich noch heute an uns, um ein Angebot zu erhalten. Wir haben uns verpflichtet, umweltfreundliche und hochwertige Verpackungsl\u00f6sungen anzubieten.<\/p>\n<h3>Vorteile von Dog Treat Bag Supplier<\/h3>\n<ul>\n<li><strong>Kundenspezifisches Design<\/strong>: Wir bieten kundenspezifische Design Hund Leckerli Tasche Service, einschlie\u00dflich Material, Gr\u00f6\u00dfe und Druckmuster Anpassung an Kundenbed\u00fcrfnisse zu erf\u00fcllen, und unterst\u00fctzen OEM und ODM.<\/li>\n<li><strong>Herstellung<\/strong>: Mit fortschrittlicher Ausr\u00fcstung und Technologie k\u00f6nnen wir die Auftragsfertigung mit hoher Effizienz und hoher Qualit\u00e4t durchf\u00fchren und p\u00fcnktlich liefern.<\/li>\n<li><strong>Qualit\u00e4tskontrolle<\/strong>: Strenge Einhaltung der Qualit\u00e4tsstandards und der Anforderungen an die Lebensmittelsicherheit bei der Produktion, um sicherzustellen, dass die Produkte den Standards entsprechen.<\/li>\n<li><strong>Kundenbetreuung<\/strong>24 Stunden, um eine rasche Reaktion und eine aufmerksame Kundenbetreuung zu gew\u00e4hrleisten.<\/li>\n<li><strong>Kostenlose Probe<\/strong>\uff1a Wir bieten Ihnen einen kostenlosen Musterservice, damit Sie die Produkte bewerten k\u00f6nnen.<\/li>\n<\/ul>\n<p>Huiyang Packaging hat es sich zur Aufgabe gemacht, seinen Kunden qualitativ hochwertige, individuell gestaltete Leckerli-Beutel f\u00fcr Hunde zu liefern, um ihnen zu helfen, ihr Produktimage zu verbessern und ihre Wettbewerbsf\u00e4higkeit auf dem Markt zu steigern.<\/p>","protected":false},"featured_media":4521,"comment_status":"open","ping_status":"closed","template":"","meta":[],"product_brand":[],"product_cat":[56],"product_tag":[],"class_list":{"0":"post-4515","1":"product","2":"type-product","3":"status-publish","4":"has-post-thumbnail","6":"product_cat-custom-pet-food-packaging","8":"first","9":"instock","10":"shipping-taxable","11":"product-type-simple"},"_links":{"self":[{"href":"https:\/\/www.hyflexpack.com\/de\/wp-json\/wp\/v2\/product\/4515","targetHints":{"allow":["GET"]}}],"collection":[{"href":"https:\/\/www.hyflexpack.com\/de\/wp-json\/wp\/v2\/product"}],"about":[{"href":"https:\/\/www.hyflexpack.com\/de\/wp-json\/wp\/v2\/types\/product"}],"replies":[{"embeddable":true,"href":"https:\/\/www.hyflexpack.com\/de\/wp-json\/wp\/v2\/comments?post=4515"}],"wp:featuredmedia":[{"embeddable":true,"href":"https:\/\/www.hyflexpack.com\/de\/wp-json\/wp\/v2\/media\/4521"}],"wp:attachment":[{"href":"https:\/\/www.hyflexpack.com\/de\/wp-json\/wp\/v2\/media?parent=4515"}],"wp:term":[{"taxonomy":"product_brand","embeddable":true,"href":"https:\/\/www.hyflexpack.com\/de\/wp-json\/wp\/v2\/product_brand?post=4515"},{"taxonomy":"product_cat","embeddable":true,"href":"https:\/\/www.hyflexpack.com\/de\/wp-json\/wp\/v2\/product_cat?post=4515"},{"taxonomy":"product_tag","embeddable":true,"href":"https:\/\/www.hyflexpack.com\/de\/wp-json\/wp\/v2\/product_tag?post=4515"}],"curies":[{"name":"wp","href":"https:\/\/api.w.org\/{rel}","templated":true}]}}