{"id":4505,"date":"2024-06-14T09:04:43","date_gmt":"2024-06-14T09:04:43","guid":{"rendered":"https:\/\/www.hyflexpack.com\/?post_type=product&#038;p=4505"},"modified":"2025-03-14T06:45:59","modified_gmt":"2025-03-14T06:45:59","slug":"groshandel-hundeleckerli-taschen","status":"publish","type":"product","link":"https:\/\/www.hyflexpack.com\/de\/product\/wholesale-dog-treat-bags\/","title":{"rendered":"Gro\u00dfhandel Hund behandeln Taschen, Tiernahrung Verpackung Lebensmittelqualit\u00e4t Barriere mit Rei\u00dfverschluss stehend Beutel"},"content":{"rendered":"<div class=\"wp-block-columns is-layout-flex wp-container-core-columns-is-layout-9d6595d7 wp-block-columns-is-layout-flex\">\n<div class=\"wp-block-column is-layout-flow wp-block-column-is-layout-flow\">\n<h3 class=\"wp-block-heading\">Dies sind einige der Merkmale von High-Quality Dog Treat Bags:<\/h3>\n\n\n\n<ul class=\"wp-block-list\">\n<li><strong>Das lebensmittelechte Hochbarrierematerial<\/strong>: Die Umh\u00fcllung Tasche ist komplett mit hoher Barriere lebensmittelechten Material hergestellt: PET, PE und Aluminium - die beste Kombination, um absolute Frische, Sicherheit, Feuchtigkeit und Oxidationsbest\u00e4ndigkeit zu gew\u00e4hrleisten und die Haltbarkeit zu verl\u00e4ngern.<\/li>\n<\/ul>\n\n\n\n<p><\/p>\n\n\n\n<ul class=\"wp-block-list\">\n<li><strong>Leichtes Rei\u00dfen<\/strong>: Die Hundeleckerli-Beutel haben eine besondere Funktion der \u00d6ffnung leicht rei\u00dfen, so dass jeder Verbraucher kann das Paket ohne ein anderes Werkzeug, schnell und bequem zu \u00f6ffnen.<\/li>\n<\/ul>\n\n\n\n<p><\/p>\n\n\n\n<ul class=\"wp-block-list\">\n<li><strong>Verschluss mit Rei\u00dfverschluss<\/strong>: Der Rei\u00dfverschluss ist f\u00fcr eine einfache Bedienung zu \u00f6ffnen und zu versiegeln die Tasche viele Male, um Snacks frisch zu halten und blockieren Au\u00dfenluft aus dem Eingang.<\/li>\n<\/ul>\n\n\n\n<p><\/p>\n\n\n\n<ul class=\"wp-block-list\">\n<li><strong>Stehbeutel-Design<\/strong>: Die Standing-Pouch-Struktur erm\u00f6glicht es den Beuteln, fest auf jedem Regal oder jeder Vitrine zu stehen, was Platz in der Auslage spart und die Pr\u00e4sentation des Produkts verbessert.<\/li>\n<\/ul>\n\n\n\n<p><\/p>\n\n\n\n<ul class=\"wp-block-list\">\n<li><strong>Gro\u00dfhandel Versorgung<\/strong>: F\u00fcr den Kauf gro\u00dfer Mengen bieten wir einen Gro\u00dfhandelsservice an, um eine stabile Versorgung zu gew\u00e4hrleisten.<\/li>\n<\/ul>\n<\/div>\n\n\n\n<div class=\"wp-block-column is-layout-flow wp-block-column-is-layout-flow\">\n<figure class=\"wp-block-image size-full\"><img fetchpriority=\"high\" decoding=\"async\" width=\"750\" height=\"750\" src=\"https:\/\/www.hyflexpack.com\/wp-content\/uploads\/2024\/06\/Wholesale-Dog-Treat-Bags-3.webp\" alt=\"Gro\u00dfhandel Hund behandeln Taschen\" class=\"wp-image-4508\" srcset=\"https:\/\/www.hyflexpack.com\/wp-content\/uploads\/2024\/06\/Wholesale-Dog-Treat-Bags-3.webp 750w, https:\/\/www.hyflexpack.com\/wp-content\/uploads\/2024\/06\/Wholesale-Dog-Treat-Bags-3-300x300.webp 300w, https:\/\/www.hyflexpack.com\/wp-content\/uploads\/2024\/06\/Wholesale-Dog-Treat-Bags-3-150x150.webp 150w, https:\/\/www.hyflexpack.com\/wp-content\/uploads\/2024\/06\/Wholesale-Dog-Treat-Bags-3-12x12.webp 12w, https:\/\/www.hyflexpack.com\/wp-content\/uploads\/2024\/06\/Wholesale-Dog-Treat-Bags-3-285x285.webp 285w, https:\/\/www.hyflexpack.com\/wp-content\/uploads\/2024\/06\/Wholesale-Dog-Treat-Bags-3-270x270.webp 270w, https:\/\/www.hyflexpack.com\/wp-content\/uploads\/2024\/06\/Wholesale-Dog-Treat-Bags-3-540x540.webp 540w, https:\/\/www.hyflexpack.com\/wp-content\/uploads\/2024\/06\/Wholesale-Dog-Treat-Bags-3-660x660.webp 660w\" sizes=\"(max-width: 750px) 100vw, 750px\" \/><\/figure>\n<\/div>\n<\/div>\n\n\n\n<div class=\"wp-block-columns is-layout-flex wp-container-core-columns-is-layout-9d6595d7 wp-block-columns-is-layout-flex\">\n<div class=\"wp-block-column is-layout-flow wp-block-column-is-layout-flow\">\n<figure class=\"wp-block-embed is-type-video is-provider-youtube wp-block-embed-youtube wp-embed-aspect-16-9 wp-has-aspect-ratio\"><div class=\"wp-block-embed__wrapper\">\n<iframe title=\"ma\u00dfgeschneiderte Verpackungen f\u00fcr Tiernahrung\" width=\"940\" height=\"529\" src=\"https:\/\/www.youtube.com\/embed\/uU_9aG02aJY?feature=oembed\" frameborder=\"0\" allow=\"accelerometer; autoplay; clipboard-write; encrypted-media; gyroscope; picture-in-picture; web-share\" referrerpolicy=\"strict-origin-when-cross-origin\" allowfullscreen><\/iframe>\n<\/div><\/figure>\n<\/div>\n\n\n\n<div class=\"wp-block-column is-layout-flow wp-block-column-is-layout-flow\">\n<h3 class=\"wp-block-heading\"><strong>Als Hersteller von Verpackungsbeuteln f\u00fcr Hundeleckerlis in China<\/strong><\/h3>\n\n\n\n<p>Informieren Sie sich \u00fcber das breite Angebot an Hundesnackbeuteln von <strong>Huiyang Verpackung<\/strong>Wir stellen Ihnen verschiedene Materialien, Gr\u00f6\u00dfen und Designs vor, damit Sie das beste Produkt f\u00fcr Ihr Haustier ausw\u00e4hlen k\u00f6nnen. Unser Video erkl\u00e4rt die Eigenschaften und Vorteile der einzelnen Modelle im Detail, damit Sie eine fundierte Entscheidung treffen k\u00f6nnen.<\/p>\n<\/div>\n<\/div>","protected":false},"excerpt":{"rendered":"<p>Entdecken Sie Gro\u00dfhandel Hundeleckerli-Beutel, Tiernahrungsbeutel und Tierleckerli-Verpackungen von einem vertrauensw\u00fcrdigen Hersteller, mit lebensmittelechten Barrierematerialien wie PET, PE und Aluminiumfolie hergestellt, um Hundeleckerli frisch und sicher zu halten. Wir bieten einen Gro\u00dfhandelsservice, um den Bedarf von Gro\u00dfabnehmern zu decken und garantieren eine stabile Versorgung und p\u00fcnktliche Lieferung.<\/p>\n<h3>Vorteile von <!-- wp:heading {\"level\":3} -->Hundeleckerli-Taschen Lieferant<\/h3>\n<ul>\n<li><strong>Kundenspezifisches Design<\/strong>: Wir bieten kundenspezifische Material-, Gr\u00f6\u00dfen- und Druckmusteranpassungen, um die Bed\u00fcrfnisse der Kunden zu erf\u00fcllen, und unterst\u00fctzen OEM und ODM.<\/li>\n<li><strong>Herstellung<\/strong>: Dank fortschrittlicher Ausr\u00fcstung und Technologie sind wir in der Lage, die Produktion von Auftr\u00e4gen mit hoher Effizienz und Qualit\u00e4t durchzuf\u00fchren und p\u00fcnktlich zu liefern.<\/li>\n<li><strong>Qualit\u00e4tskontrolle<\/strong>: Strenge Einhaltung der Qualit\u00e4tsstandards und der Anforderungen an die Lebensmittelsicherheit, um sicherzustellen, dass die Produkte den Standards entsprechen.<\/li>\n<li><strong>Team Technische Unterst\u00fctzung<\/strong>: Unser Team verf\u00fcgt \u00fcber reiche Branchenerfahrung und Fachkenntnisse und kann unseren Kunden technische Unterst\u00fctzung und einen 24-Stunden-Beratungsservice bieten.<\/li>\n<li><strong>Zertifizierung\uff1a<\/strong> FDA\/BRC\/ISO 9001\/RoHS<\/li>\n<li><strong>Kostenlose Probe<\/strong>: Wir bieten Ihnen einen kostenlosen Musterservice, damit Sie die Produkte bewerten k\u00f6nnen.<\/li>\n<\/ul>\n<p><a href=\"https:\/\/www.hyflexpack.com\/de\/\"><strong>Huiyang Verpackung<\/strong><\/a> hat es sich zur Aufgabe gemacht, seinen Kunden qualitativ hochwertige und ma\u00dfgeschneiderte Leckerli-T\u00fcten f\u00fcr Hunde zu liefern, um ihnen zu helfen, ihr Produktimage zu verbessern und ihre Wettbewerbsf\u00e4higkeit auf dem Markt zu steigern.<\/p>\n<p><!-- \/wp:heading --><\/p>","protected":false},"featured_media":4509,"comment_status":"open","ping_status":"closed","template":"","meta":[],"product_brand":[],"product_cat":[56],"product_tag":[],"class_list":{"0":"post-4505","1":"product","2":"type-product","3":"status-publish","4":"has-post-thumbnail","6":"product_cat-custom-pet-food-packaging","8":"first","9":"instock","10":"shipping-taxable","11":"product-type-simple"},"_links":{"self":[{"href":"https:\/\/www.hyflexpack.com\/de\/wp-json\/wp\/v2\/product\/4505","targetHints":{"allow":["GET"]}}],"collection":[{"href":"https:\/\/www.hyflexpack.com\/de\/wp-json\/wp\/v2\/product"}],"about":[{"href":"https:\/\/www.hyflexpack.com\/de\/wp-json\/wp\/v2\/types\/product"}],"replies":[{"embeddable":true,"href":"https:\/\/www.hyflexpack.com\/de\/wp-json\/wp\/v2\/comments?post=4505"}],"wp:featuredmedia":[{"embeddable":true,"href":"https:\/\/www.hyflexpack.com\/de\/wp-json\/wp\/v2\/media\/4509"}],"wp:attachment":[{"href":"https:\/\/www.hyflexpack.com\/de\/wp-json\/wp\/v2\/media?parent=4505"}],"wp:term":[{"taxonomy":"product_brand","embeddable":true,"href":"https:\/\/www.hyflexpack.com\/de\/wp-json\/wp\/v2\/product_brand?post=4505"},{"taxonomy":"product_cat","embeddable":true,"href":"https:\/\/www.hyflexpack.com\/de\/wp-json\/wp\/v2\/product_cat?post=4505"},{"taxonomy":"product_tag","embeddable":true,"href":"https:\/\/www.hyflexpack.com\/de\/wp-json\/wp\/v2\/product_tag?post=4505"}],"curies":[{"name":"wp","href":"https:\/\/api.w.org\/{rel}","templated":true}]}}