{"id":4495,"date":"2024-06-14T08:38:35","date_gmt":"2024-06-14T08:38:35","guid":{"rendered":"https:\/\/www.hyflexpack.com\/?post_type=product&#038;p=4495"},"modified":"2024-06-14T08:38:38","modified_gmt":"2024-06-14T08:38:38","slug":"individuelle-tierfutter-verpackungen","status":"publish","type":"product","link":"https:\/\/www.hyflexpack.com\/de\/product\/custom-pet-food-packaging\/","title":{"rendered":"Kundenspezifische Tiernahrungs-Verpackungsl\u00f6sungen Aufh\u00e4ngeloch mit Rei\u00dfverschluss Einfaches Aufrei\u00dfen Stehbeutel"},"content":{"rendered":"<div class=\"wp-block-columns is-layout-flex wp-container-core-columns-is-layout-9d6595d7 wp-block-columns-is-layout-flex\">\n<div class=\"wp-block-column is-layout-flow wp-block-column-is-layout-flow\">\n<h3 class=\"wp-block-heading\">Merkmale von hochwertigen Tierfutterverpackungen<\/h3>\n\n\n\n<ul class=\"wp-block-list\">\n<li>Hochwertiges Material: Um die Frische und Sicherheit des Tierfutters zu gew\u00e4hrleisten, werden hochwertige, lebensmittelechte Materialien wie PET, PE, Aluminiumfolie usw. verwendet. Diese Materialien haben eine ausgezeichnete Feuchtigkeits- und Oxidationsbest\u00e4ndigkeit, die die Haltbarkeit der Produkte effektiv verl\u00e4ngert und die Gesundheit der Haustiere sch\u00fctzt.<\/li>\n\n\n\n<li>Aufh\u00e4ngeloch-Design: Die Tiernahrungs-Verpackung ist mit einem Aufh\u00e4ngeloch versehen, das sich leicht aufh\u00e4ngen und im Laden ausstellen l\u00e4sst, was die Sichtbarkeit und Attraktivit\u00e4t des Produkts erh\u00f6ht, den Kauf f\u00fcr die Verbraucher bequem macht und die Verkaufsm\u00f6glichkeiten steigert.<\/li>\n\n\n\n<li>Rei\u00dfverschluss: Der eingebaute Rei\u00dfverschluss hat nicht nur eine gute Versiegelungsleistung, sondern erleichtert auch das wiederholte \u00d6ffnen und Versiegeln, so dass die Lebensmittel nach jedem Gebrauch frisch bleiben und die Erfahrung der Verbraucher verbessert wird.<\/li>\n\n\n\n<li>Einfaches Aufrei\u00dfdesign: Ausgestattet mit Easy Tear k\u00f6nnen die Verbraucher die Verpackung leicht und ohne Werkzeug \u00f6ffnen, was die Benutzerfreundlichkeit verbessert und die schnelle Nachfrage der modernen Verbraucher erf\u00fcllt.<\/li>\n\n\n\n<li>Standing Pouch Design: Die Standing Pouch-Struktur erm\u00f6glicht es der Tasche, fest auf dem Regal oder der Vitrine zu stehen, was nicht nur Ausstellungsfl\u00e4che spart, sondern auch das Produkt ordentlicher und sch\u00f6ner aussehen l\u00e4sst und mehr Aufmerksamkeit erregt.<\/li>\n<\/ul>\n<\/div>\n\n\n\n<div class=\"wp-block-column is-layout-flow wp-block-column-is-layout-flow\">\n<figure class=\"wp-block-image size-full\"><img fetchpriority=\"high\" decoding=\"async\" width=\"750\" height=\"750\" src=\"https:\/\/www.hyflexpack.com\/wp-content\/uploads\/2024\/06\/Custom-Pet-Food-Packaging-6.webp\" alt=\"Individuelle Verpackungen f\u00fcr Tiernahrung\" class=\"wp-image-4500\" srcset=\"https:\/\/www.hyflexpack.com\/wp-content\/uploads\/2024\/06\/Custom-Pet-Food-Packaging-6.webp 750w, https:\/\/www.hyflexpack.com\/wp-content\/uploads\/2024\/06\/Custom-Pet-Food-Packaging-6-300x300.webp 300w, https:\/\/www.hyflexpack.com\/wp-content\/uploads\/2024\/06\/Custom-Pet-Food-Packaging-6-150x150.webp 150w, https:\/\/www.hyflexpack.com\/wp-content\/uploads\/2024\/06\/Custom-Pet-Food-Packaging-6-12x12.webp 12w, https:\/\/www.hyflexpack.com\/wp-content\/uploads\/2024\/06\/Custom-Pet-Food-Packaging-6-285x285.webp 285w, https:\/\/www.hyflexpack.com\/wp-content\/uploads\/2024\/06\/Custom-Pet-Food-Packaging-6-270x270.webp 270w, https:\/\/www.hyflexpack.com\/wp-content\/uploads\/2024\/06\/Custom-Pet-Food-Packaging-6-540x540.webp 540w, https:\/\/www.hyflexpack.com\/wp-content\/uploads\/2024\/06\/Custom-Pet-Food-Packaging-6-660x660.webp 660w\" sizes=\"(max-width: 750px) 100vw, 750px\" \/><\/figure>\n<\/div>\n<\/div>","protected":false},"excerpt":{"rendered":"<p>Unsere ma\u00dfgeschneiderten Verpackungsl\u00f6sungen f\u00fcr Tiernahrung bestehen aus hochwertigen, lebensmittelechten Materialien, um die Frische und Sicherheit Ihrer Tiernahrung zu gew\u00e4hrleisten. Aufh\u00e4ngel\u00f6cher sorgen f\u00fcr eine einfache Pr\u00e4sentation, ein integrierter Rei\u00dfverschluss und ein leicht zu \u00f6ffnender Verschluss verbessern die Benutzerfreundlichkeit, und die Standbeutelstruktur gew\u00e4hrleistet eine stabile Pr\u00e4sentation. Kontaktieren Sie uns f\u00fcr kostenlose Muster und Designs unserer Verpackungsl\u00f6sungen.<\/p>\n<h3>Vorteile des Lieferanten von Tierfutterverpackungen<\/h3>\n<ul>\n<li><strong>Kundenspezifisches Design<\/strong>: Wir bieten kundenspezifische Material-, Gr\u00f6\u00dfen- und Druckmusteranpassungen, um die Bed\u00fcrfnisse der Kunden zu erf\u00fcllen, und unterst\u00fctzen OEM und ODM.<\/li>\n<li><strong>Herstellung<\/strong>: Dank fortschrittlicher Ausr\u00fcstung und Technologie sind wir in der Lage, die Produktion von Auftr\u00e4gen mit hoher Effizienz und Qualit\u00e4t durchzuf\u00fchren und p\u00fcnktlich zu liefern.<\/li>\n<li><strong>Qualit\u00e4tskontrolle<\/strong>: Strenge Einhaltung der Qualit\u00e4tsstandards und der Anforderungen an die Lebensmittelsicherheit, um sicherzustellen, dass die Produkte den Standards entsprechen.<\/li>\n<li><strong>Team Technische Unterst\u00fctzung<\/strong>: Unser Team verf\u00fcgt \u00fcber reiche Branchenerfahrung und Fachkenntnisse und kann unseren Kunden technische Unterst\u00fctzung und einen 24-Stunden-Beratungsservice bieten.<\/li>\n<li><strong>Kostenlose Probe<\/strong>: Wir bieten Ihnen einen kostenlosen Musterservice, damit Sie die Produkte bewerten k\u00f6nnen.<\/li>\n<\/ul>\n<p>Huiyang Packaging hat es sich zur Aufgabe gemacht, seinen Kunden qualitativ hochwertige und ma\u00dfgeschneiderte Verpackungen f\u00fcr Tiernahrung zu liefern, um ihnen zu helfen, ihr Produktimage zu verbessern und ihre Wettbewerbsf\u00e4higkeit auf dem Markt zu steigern.<\/p>","protected":false},"featured_media":4501,"comment_status":"open","ping_status":"closed","template":"","meta":[],"product_brand":[],"product_cat":[51],"product_tag":[],"class_list":{"0":"post-4495","1":"product","2":"type-product","3":"status-publish","4":"has-post-thumbnail","6":"product_cat-custom-food-packaging-bags","8":"first","9":"instock","10":"shipping-taxable","11":"product-type-simple"},"_links":{"self":[{"href":"https:\/\/www.hyflexpack.com\/de\/wp-json\/wp\/v2\/product\/4495","targetHints":{"allow":["GET"]}}],"collection":[{"href":"https:\/\/www.hyflexpack.com\/de\/wp-json\/wp\/v2\/product"}],"about":[{"href":"https:\/\/www.hyflexpack.com\/de\/wp-json\/wp\/v2\/types\/product"}],"replies":[{"embeddable":true,"href":"https:\/\/www.hyflexpack.com\/de\/wp-json\/wp\/v2\/comments?post=4495"}],"wp:featuredmedia":[{"embeddable":true,"href":"https:\/\/www.hyflexpack.com\/de\/wp-json\/wp\/v2\/media\/4501"}],"wp:attachment":[{"href":"https:\/\/www.hyflexpack.com\/de\/wp-json\/wp\/v2\/media?parent=4495"}],"wp:term":[{"taxonomy":"product_brand","embeddable":true,"href":"https:\/\/www.hyflexpack.com\/de\/wp-json\/wp\/v2\/product_brand?post=4495"},{"taxonomy":"product_cat","embeddable":true,"href":"https:\/\/www.hyflexpack.com\/de\/wp-json\/wp\/v2\/product_cat?post=4495"},{"taxonomy":"product_tag","embeddable":true,"href":"https:\/\/www.hyflexpack.com\/de\/wp-json\/wp\/v2\/product_tag?post=4495"}],"curies":[{"name":"wp","href":"https:\/\/api.w.org\/{rel}","templated":true}]}}