{"id":4478,"date":"2024-06-14T07:34:21","date_gmt":"2024-06-14T07:34:21","guid":{"rendered":"https:\/\/www.hyflexpack.com\/?post_type=product&#038;p=4478"},"modified":"2025-03-14T07:00:18","modified_gmt":"2025-03-14T07:00:18","slug":"individuelle-kaffeebeutel","status":"publish","type":"product","link":"https:\/\/www.hyflexpack.com\/de\/product\/custom-coffee-pouches\/","title":{"rendered":"Benutzerdefinierte Kaffeebeutel Flachbodenbeutel mit Ventil Zipper Taschen Fabrik"},"content":{"rendered":"<div class=\"wp-block-columns is-layout-flex wp-container-core-columns-is-layout-9d6595d7 wp-block-columns-is-layout-flex\">\n<div class=\"wp-block-column is-layout-flow wp-block-column-is-layout-flow\">\n<h3 class=\"wp-block-heading\">Merkmale von hochwertigen Kaffeebeuteln im Gro\u00dfhandel<\/h3>\n\n\n\n<ul class=\"wp-block-list\">\n<li><strong>Hochwertiges Material<\/strong>Die Kaffeebeutel werden aus hochbarrierenden Materialien wie Aluminiumfolie, Polyethylen (PE), Polyester (PET) usw. hergestellt, um sicherzustellen, dass der Kaffee lange haltbar ist. Die mehrschichtige Verbundstruktur sch\u00fctzt wirksam vor Feuchtigkeit, Oxidation und UV-Strahlen und sch\u00fctzt den Kaffee vor \u00e4u\u00dferen Einfl\u00fcssen.<\/li>\n<\/ul>\n\n\n\n<p><\/p>\n\n\n\n<ul class=\"wp-block-list\">\n<li><strong>Flachboden-Beutel-Design<\/strong>: Der flache Boden erm\u00f6glicht es der Tasche, fest zu stehen, was f\u00fcr die Pr\u00e4sentation und Lagerung g\u00fcnstig ist, und verbessert die Wirkung der Regalauslage, was f\u00fcr die Verbraucher bequem zu kaufen ist.<\/li>\n<\/ul>\n\n\n\n<p><\/p>\n\n\n\n<ul class=\"wp-block-list\">\n<li><strong>Einweg-Entl\u00fcftung<\/strong>: Ausgestattet mit einem Einweg-Entl\u00fcftungsventil (Ventil), kann es das aus den Kaffeebohnen freigesetzte Gas effektiv abf\u00fchren und so verhindern, dass der Beutel durch den Anstieg des Luftdrucks im Inneren des Beutels platzt und dass Au\u00dfenluft eindringt, um die beste Frische des Kaffees zu erhalten.<\/li>\n<\/ul>\n\n\n\n<p><\/p>\n\n\n\n<ul class=\"wp-block-list\">\n<li><strong>Umweltfreundliche Materialoptionen<\/strong>: Umweltfreundliche Materialien, wie z. B. biologisch abbaubare und wiederverwertbare Materialien, stehen zur Verf\u00fcgung, um den Anforderungen des Umweltschutzes und der nachhaltigen Entwicklung gerecht zu werden und dem gr\u00fcnen Trend zu entsprechen.<\/li>\n<\/ul>\n<\/div>\n\n\n\n<div class=\"wp-block-column is-layout-flow wp-block-column-is-layout-flow\">\n<figure class=\"wp-block-image size-full\"><img fetchpriority=\"high\" decoding=\"async\" width=\"750\" height=\"750\" src=\"https:\/\/www.hyflexpack.com\/wp-content\/uploads\/2024\/06\/Custom-Coffee-Pouches-Quad-Seal-Pouch-3-1.webp\" alt=\"Individuell gestaltete Kaffeebeutel Quad Seal Pouch\" class=\"wp-image-4492\" srcset=\"https:\/\/www.hyflexpack.com\/wp-content\/uploads\/2024\/06\/Custom-Coffee-Pouches-Quad-Seal-Pouch-3-1.webp 750w, https:\/\/www.hyflexpack.com\/wp-content\/uploads\/2024\/06\/Custom-Coffee-Pouches-Quad-Seal-Pouch-3-1-300x300.webp 300w, https:\/\/www.hyflexpack.com\/wp-content\/uploads\/2024\/06\/Custom-Coffee-Pouches-Quad-Seal-Pouch-3-1-150x150.webp 150w, https:\/\/www.hyflexpack.com\/wp-content\/uploads\/2024\/06\/Custom-Coffee-Pouches-Quad-Seal-Pouch-3-1-12x12.webp 12w, https:\/\/www.hyflexpack.com\/wp-content\/uploads\/2024\/06\/Custom-Coffee-Pouches-Quad-Seal-Pouch-3-1-285x285.webp 285w, https:\/\/www.hyflexpack.com\/wp-content\/uploads\/2024\/06\/Custom-Coffee-Pouches-Quad-Seal-Pouch-3-1-270x270.webp 270w, https:\/\/www.hyflexpack.com\/wp-content\/uploads\/2024\/06\/Custom-Coffee-Pouches-Quad-Seal-Pouch-3-1-540x540.webp 540w, https:\/\/www.hyflexpack.com\/wp-content\/uploads\/2024\/06\/Custom-Coffee-Pouches-Quad-Seal-Pouch-3-1-660x660.webp 660w\" sizes=\"(max-width: 750px) 100vw, 750px\" \/><\/figure>\n<\/div>\n<\/div>\n\n\n\n<p><\/p>","protected":false},"excerpt":{"rendered":"<p>Unsere Kaffeebeutel werden aus hochbarrierem Material hergestellt, um eine lang anhaltende Frische des Kaffees zu gew\u00e4hrleisten. Das flache Bodendesign verbessert die Festigkeit und die Pr\u00e4sentation der Beutel, und wir bieten umweltfreundliche Materialoptionen und eine Vielzahl von individuellen Dienstleistungen, um Ihre Marke zu verbessern. W\u00e4hlen Sie unsere Kaffeebeutel, um Qualit\u00e4t und Wettbewerbsf\u00e4higkeit zu gew\u00e4hrleisten.<\/p>\n<h3>Vorteile von Kaffeebeuteln als Lieferant<\/h3>\n<ul>\n<li><strong>Kundenspezifisches Design<\/strong>: Wir bieten kundenspezifische Design-Kaffee-Verpackungstaschen Service, einschlie\u00dflich Material, Gr\u00f6\u00dfe und Druckmuster Anpassung an die Bed\u00fcrfnisse der Kunden zu erf\u00fcllen, und unterst\u00fctzen OEM und ODM.<\/li>\n<li><strong>Herstellung<\/strong>: Dank fortschrittlicher Ausr\u00fcstung und Technologie sind wir in der Lage, die Produktion von Auftr\u00e4gen mit hoher Effizienz und Qualit\u00e4t durchzuf\u00fchren und p\u00fcnktlich zu liefern.<\/li>\n<li><strong>Qualit\u00e4tskontrolle<\/strong>: Strenge Einhaltung der Qualit\u00e4tsstandards und der Anforderungen an die Lebensmittelsicherheit, um sicherzustellen, dass die Produkte den Standards entsprechen.<\/li>\n<li><strong>Team Technische Unterst\u00fctzung<\/strong>: Unser Team verf\u00fcgt \u00fcber reiche Branchenerfahrung und Fachkenntnisse und kann unseren Kunden technische Unterst\u00fctzung und einen 24-Stunden-Beratungsservice bieten.<\/li>\n<li><strong>Kostenlose Probe<\/strong>: Wir bieten Ihnen einen kostenlosen Musterservice, damit Sie die Produkte bewerten k\u00f6nnen.<\/li>\n<\/ul>\n<p><strong>Huiyang Verpackung<\/strong> hat es sich zur Aufgabe gemacht, seinen Kunden qualitativ hochwertige und ma\u00dfgeschneiderte Kaffeebeutel zu liefern, um ihnen zu helfen, ihr Produktimage zu verbessern und ihre Wettbewerbsf\u00e4higkeit auf dem Markt zu steigern.<\/p>","protected":false},"featured_media":4493,"comment_status":"open","ping_status":"closed","template":"","meta":[],"product_brand":[],"product_cat":[55],"product_tag":[],"class_list":{"0":"post-4478","1":"product","2":"type-product","3":"status-publish","4":"has-post-thumbnail","6":"product_cat-custom-coffee-packaging","8":"first","9":"instock","10":"shipping-taxable","11":"product-type-simple"},"_links":{"self":[{"href":"https:\/\/www.hyflexpack.com\/de\/wp-json\/wp\/v2\/product\/4478","targetHints":{"allow":["GET"]}}],"collection":[{"href":"https:\/\/www.hyflexpack.com\/de\/wp-json\/wp\/v2\/product"}],"about":[{"href":"https:\/\/www.hyflexpack.com\/de\/wp-json\/wp\/v2\/types\/product"}],"replies":[{"embeddable":true,"href":"https:\/\/www.hyflexpack.com\/de\/wp-json\/wp\/v2\/comments?post=4478"}],"wp:featuredmedia":[{"embeddable":true,"href":"https:\/\/www.hyflexpack.com\/de\/wp-json\/wp\/v2\/media\/4493"}],"wp:attachment":[{"href":"https:\/\/www.hyflexpack.com\/de\/wp-json\/wp\/v2\/media?parent=4478"}],"wp:term":[{"taxonomy":"product_brand","embeddable":true,"href":"https:\/\/www.hyflexpack.com\/de\/wp-json\/wp\/v2\/product_brand?post=4478"},{"taxonomy":"product_cat","embeddable":true,"href":"https:\/\/www.hyflexpack.com\/de\/wp-json\/wp\/v2\/product_cat?post=4478"},{"taxonomy":"product_tag","embeddable":true,"href":"https:\/\/www.hyflexpack.com\/de\/wp-json\/wp\/v2\/product_tag?post=4478"}],"curies":[{"name":"wp","href":"https:\/\/api.w.org\/{rel}","templated":true}]}}