{"id":4453,"date":"2024-06-07T02:32:49","date_gmt":"2024-06-07T02:32:49","guid":{"rendered":"https:\/\/www.hyflexpack.com\/?post_type=product&#038;p=4453"},"modified":"2025-11-04T09:22:10","modified_gmt":"2025-11-04T09:22:10","slug":"cold-seal-film-solutions","status":"publish","type":"product","link":"https:\/\/www.hyflexpack.com\/de\/product\/cold-seal-film-solutions\/","title":{"rendered":"UV-Beschichtung Kaltsiegelfolienl\u00f6sungen Hochbarriere-Schrumpffolie Kunststofffolie\u00a0"},"content":{"rendered":"<div class=\"wp-block-columns is-layout-flex wp-container-core-columns-is-layout-9d6595d7 wp-block-columns-is-layout-flex\">\n<div class=\"wp-block-column is-layout-flow wp-block-column-is-layout-flow\">\n<h3 class=\"wp-block-heading\">Merkmale der hochwertigen UV-Beschichtung Cold Seal Film<\/h3>\n\n\n\n<ul class=\"wp-block-list\">\n<li>\u00dcberlegene UV-Beschichtung: Cold Seal-Folien nutzen eine fortschrittliche UV-Beschichtungstechnologie, um die Abriebfestigkeit und den Glanz der Folie zu verbessern und so bessere optische Effekte und Schutzeigenschaften zu erzielen.<\/li>\n<\/ul>\n\n\n\n<p><\/p>\n\n\n\n<ul class=\"wp-block-list\">\n<li>Effiziente Kaltversiegelung: Versiegeln ohne Erhitzen, einfach zu bedienen, es muss nur Druck ausge\u00fcbt werden, um eine dichte Versiegelung zu erreichen, geeignet f\u00fcr eine Vielzahl von Verpackungsanwendungen.<\/li>\n<\/ul>\n\n\n\n<p><\/p>\n\n\n\n<ul class=\"wp-block-list\">\n<li>Hohe Barriereleistung: Hochwertige Materialien bieten eine hervorragende Barriereleistung, die das Eindringen von Sauerstoff, Feuchtigkeit usw. wirksam verhindert, um die Frische und Qualit\u00e4t der Produkte zu erhalten.<\/li>\n<\/ul>\n\n\n\n<p><\/p>\n\n\n\n<ul class=\"wp-block-list\">\n<li>OEM\/ODM-Service: Wir bieten einen personalisierten und ma\u00dfgeschneiderten Service, um die individuellen Bed\u00fcrfnisse der Kunden zu erf\u00fcllen und das Markendesign und die Marktpositionierung zu unterst\u00fctzen.<\/li>\n<\/ul>\n\n\n\n<p><\/p>\n\n\n\n<ul class=\"wp-block-list\">\n<li>Umweltvertr\u00e4gliche Materialien: Verwenden Sie umweltfreundliche Materialien, die internationalen Standards entsprechen, sicher und ungiftig sind und zum Ziel der nachhaltigen Entwicklung beitragen.<\/li>\n<\/ul>\n<\/div>\n\n\n\n<div class=\"wp-block-column is-layout-flow wp-block-column-is-layout-flow\">\n<figure class=\"wp-block-image size-full\"><img fetchpriority=\"high\" decoding=\"async\" width=\"750\" height=\"750\" src=\"https:\/\/www.hyflexpack.com\/wp-content\/uploads\/2024\/06\/wholesale-Cold-Seal-Film-OEMODM-3.webp\" alt=\"Gro\u00dfhandel Kaltsiegelfolie OEMODM\" class=\"wp-image-4456\" srcset=\"https:\/\/www.hyflexpack.com\/wp-content\/uploads\/2024\/06\/wholesale-Cold-Seal-Film-OEMODM-3.webp 750w, https:\/\/www.hyflexpack.com\/wp-content\/uploads\/2024\/06\/wholesale-Cold-Seal-Film-OEMODM-3-300x300.webp 300w, https:\/\/www.hyflexpack.com\/wp-content\/uploads\/2024\/06\/wholesale-Cold-Seal-Film-OEMODM-3-150x150.webp 150w, https:\/\/www.hyflexpack.com\/wp-content\/uploads\/2024\/06\/wholesale-Cold-Seal-Film-OEMODM-3-12x12.webp 12w, https:\/\/www.hyflexpack.com\/wp-content\/uploads\/2024\/06\/wholesale-Cold-Seal-Film-OEMODM-3-285x285.webp 285w, https:\/\/www.hyflexpack.com\/wp-content\/uploads\/2024\/06\/wholesale-Cold-Seal-Film-OEMODM-3-270x270.webp 270w, https:\/\/www.hyflexpack.com\/wp-content\/uploads\/2024\/06\/wholesale-Cold-Seal-Film-OEMODM-3-540x540.webp 540w, https:\/\/www.hyflexpack.com\/wp-content\/uploads\/2024\/06\/wholesale-Cold-Seal-Film-OEMODM-3-660x660.webp 660w\" sizes=\"(max-width: 750px) 100vw, 750px\" \/><\/figure>\n<\/div>\n<\/div>","protected":false},"excerpt":{"rendered":"<p>Unsere UV-beschichteten Kaltsiegelfolien bieten eine hervorragende Abriebfestigkeit und einen hervorragenden Glanz und erfordern keine Hitze f\u00fcr eine effiziente Versiegelung, wodurch sie sich f\u00fcr eine Vielzahl von Verpackungsanwendungen eignen. Durch die Unterst\u00fctzung von OEM\/ODM-Kundenanpassungsdiensten und die Verwendung umweltfreundlicher Materialien, die sicher und ungiftig sind, sind sie ideal f\u00fcr hochwertige Produkte.<\/p>\n<h3>Vorteile der UV-Beschichtung Cold Seal Film Supplier<\/h3>\n<ul>\n<li><strong>Kundenspezifisches Design<\/strong>: Wir bieten kundenspezifische Design Teebeutel Service, einschlie\u00dflich Material, Gr\u00f6\u00dfe, und Druckmuster Anpassung an die Bed\u00fcrfnisse der Kunden zu erf\u00fcllen, unterst\u00fctzt OEM und ODM.<\/li>\n<li><strong>Wettbewerbsvorteil<\/strong>: Diese Teebeutel k\u00f6nnen die Wettbewerbsf\u00e4higkeit der Produkte auf dem Markt durch ihr multifunktionales Design (z. B. Selbstverschluss und Metalldrahtverschluss) und ihren hochwertigen Druck erheblich verbessern.<\/li>\n<li><strong>Umweltvertr\u00e4gliche Materialien<\/strong>: Die Verwendung von umweltfreundlichen Materialien wie biologisch abbaubaren oder recycelbaren Verbundwerkstoffen. Dies entspricht den Umweltbed\u00fcrfnissen der Verbraucher und hilft den Unternehmen, ein gr\u00fcnes Markenimage aufzubauen.<\/li>\n<li><strong>Produktionseffizienz<\/strong>: Moderne Produktionsanlagen und -techniken k\u00f6nnen die Produktionseffizienz steigern, die St\u00fcckkosten senken und eine gleichbleibend hohe Qualit\u00e4t der Produkte gew\u00e4hrleisten.<\/li>\n<li><strong>Kostenlose Probe<\/strong>: Wir bieten Ihnen einen kostenlosen Musterservice, damit Sie die Produkte testen k\u00f6nnen.<\/li>\n<\/ul>\n<p>Huiyang Packaging hat es sich zur Aufgabe gemacht, seinen Kunden qualitativ hochwertige, kundenspezifische Kaltsiegelfolien zu liefern, um ihnen zu helfen, ihr Produktimage und ihre Umweltschutzanforderungen zu verbessern und ihre Wettbewerbsf\u00e4higkeit zu steigern.<\/p>","protected":false},"featured_media":4455,"comment_status":"open","ping_status":"closed","template":"","meta":[],"product_brand":[],"product_cat":[53,86],"product_tag":[],"class_list":{"0":"post-4453","1":"product","2":"type-product","3":"status-publish","4":"has-post-thumbnail","6":"product_cat-packaging-film-supplier","7":"product_cat-cold-seal-film","9":"first","10":"instock","11":"shipping-taxable","12":"product-type-simple"},"_links":{"self":[{"href":"https:\/\/www.hyflexpack.com\/de\/wp-json\/wp\/v2\/product\/4453","targetHints":{"allow":["GET"]}}],"collection":[{"href":"https:\/\/www.hyflexpack.com\/de\/wp-json\/wp\/v2\/product"}],"about":[{"href":"https:\/\/www.hyflexpack.com\/de\/wp-json\/wp\/v2\/types\/product"}],"replies":[{"embeddable":true,"href":"https:\/\/www.hyflexpack.com\/de\/wp-json\/wp\/v2\/comments?post=4453"}],"wp:featuredmedia":[{"embeddable":true,"href":"https:\/\/www.hyflexpack.com\/de\/wp-json\/wp\/v2\/media\/4455"}],"wp:attachment":[{"href":"https:\/\/www.hyflexpack.com\/de\/wp-json\/wp\/v2\/media?parent=4453"}],"wp:term":[{"taxonomy":"product_brand","embeddable":true,"href":"https:\/\/www.hyflexpack.com\/de\/wp-json\/wp\/v2\/product_brand?post=4453"},{"taxonomy":"product_cat","embeddable":true,"href":"https:\/\/www.hyflexpack.com\/de\/wp-json\/wp\/v2\/product_cat?post=4453"},{"taxonomy":"product_tag","embeddable":true,"href":"https:\/\/www.hyflexpack.com\/de\/wp-json\/wp\/v2\/product_tag?post=4453"}],"curies":[{"name":"wp","href":"https:\/\/api.w.org\/{rel}","templated":true}]}}