{"id":4437,"date":"2024-06-06T04:04:49","date_gmt":"2024-06-06T04:04:49","guid":{"rendered":"https:\/\/www.hyflexpack.com\/?post_type=product&#038;p=4437"},"modified":"2024-06-06T06:06:29","modified_gmt":"2024-06-06T06:06:29","slug":"individuell-bedruckte-rollenware","status":"publish","type":"product","link":"https:\/\/www.hyflexpack.com\/de\/product\/custom-printed-roll-stock-film\/","title":{"rendered":"Individuell bedruckte Rollenware f\u00fcr Bonbonverpackungen Lolipop Sachet"},"content":{"rendered":"<div class=\"wp-block-columns is-layout-flex wp-container-core-columns-is-layout-9d6595d7 wp-block-columns-is-layout-flex\">\n<div class=\"wp-block-column is-layout-flow wp-block-column-is-layout-flow\">\n<h3 class=\"wp-block-heading\">Merkmale von hochwertigen bedruckten Rollenfilmen<\/h3>\n\n\n\n<ul class=\"wp-block-list\">\n<li>Hochwertiger Druck: Die individuell bedruckte Rollenware verwendet die modernste Drucktechnologie mit leuchtenden Farben und klaren Mustern, um das Markenimage zu verbessern.<\/li>\n<\/ul>\n\n\n\n<p><\/p>\n\n\n\n<ul class=\"wp-block-list\">\n<li>Ausgezeichneter Schutz: Hochwertige laminierte Materialien bieten einen ausgezeichneten Feuchtigkeits-, Staub- und UV-Schutz, um sicherzustellen, dass die S\u00fc\u00dfigkeiten w\u00e4hrend des Transports und der Lagerung frisch bleiben.<\/li>\n<\/ul>\n\n\n\n<p><\/p>\n\n\n\n<ul class=\"wp-block-list\">\n<li>Hocheffiziente Automatisierung: Es wurde so konzipiert, dass es f\u00fcr eine Vielzahl von automatischen Verpackungsmaschinen geeignet ist und die Produktionseffizienz erheblich verbessert, manuelle Arbeitsschritte reduziert, Produktionskosten spart und die Gesamteffizienz der Produktion steigert.<\/li>\n<\/ul>\n\n\n\n<p><\/p>\n\n\n\n<ul class=\"wp-block-list\">\n<li>Umweltvertr\u00e4gliche Materialien: Die Verwendung von umweltfreundlichen Materialien, die internationalen Standards entsprechen, ist sicher und ungiftig. So wird sichergestellt, dass die Produktverpackung verbraucher- und umweltfreundlich ist und zu einer nachhaltigen Entwicklung beitr\u00e4gt.<\/li>\n<\/ul>\n<\/div>\n\n\n\n<div class=\"wp-block-column is-layout-flow wp-block-column-is-layout-flow\">\n<figure class=\"wp-block-image size-full\"><img fetchpriority=\"high\" decoding=\"async\" width=\"750\" height=\"750\" src=\"https:\/\/www.hyflexpack.com\/wp-content\/uploads\/2024\/06\/Custom-Printed-Roll-Stock-14.webp\" alt=\"Individuell bedruckte Rollenware \" class=\"wp-image-4446\" srcset=\"https:\/\/www.hyflexpack.com\/wp-content\/uploads\/2024\/06\/Custom-Printed-Roll-Stock-14.webp 750w, https:\/\/www.hyflexpack.com\/wp-content\/uploads\/2024\/06\/Custom-Printed-Roll-Stock-14-300x300.webp 300w, https:\/\/www.hyflexpack.com\/wp-content\/uploads\/2024\/06\/Custom-Printed-Roll-Stock-14-150x150.webp 150w, https:\/\/www.hyflexpack.com\/wp-content\/uploads\/2024\/06\/Custom-Printed-Roll-Stock-14-12x12.webp 12w, https:\/\/www.hyflexpack.com\/wp-content\/uploads\/2024\/06\/Custom-Printed-Roll-Stock-14-285x285.webp 285w, https:\/\/www.hyflexpack.com\/wp-content\/uploads\/2024\/06\/Custom-Printed-Roll-Stock-14-270x270.webp 270w, https:\/\/www.hyflexpack.com\/wp-content\/uploads\/2024\/06\/Custom-Printed-Roll-Stock-14-540x540.webp 540w, https:\/\/www.hyflexpack.com\/wp-content\/uploads\/2024\/06\/Custom-Printed-Roll-Stock-14-660x660.webp 660w\" sizes=\"(max-width: 750px) 100vw, 750px\" \/><\/figure>\n<\/div>\n<\/div>","protected":false},"excerpt":{"rendered":"<p>Informieren Sie sich \u00fcber individuell bedruckte Rollenware f\u00fcr S\u00fc\u00dfwarenverpackungen und Lutscherbeutel mit hochwertigen Materialien, die einen hervorragenden Schutz bieten und die S\u00fc\u00dfigkeiten frisch halten. Sie ist mit einer Vielzahl von automatischen Verpackungsmaschinen kompatibel und erm\u00f6glicht so eine effiziente automatisierte Produktion und Kosteneinsparungen. W\u00e4hlen Sie uns f\u00fcr Ihre beste Verpackungsl\u00f6sung.<\/p>\n<h3>Vorteile der bedruckten Rollenware des Folienlieferanten<\/h3>\n<ul>\n<li><strong>Kundenspezifisches Design<\/strong>: Wir bieten individuelle Designl\u00f6sungen und ma\u00dfgeschneiderte Verpackungen mit verschiedenen Spezifikationen, Gr\u00f6\u00dfen und Druckmustern entsprechend den Kundenanforderungen.<\/li>\n<li><strong>Qualit\u00e4tssicherung<\/strong>: Strenge Kontrolle des Produktionsprozesses, Auswahl hochwertiger Materialien und fortschrittlicher Ausr\u00fcstung, um eine stabile und zuverl\u00e4ssige Produktqualit\u00e4t zu gew\u00e4hrleisten.<\/li>\n<li><strong>Rechtzeitige Lieferung<\/strong>: Optimierung des Produktionsprozesses, Verbesserung der Produktionseffizienz, um eine p\u00fcnktliche Lieferung der Kundenauftr\u00e4ge zu gew\u00e4hrleisten und den dringenden Bedarf der Kunden zu decken.<\/li>\n<li><strong>Professionelle technische Unterst\u00fctzung<\/strong>: Ein erfahrenes technisches Team bietet professionellen technischen Support und Kundendienst, um eine rechtzeitige Reaktion und L\u00f6sung f\u00fcr die Nachfrage zu gew\u00e4hrleisten.<\/li>\n<li><strong>Kostenlose Probe<\/strong>: Wir bieten Ihnen einen kostenlosen Musterservice, damit Sie die Produkte bewerten k\u00f6nnen.<\/li>\n<\/ul>\n<p>Huiyang Packaging hat es sich zur Aufgabe gemacht, seinen Kunden qualitativ hochwertige, individuell bedruckte Rollenware zur Verf\u00fcgung zu stellen, um ihnen dabei zu helfen, ihr Produktimage und ihre Wettbewerbsf\u00e4higkeit auf dem Markt zu verbessern.<\/p>","protected":false},"featured_media":4438,"comment_status":"open","ping_status":"closed","template":"","meta":[],"product_brand":[],"product_cat":[53],"product_tag":[],"class_list":{"0":"post-4437","1":"product","2":"type-product","3":"status-publish","4":"has-post-thumbnail","6":"product_cat-packaging-film-supplier","8":"first","9":"instock","10":"shipping-taxable","11":"product-type-simple"},"_links":{"self":[{"href":"https:\/\/www.hyflexpack.com\/de\/wp-json\/wp\/v2\/product\/4437","targetHints":{"allow":["GET"]}}],"collection":[{"href":"https:\/\/www.hyflexpack.com\/de\/wp-json\/wp\/v2\/product"}],"about":[{"href":"https:\/\/www.hyflexpack.com\/de\/wp-json\/wp\/v2\/types\/product"}],"replies":[{"embeddable":true,"href":"https:\/\/www.hyflexpack.com\/de\/wp-json\/wp\/v2\/comments?post=4437"}],"wp:featuredmedia":[{"embeddable":true,"href":"https:\/\/www.hyflexpack.com\/de\/wp-json\/wp\/v2\/media\/4438"}],"wp:attachment":[{"href":"https:\/\/www.hyflexpack.com\/de\/wp-json\/wp\/v2\/media?parent=4437"}],"wp:term":[{"taxonomy":"product_brand","embeddable":true,"href":"https:\/\/www.hyflexpack.com\/de\/wp-json\/wp\/v2\/product_brand?post=4437"},{"taxonomy":"product_cat","embeddable":true,"href":"https:\/\/www.hyflexpack.com\/de\/wp-json\/wp\/v2\/product_cat?post=4437"},{"taxonomy":"product_tag","embeddable":true,"href":"https:\/\/www.hyflexpack.com\/de\/wp-json\/wp\/v2\/product_tag?post=4437"}],"curies":[{"name":"wp","href":"https:\/\/api.w.org\/{rel}","templated":true}]}}