{"id":4426,"date":"2024-06-06T03:33:02","date_gmt":"2024-06-06T03:33:02","guid":{"rendered":"https:\/\/www.hyflexpack.com\/?post_type=product&#038;p=4426"},"modified":"2024-06-06T03:33:05","modified_gmt":"2024-06-06T03:33:05","slug":"groshandel-mit-rollenmaterial-film","status":"publish","type":"product","link":"https:\/\/www.hyflexpack.com\/de\/product\/wholesale-roll-stock-film\/","title":{"rendered":"Gro\u00dfhandel Rolle Lager Filme f\u00fcr automatische Verpackung Film von Obst S\u00fc\u00dfigkeiten"},"content":{"rendered":"<div class=\"wp-block-columns is-layout-flex wp-container-core-columns-is-layout-9d6595d7 wp-block-columns-is-layout-flex\">\n<div class=\"wp-block-column is-layout-flow wp-block-column-is-layout-flow\">\n<h3 class=\"wp-block-heading\">Eigenschaften von hochwertigen Rollenfilmen<\/h3>\n\n\n\n<ul class=\"wp-block-list\">\n<li>Hochwertiger Druck: Die mit modernster Drucktechnik bedruckten Rollenware-Folien sorgen f\u00fcr leuchtende Farben und klare Muster, was das Markenimage stark verbessert und Ihre Produkte im Regal attraktiver macht.<\/li>\n<\/ul>\n\n\n\n<p><\/p>\n\n\n\n<ul class=\"wp-block-list\">\n<li>Ausgezeichnete Schutzleistung: Das hochwertige laminierte Material ist hervorragend feuchtigkeits- und staubbest\u00e4ndig und sorgt daf\u00fcr, dass die S\u00fc\u00dfigkeiten w\u00e4hrend des Verpackungsprozesses und im Regal frisch bleiben, wodurch die Haltbarkeit des Produkts verl\u00e4ngert wird.<\/li>\n<\/ul>\n\n\n\n<p><\/p>\n\n\n\n<ul class=\"wp-block-list\">\n<li>Effiziente Automatisierung: Es ist f\u00fcr alle Arten von automatischen Verpackungsmaschinen geeignet und verbessert die Produktionseffizienz erheblich, reduziert den manuellen Betrieb, spart Produktionskosten und erh\u00f6ht die Gesamteffizienz der Produktion.<\/li>\n<\/ul>\n\n\n\n<p><\/p>\n\n\n\n<ul class=\"wp-block-list\">\n<li>Umweltvertr\u00e4gliche Materialien: Verwendung von umweltfreundlichen Materialien, die internationalen Standards entsprechen, sicher und ungiftig sind und sicherstellen, dass die Produktverpackungen verbraucher- und umweltfreundlich sind und einen Beitrag zur nachhaltigen Entwicklung leisten.<\/li>\n<\/ul>\n<\/div>\n\n\n\n<div class=\"wp-block-column is-layout-flow wp-block-column-is-layout-flow\">\n<figure class=\"wp-block-image size-full\"><img fetchpriority=\"high\" decoding=\"async\" width=\"750\" height=\"750\" src=\"https:\/\/www.hyflexpack.com\/wp-content\/uploads\/2024\/06\/Custom-Roll-Stock-Films-10.webp\" alt=\"Kundenspezifische Rollenware\" class=\"wp-image-4436\" srcset=\"https:\/\/www.hyflexpack.com\/wp-content\/uploads\/2024\/06\/Custom-Roll-Stock-Films-10.webp 750w, https:\/\/www.hyflexpack.com\/wp-content\/uploads\/2024\/06\/Custom-Roll-Stock-Films-10-300x300.webp 300w, https:\/\/www.hyflexpack.com\/wp-content\/uploads\/2024\/06\/Custom-Roll-Stock-Films-10-150x150.webp 150w, https:\/\/www.hyflexpack.com\/wp-content\/uploads\/2024\/06\/Custom-Roll-Stock-Films-10-12x12.webp 12w, https:\/\/www.hyflexpack.com\/wp-content\/uploads\/2024\/06\/Custom-Roll-Stock-Films-10-285x285.webp 285w, https:\/\/www.hyflexpack.com\/wp-content\/uploads\/2024\/06\/Custom-Roll-Stock-Films-10-270x270.webp 270w, https:\/\/www.hyflexpack.com\/wp-content\/uploads\/2024\/06\/Custom-Roll-Stock-Films-10-540x540.webp 540w, https:\/\/www.hyflexpack.com\/wp-content\/uploads\/2024\/06\/Custom-Roll-Stock-Films-10-660x660.webp 660w\" sizes=\"(max-width: 750px) 100vw, 750px\" \/><\/figure>\n<\/div>\n<\/div>","protected":false},"excerpt":{"rendered":"<p>Entdecken Sie ma\u00dfgeschneiderte Folien von der Rolle, die sich durch hochwertige Druck- und Laminiertechniken auszeichnen und f\u00fcr hervorragenden Schutz und ein auff\u00e4lliges Erscheinungsbild sorgen. Steigern Sie die Attraktivit\u00e4t Ihrer Marke, indem Sie unsere Verpackungsfolien f\u00fcr Ihre Verpackungsl\u00f6sungen w\u00e4hlen. Wir laden Sie ein, kostenlose Muster anzufordern!<\/p>\n<h3>Vorteile von Candy Roll Stock Films<\/h3>\n<ul>\n<li><strong>Kundenspezifisches Design<\/strong>: Wir bieten kundenspezifische Design Getr\u00e4nkeverpackungen Tasche Service, einschlie\u00dflich Material, Gr\u00f6\u00dfe und Druckmuster Anpassung an Kundenbed\u00fcrfnisse zu erf\u00fcllen, und unterst\u00fctzen OEM und ODM.<\/li>\n<li><strong>Herstellung<\/strong>: Mit fortschrittlicher Ausr\u00fcstung und Technologie k\u00f6nnen wir die Auftragsfertigung mit hoher Effizienz und hoher Qualit\u00e4t durchf\u00fchren und p\u00fcnktlich liefern.<\/li>\n<li><strong>Qualit\u00e4tskontrolle<\/strong>: Strenge Einhaltung der Qualit\u00e4tsstandards und der Anforderungen an die Lebensmittelsicherheit bei der Produktion, um sicherzustellen, dass die Produkte den Standards entsprechen.<\/li>\n<li><strong>Kundenbetreuung<\/strong>24 Stunden, um eine rasche Reaktion und eine aufmerksame Kundenbetreuung zu gew\u00e4hrleisten.<\/li>\n<li><strong>Kostenlose Probe<\/strong>\uff1a Wir bieten Ihnen einen kostenlosen Musterservice, damit Sie die Produkte bewerten k\u00f6nnen.<\/li>\n<\/ul>\n<p>Huiyang Packaging hat es sich zur Aufgabe gemacht, seinen Kunden qualitativ hochwertige, ma\u00dfgeschneiderte Folien von der Rolle zu liefern, um ihnen zu helfen, ihr Produktimage zu verbessern und ihre Wettbewerbsf\u00e4higkeit auf dem Markt zu steigern.<\/p>","protected":false},"featured_media":4427,"comment_status":"open","ping_status":"closed","template":"","meta":[],"product_brand":[],"product_cat":[53],"product_tag":[],"class_list":{"0":"post-4426","1":"product","2":"type-product","3":"status-publish","4":"has-post-thumbnail","6":"product_cat-packaging-film-supplier","8":"first","9":"instock","10":"shipping-taxable","11":"product-type-simple"},"_links":{"self":[{"href":"https:\/\/www.hyflexpack.com\/de\/wp-json\/wp\/v2\/product\/4426","targetHints":{"allow":["GET"]}}],"collection":[{"href":"https:\/\/www.hyflexpack.com\/de\/wp-json\/wp\/v2\/product"}],"about":[{"href":"https:\/\/www.hyflexpack.com\/de\/wp-json\/wp\/v2\/types\/product"}],"replies":[{"embeddable":true,"href":"https:\/\/www.hyflexpack.com\/de\/wp-json\/wp\/v2\/comments?post=4426"}],"wp:featuredmedia":[{"embeddable":true,"href":"https:\/\/www.hyflexpack.com\/de\/wp-json\/wp\/v2\/media\/4427"}],"wp:attachment":[{"href":"https:\/\/www.hyflexpack.com\/de\/wp-json\/wp\/v2\/media?parent=4426"}],"wp:term":[{"taxonomy":"product_brand","embeddable":true,"href":"https:\/\/www.hyflexpack.com\/de\/wp-json\/wp\/v2\/product_brand?post=4426"},{"taxonomy":"product_cat","embeddable":true,"href":"https:\/\/www.hyflexpack.com\/de\/wp-json\/wp\/v2\/product_cat?post=4426"},{"taxonomy":"product_tag","embeddable":true,"href":"https:\/\/www.hyflexpack.com\/de\/wp-json\/wp\/v2\/product_tag?post=4426"}],"curies":[{"name":"wp","href":"https:\/\/api.w.org\/{rel}","templated":true}]}}