{"id":4363,"date":"2024-06-06T02:38:18","date_gmt":"2024-06-06T02:38:18","guid":{"rendered":"https:\/\/www.hyflexpack.com\/?post_type=product&#038;p=4363"},"modified":"2024-06-06T02:54:04","modified_gmt":"2024-06-06T02:54:04","slug":"custom-candy-packaging-film","status":"publish","type":"product","link":"https:\/\/www.hyflexpack.com\/de\/product\/custom-candy-packaging-film\/","title":{"rendered":"Benutzerdefinierte S\u00fc\u00dfigkeitenverpackungsfolie Druck laminierte automatische Verpackungsrollenfolie"},"content":{"rendered":"<div class=\"wp-block-columns is-layout-flex wp-container-core-columns-is-layout-9d6595d7 wp-block-columns-is-layout-flex\">\n<div class=\"wp-block-column is-layout-flow wp-block-column-is-layout-flow\">\n<h3 class=\"wp-block-heading\">Features of High-Quality Candy Packaging Film<\/h3>\n\n\n\n<ul class=\"wp-block-list\">\n<li>High-Quality Material: the candy packaging is made of high-quality multi-layer composite materials with excellent moisture, oxygen, and freshness retention properties. All materials meet food contact safety standards.<\/li>\n<\/ul>\n\n\n\n<p><\/p>\n\n\n\n<ul class=\"wp-block-list\">\n<li>Excellent Printing Technology: Advanced printing technology ensures bright colors, clear images, and no color difference\u2014good abrasion and tear resistance to maintain the aesthetics and integrity of the package.<\/li>\n<\/ul>\n\n\n\n<ul class=\"wp-block-list\">\n<li>Efficient Automatic Packaging: Suitable for all automatic packaging equipment, ensuring an efficient and smooth production process. Uniform film tension ensures smooth operation and efficient sealing during the packaging process.<\/li>\n<\/ul>\n\n\n\n<p><\/p>\n\n\n\n<ul class=\"wp-block-list\">\n<li>Environmental Sustainability: The selection of environmentally friendly materials meets modern environmental standards and supports sustainable development. The production process uses the low-carbon process to reduce carbon emissions and practice green manufacturing.<\/li>\n<\/ul>\n\n\n\n<p><\/p>\n\n\n\n<ul class=\"wp-block-list\">\n<li>Multi-functional Protection: High-barrier materials effectively block the entry of moisture, keeping the freshness and taste of candy. Blocking oxygen and light, preventing the product from oxidizing and deteriorating, prolonging the shelf life.<\/li>\n<\/ul>\n<\/div>\n\n\n\n<div class=\"wp-block-column is-layout-flow wp-block-column-is-layout-flow\">\n<figure class=\"wp-block-image size-full\"><img fetchpriority=\"high\" decoding=\"async\" width=\"750\" height=\"750\" src=\"https:\/\/www.hyflexpack.com\/wp-content\/uploads\/2024\/06\/Custom-Candy-Packaging-Film-6_\u526f\u672c.webp\" alt=\"Custom Candy Packaging Film10\" class=\"wp-image-4376\" srcset=\"https:\/\/www.hyflexpack.com\/wp-content\/uploads\/2024\/06\/Custom-Candy-Packaging-Film-6_\u526f\u672c.webp 750w, https:\/\/www.hyflexpack.com\/wp-content\/uploads\/2024\/06\/Custom-Candy-Packaging-Film-6_\u526f\u672c-300x300.webp 300w, https:\/\/www.hyflexpack.com\/wp-content\/uploads\/2024\/06\/Custom-Candy-Packaging-Film-6_\u526f\u672c-150x150.webp 150w, https:\/\/www.hyflexpack.com\/wp-content\/uploads\/2024\/06\/Custom-Candy-Packaging-Film-6_\u526f\u672c-285x285.webp 285w, https:\/\/www.hyflexpack.com\/wp-content\/uploads\/2024\/06\/Custom-Candy-Packaging-Film-6_\u526f\u672c-270x270.webp 270w, https:\/\/www.hyflexpack.com\/wp-content\/uploads\/2024\/06\/Custom-Candy-Packaging-Film-6_\u526f\u672c-540x540.webp 540w, https:\/\/www.hyflexpack.com\/wp-content\/uploads\/2024\/06\/Custom-Candy-Packaging-Film-6_\u526f\u672c-660x660.webp 660w\" sizes=\"(max-width: 750px) 100vw, 750px\" \/><\/figure>\n<\/div>\n<\/div>","protected":false},"excerpt":{"rendered":"<p>Our custom candy packaging films are made with high-quality printing and lamination technology. Whether it&#8217;s personalized design or brand identity, our automatic packaging rolls of film can meet your various needs and help enhance the competitiveness of your products. Choose our candy packaging film for your packaging solutions.<\/p>\n<h3>Advantages of Candy Packaging Film Supplier<\/h3>\n<ul>\n<li><strong>Kundenspezifisches Design<\/strong>: Wir bieten kundenspezifische Design Getr\u00e4nkeverpackungen Tasche Service, einschlie\u00dflich Material, Gr\u00f6\u00dfe und Druckmuster Anpassung an Kundenbed\u00fcrfnisse zu erf\u00fcllen, und unterst\u00fctzen OEM und ODM.<\/li>\n<li><strong>Herstellung<\/strong>: Mit fortschrittlicher Ausr\u00fcstung und Technologie k\u00f6nnen wir die Auftragsfertigung mit hoher Effizienz und hoher Qualit\u00e4t durchf\u00fchren und p\u00fcnktlich liefern.<\/li>\n<li><strong>Qualit\u00e4tskontrolle<\/strong>: Strenge Einhaltung der Qualit\u00e4tsstandards und der Anforderungen an die Lebensmittelsicherheit bei der Produktion, um sicherzustellen, dass die Produkte den Standards entsprechen.<\/li>\n<li><strong>Kundenbetreuung<\/strong>24 Stunden, um eine rasche Reaktion und eine aufmerksame Kundenbetreuung zu gew\u00e4hrleisten.<\/li>\n<li><strong>Kostenlose Probe<\/strong>\uff1a Wir bieten Ihnen einen kostenlosen Musterservice, damit Sie die Produkte bewerten k\u00f6nnen.<\/li>\n<\/ul>","protected":false},"featured_media":4414,"comment_status":"open","ping_status":"closed","template":"","meta":[],"product_brand":[],"product_cat":[53],"product_tag":[],"class_list":{"0":"post-4363","1":"product","2":"type-product","3":"status-publish","4":"has-post-thumbnail","6":"product_cat-packaging-film-supplier","8":"first","9":"instock","10":"shipping-taxable","11":"product-type-simple"},"_links":{"self":[{"href":"https:\/\/www.hyflexpack.com\/de\/wp-json\/wp\/v2\/product\/4363","targetHints":{"allow":["GET"]}}],"collection":[{"href":"https:\/\/www.hyflexpack.com\/de\/wp-json\/wp\/v2\/product"}],"about":[{"href":"https:\/\/www.hyflexpack.com\/de\/wp-json\/wp\/v2\/types\/product"}],"replies":[{"embeddable":true,"href":"https:\/\/www.hyflexpack.com\/de\/wp-json\/wp\/v2\/comments?post=4363"}],"wp:featuredmedia":[{"embeddable":true,"href":"https:\/\/www.hyflexpack.com\/de\/wp-json\/wp\/v2\/media\/4414"}],"wp:attachment":[{"href":"https:\/\/www.hyflexpack.com\/de\/wp-json\/wp\/v2\/media?parent=4363"}],"wp:term":[{"taxonomy":"product_brand","embeddable":true,"href":"https:\/\/www.hyflexpack.com\/de\/wp-json\/wp\/v2\/product_brand?post=4363"},{"taxonomy":"product_cat","embeddable":true,"href":"https:\/\/www.hyflexpack.com\/de\/wp-json\/wp\/v2\/product_cat?post=4363"},{"taxonomy":"product_tag","embeddable":true,"href":"https:\/\/www.hyflexpack.com\/de\/wp-json\/wp\/v2\/product_tag?post=4363"}],"curies":[{"name":"wp","href":"https:\/\/api.w.org\/{rel}","templated":true}]}}