{"id":3790,"date":"2024-05-25T03:03:49","date_gmt":"2024-05-25T03:03:49","guid":{"rendered":"https:\/\/hyflexpack.com\/?post_type=product&#038;p=3790"},"modified":"2024-05-25T03:03:51","modified_gmt":"2024-05-25T03:03:51","slug":"groshandel-kuchen-verpackung-film","status":"publish","type":"product","link":"https:\/\/www.hyflexpack.com\/de\/product\/wholesale-cake-packaging-film\/","title":{"rendered":"Gro\u00dfhandel Kuchen Verpackung Film Aluminiumfolie Lebensmittel Verpackung Material Laminieren Film 35mm"},"content":{"rendered":"<div class=\"wp-block-columns is-layout-flex wp-container-core-columns-is-layout-9d6595d7 wp-block-columns-is-layout-flex\">\n<div class=\"wp-block-column is-layout-flow wp-block-column-is-layout-flow\">\n<h3 class=\"wp-block-heading\">Merkmale der hochwertigen Kuchenverpackungsfolie<\/h3>\n\n\n\n<ul class=\"wp-block-list\">\n<li>Hochwertiges Aluminiumfolienmaterial: Die Kuchenverpackungsfolie wird aus hochwertiger Aluminiumfolie hergestellt, die die Sicherheit und Haltbarkeit der Lebensmittelverpackung gew\u00e4hrleistet und die Frische und Qualit\u00e4t des Kuchens und anderer Lebensmittelprodukte wirksam sch\u00fctzt.<\/li>\n<\/ul>\n\n\n\n<p><\/p>\n\n\n\n<ul class=\"wp-block-list\">\n<li>Mehrschichtige Laminierungstechnologie: Es wird eine fortschrittliche mehrschichtige Laminierungstechnologie angewandt, die der Folie ausgezeichnete Antioxidations-, Feuchtigkeits- und Schmutzbest\u00e4ndigkeit verleiht und den Geschmack und das Aussehen der Lebensmittel bewahrt.<\/li>\n<\/ul>\n\n\n\n<p><\/p>\n\n\n\n<ul class=\"wp-block-list\">\n<li>35 mm Dicke: Die genau richtige Dicke von 35 mm gew\u00e4hrleistet die Festigkeit und Stabilit\u00e4t der Folie, ohne das Gewicht und die Kosten der Verpackung zu erh\u00f6hen, was den Kunden eine wirtschaftliche L\u00f6sung bietet.<\/li>\n<\/ul>\n\n\n\n<p><\/p>\n\n\n\n<ul class=\"wp-block-list\">\n<li>Markenpositionierung: Individuelles Design und Druck k\u00f6nnen verwendet werden, um das Markenimage und die Botschaft hervorzuheben und mehr Verbraucher anzuziehen.<\/li>\n<\/ul>\n\n\n\n<p><\/p>\n\n\n\n<ul class=\"wp-block-list\">\n<li>Nachhaltigkeit: Verwenden Sie biologisch abbaubare Materialien oder f\u00fchren Sie recycelbare Taschen ein, um der Vorliebe der Verbraucher f\u00fcr umweltfreundliche Produkte gerecht zu werden.<\/li>\n<\/ul>\n<\/div>\n\n\n\n<div class=\"wp-block-column is-layout-flow wp-block-column-is-layout-flow\">\n<figure class=\"wp-block-image size-full\"><img fetchpriority=\"high\" decoding=\"async\" width=\"750\" height=\"750\" src=\"https:\/\/hyflexpack.com\/wp-content\/uploads\/2024\/05\/Wholesale-Cake-Packaging-Film-7.webp\" alt=\"Gro\u00dfhandel Kuchen Verpackung Film\" class=\"wp-image-3797\" srcset=\"https:\/\/www.hyflexpack.com\/wp-content\/uploads\/2024\/05\/Wholesale-Cake-Packaging-Film-7.webp 750w, https:\/\/www.hyflexpack.com\/wp-content\/uploads\/2024\/05\/Wholesale-Cake-Packaging-Film-7-300x300.webp 300w, https:\/\/www.hyflexpack.com\/wp-content\/uploads\/2024\/05\/Wholesale-Cake-Packaging-Film-7-150x150.webp 150w, https:\/\/www.hyflexpack.com\/wp-content\/uploads\/2024\/05\/Wholesale-Cake-Packaging-Film-7-285x285.webp 285w, https:\/\/www.hyflexpack.com\/wp-content\/uploads\/2024\/05\/Wholesale-Cake-Packaging-Film-7-270x270.webp 270w, https:\/\/www.hyflexpack.com\/wp-content\/uploads\/2024\/05\/Wholesale-Cake-Packaging-Film-7-540x540.webp 540w, https:\/\/www.hyflexpack.com\/wp-content\/uploads\/2024\/05\/Wholesale-Cake-Packaging-Film-7-660x660.webp 660w\" sizes=\"(max-width: 750px) 100vw, 750px\" \/><\/figure>\n<\/div>\n<\/div>","protected":false},"excerpt":{"rendered":"<p>Entdecken Sie unsere Kuchenverpackungsfolien mit hochwertigen Materialien, fortschrittlicher Technologie und individuellem Service, um unseren Kunden sichere und zuverl\u00e4ssige flexible Verpackungsl\u00f6sungen zu bieten, die die Frische und Qualit\u00e4t von Lebensmitteln gew\u00e4hrleisten. Kontaktieren Sie uns noch heute, um exklusive Verpackungsl\u00f6sungen anzufertigen!<\/p>\n<h3>Vorteile von Tortenverpackungsfolie<\/h3>\n<ul>\n<li><strong>Ma\u00dfgeschneiderter Service<\/strong>: Bieten Sie einen personalisierten Service an, um die spezifischen Bed\u00fcrfnisse verschiedener Kunden zu erf\u00fcllen, indem Sie Details wie Gr\u00f6\u00dfe, Farbe und Druck bis zu 10 Farben entsprechend den Bed\u00fcrfnissen der Kunden anpassen.<\/li>\n<li><strong>Effiziente Produktion<\/strong>: Mit fortschrittlichen Produktionsanlagen und einem technischen Team sind wir in der Lage, schnell auf Kundenauftr\u00e4ge zu reagieren und eine hohe Qualit\u00e4t und p\u00fcnktliche Lieferung der Produkte zu gew\u00e4hrleisten.<\/li>\n<li><strong>Professionelle technische Unterst\u00fctzung<\/strong>: Ein erfahrenes technisches Team bietet professionellen technischen Support und Kundendienst, um eine rechtzeitige Reaktion und L\u00f6sung f\u00fcr die Nachfrage zu gew\u00e4hrleisten.<\/li>\n<li><strong>Kostenlose Probe<\/strong>: Wir bieten Ihnen einen kostenlosen Musterservice, damit Sie die Produkte bewerten k\u00f6nnen.<\/li>\n<\/ul>\n<p>Huiyang Packaging hat es sich zur Aufgabe gemacht, seinen Kunden qualitativ hochwertige, ma\u00dfgeschneiderte Kuchenverpackungsfolien zu liefern, um ihnen dabei zu helfen, ihr Produktimage und ihre Wettbewerbsf\u00e4higkeit auf dem Markt zu verbessern.<\/p>","protected":false},"featured_media":3793,"comment_status":"open","ping_status":"closed","template":"","meta":[],"product_brand":[],"product_cat":[53],"product_tag":[],"class_list":{"0":"post-3790","1":"product","2":"type-product","3":"status-publish","4":"has-post-thumbnail","6":"product_cat-packaging-film-supplier","8":"first","9":"instock","10":"shipping-taxable","11":"product-type-simple"},"_links":{"self":[{"href":"https:\/\/www.hyflexpack.com\/de\/wp-json\/wp\/v2\/product\/3790","targetHints":{"allow":["GET"]}}],"collection":[{"href":"https:\/\/www.hyflexpack.com\/de\/wp-json\/wp\/v2\/product"}],"about":[{"href":"https:\/\/www.hyflexpack.com\/de\/wp-json\/wp\/v2\/types\/product"}],"replies":[{"embeddable":true,"href":"https:\/\/www.hyflexpack.com\/de\/wp-json\/wp\/v2\/comments?post=3790"}],"wp:featuredmedia":[{"embeddable":true,"href":"https:\/\/www.hyflexpack.com\/de\/wp-json\/wp\/v2\/media\/3793"}],"wp:attachment":[{"href":"https:\/\/www.hyflexpack.com\/de\/wp-json\/wp\/v2\/media?parent=3790"}],"wp:term":[{"taxonomy":"product_brand","embeddable":true,"href":"https:\/\/www.hyflexpack.com\/de\/wp-json\/wp\/v2\/product_brand?post=3790"},{"taxonomy":"product_cat","embeddable":true,"href":"https:\/\/www.hyflexpack.com\/de\/wp-json\/wp\/v2\/product_cat?post=3790"},{"taxonomy":"product_tag","embeddable":true,"href":"https:\/\/www.hyflexpack.com\/de\/wp-json\/wp\/v2\/product_tag?post=3790"}],"curies":[{"name":"wp","href":"https:\/\/api.w.org\/{rel}","templated":true}]}}