{"id":3634,"date":"2024-05-24T09:38:52","date_gmt":"2024-05-24T09:38:52","guid":{"rendered":"https:\/\/hyflexpack.com\/?post_type=product&#038;p=3634"},"modified":"2024-05-24T09:38:54","modified_gmt":"2024-05-24T09:38:54","slug":"verpackungsbeutel-fur-kekse","status":"publish","type":"product","link":"https:\/\/www.hyflexpack.com\/de\/product\/custom-cookies-packaging-bag\/","title":{"rendered":"Benutzerdefinierte Kekse Verpackung Tasche Automatische Aluminiumfolie Verpackungsmaterial laminiert Film Rollen"},"content":{"rendered":"<div class=\"wp-block-columns is-layout-flex wp-container-core-columns-is-layout-9d6595d7 wp-block-columns-is-layout-flex\">\n<div class=\"wp-block-column is-layout-flow wp-block-column-is-layout-flow\">\n<h3 class=\"wp-block-heading\">Merkmale der Verpackungstasche f\u00fcr hochwertige Kekse<\/h3>\n\n\n\n<ul class=\"wp-block-list\">\n<li>Automatisierte Verpackungstechnologie: Die Keksverpackungsbeutel verwenden fortschrittliche Automatisierungstechnologie, um einen effizienten und schnellen Verpackungsprozess zu gew\u00e4hrleisten und praktische Verpackungsl\u00f6sungen f\u00fcr Kekse zu bieten.<\/li>\n<\/ul>\n\n\n\n<p><\/p>\n\n\n\n<ul class=\"wp-block-list\">\n<li>Alufolienschicht f\u00fcr Frische: Durch die ausgezeichnete Aluminiumfolie werden Sauerstoff, Feuchtigkeit und Licht effektiv isoliert, wodurch der frische Geschmack und die lang anhaltende Qualit\u00e4t der Kekse erhalten bleiben.<\/li>\n<\/ul>\n\n\n\n<p><\/p>\n\n\n\n<ul class=\"wp-block-list\">\n<li>\u00dcberlegene Leistung der laminierten Folie: Durch die Verwendung der Mehrschicht-Laminiertechnologie, die die Eigenschaften verschiedener Materialien kombiniert, bietet sie eine hervorragende Feuchtigkeits-, Oxidations- und Rei\u00dffestigkeit und gew\u00e4hrleistet die Integrit\u00e4t und Sicherheit der Verpackung.<\/li>\n<\/ul>\n\n\n\n<p><\/p>\n\n\n\n<ul class=\"wp-block-list\">\n<li>Markenpositionierung: Individuelles Design und Druck k\u00f6nnen verwendet werden, um das Markenimage und die Botschaft hervorzuheben und mehr Verbraucher anzuziehen.<\/li>\n<\/ul>\n\n\n\n<p><\/p>\n\n\n\n<ul class=\"wp-block-list\">\n<li>Nachhaltigkeit: Erw\u00e4gen Sie die Verwendung biologisch abbaubarer Materialien oder die Einf\u00fchrung von recycelbaren Taschen, um der Vorliebe der Verbraucher f\u00fcr umweltfreundliche Produkte Rechnung zu tragen.<\/li>\n<\/ul>\n<\/div>\n\n\n\n<div class=\"wp-block-column is-layout-flow wp-block-column-is-layout-flow\">\n<figure class=\"wp-block-image size-full\"><img fetchpriority=\"high\" decoding=\"async\" width=\"750\" height=\"750\" src=\"https:\/\/hyflexpack.com\/wp-content\/uploads\/2024\/05\/Custom-Cookies-Packaging-Bag14.webp\" alt=\"Benutzerdefinierte Kekse Verpackung Tasche\" class=\"wp-image-3655\" srcset=\"https:\/\/www.hyflexpack.com\/wp-content\/uploads\/2024\/05\/Custom-Cookies-Packaging-Bag14.webp 750w, https:\/\/www.hyflexpack.com\/wp-content\/uploads\/2024\/05\/Custom-Cookies-Packaging-Bag14-300x300.webp 300w, https:\/\/www.hyflexpack.com\/wp-content\/uploads\/2024\/05\/Custom-Cookies-Packaging-Bag14-150x150.webp 150w, https:\/\/www.hyflexpack.com\/wp-content\/uploads\/2024\/05\/Custom-Cookies-Packaging-Bag14-285x285.webp 285w, https:\/\/www.hyflexpack.com\/wp-content\/uploads\/2024\/05\/Custom-Cookies-Packaging-Bag14-270x270.webp 270w, https:\/\/www.hyflexpack.com\/wp-content\/uploads\/2024\/05\/Custom-Cookies-Packaging-Bag14-540x540.webp 540w, https:\/\/www.hyflexpack.com\/wp-content\/uploads\/2024\/05\/Custom-Cookies-Packaging-Bag14-660x660.webp 660w\" sizes=\"(max-width: 750px) 100vw, 750px\" \/><\/figure>\n<\/div>\n<\/div>","protected":false},"excerpt":{"rendered":"<p>Entdecken Sie unsere Keksverpackungsbeutel-Rollenfolie, die automatisiertes Aluminiumfolien-Verpackungsmaterial mit laminierter Folientechnologie bietet, um den frischen Geschmack und die Qualit\u00e4t von Keksen zu sch\u00fctzen. Wir bieten kundenspezifisches Design, Qualit\u00e4tssicherung und professionelle technische Unterst\u00fctzung. Kontaktieren Sie jetzt f\u00fcr Details.<\/p>\n<h3>Vorteile von Keksverpackungsbeuteln<\/h3>\n<ul>\n<li><strong>Kundenspezifisches Design<\/strong>: Wir bieten personalisierte Designl\u00f6sungen f\u00fcr unterschiedliche Spezifikationen, Gr\u00f6\u00dfen und Druckanforderungen mit bis zu 10 Farben je nach Kundenwunsch und unterst\u00fctzen OEM- und ODM-Anpassungen.<\/li>\n<li><strong>Qualit\u00e4tssicherung<\/strong>: Strenge Kontrolle des Produktionsprozesses, Verwendung von hochwertigen Rohstoffen und fortschrittlichen Produktionsanlagen, um eine stabile und zuverl\u00e4ssige Produktqualit\u00e4t zu gew\u00e4hrleisten.<\/li>\n<li><strong>Professionelle technische Unterst\u00fctzung<\/strong>: Mit einem erfahrenen technischen Team bieten wir professionellen technischen Support und Kundendienst, um sicherzustellen, dass die Bed\u00fcrfnisse der Kunden umgehend erf\u00fcllt und gel\u00f6st werden.<\/li>\n<li><strong>Kostenlose Probe<\/strong>: Wir bieten Ihnen einen kostenlosen Musterservice, damit Sie die Produkte bewerten k\u00f6nnen.<\/li>\n<\/ul>\n<p>Huiyang Packaging hat es sich zur Aufgabe gemacht, seinen Kunden hochwertige, ma\u00dfgeschneiderte Keksverpackungen zu liefern, um das Produktimage zu verbessern und die Wettbewerbsf\u00e4higkeit auf dem Markt zu steigern.<\/p>","protected":false},"featured_media":3649,"comment_status":"open","ping_status":"closed","template":"","meta":[],"product_brand":[],"product_cat":[53],"product_tag":[],"class_list":{"0":"post-3634","1":"product","2":"type-product","3":"status-publish","4":"has-post-thumbnail","6":"product_cat-packaging-film-supplier","8":"first","9":"instock","10":"shipping-taxable","11":"product-type-simple"},"_links":{"self":[{"href":"https:\/\/www.hyflexpack.com\/de\/wp-json\/wp\/v2\/product\/3634","targetHints":{"allow":["GET"]}}],"collection":[{"href":"https:\/\/www.hyflexpack.com\/de\/wp-json\/wp\/v2\/product"}],"about":[{"href":"https:\/\/www.hyflexpack.com\/de\/wp-json\/wp\/v2\/types\/product"}],"replies":[{"embeddable":true,"href":"https:\/\/www.hyflexpack.com\/de\/wp-json\/wp\/v2\/comments?post=3634"}],"wp:featuredmedia":[{"embeddable":true,"href":"https:\/\/www.hyflexpack.com\/de\/wp-json\/wp\/v2\/media\/3649"}],"wp:attachment":[{"href":"https:\/\/www.hyflexpack.com\/de\/wp-json\/wp\/v2\/media?parent=3634"}],"wp:term":[{"taxonomy":"product_brand","embeddable":true,"href":"https:\/\/www.hyflexpack.com\/de\/wp-json\/wp\/v2\/product_brand?post=3634"},{"taxonomy":"product_cat","embeddable":true,"href":"https:\/\/www.hyflexpack.com\/de\/wp-json\/wp\/v2\/product_cat?post=3634"},{"taxonomy":"product_tag","embeddable":true,"href":"https:\/\/www.hyflexpack.com\/de\/wp-json\/wp\/v2\/product_tag?post=3634"}],"curies":[{"name":"wp","href":"https:\/\/api.w.org\/{rel}","templated":true}]}}