{"id":3605,"date":"2024-05-24T09:04:55","date_gmt":"2024-05-24T09:04:55","guid":{"rendered":"https:\/\/hyflexpack.com\/?post_type=product&#038;p=3605"},"modified":"2024-05-25T04:03:48","modified_gmt":"2024-05-25T04:03:48","slug":"verpackungsbeutel-fur-kekse-nach-mas","status":"publish","type":"product","link":"https:\/\/www.hyflexpack.com\/de\/product\/custom-biscuit-packaging-bags\/","title":{"rendered":"Kundenspezifische Kunststoffbeutel f\u00fcr Kekse Automatische Verpackungsrolle Film Lebensmittelverpackung"},"content":{"rendered":"<div class=\"wp-block-columns is-layout-flex wp-container-core-columns-is-layout-9d6595d7 wp-block-columns-is-layout-flex\">\n<div class=\"wp-block-column is-layout-flow wp-block-column-is-layout-flow\">\n<h3 class=\"wp-block-heading\">Merkmale von hochwertigen Kunststoffbeuteln f\u00fcr Kekse<\/h3>\n\n\n\n<ul class=\"wp-block-list\">\n<li>Fortschrittliche automatisierte Folienverpackung: Unsere Keksverpackungsbeutel nutzen modernste Automatisierungstechnologien, um einen schnellen und effizienten Produktionsablauf zu erm\u00f6glichen.<\/li>\n<\/ul>\n\n\n\n<p><\/p>\n\n\n\n<ul class=\"wp-block-list\">\n<li>Lebensmittelsichere Materialauswahl: Wir w\u00e4hlen sorgf\u00e4ltig Materialien aus, die den strengen Lebensmittelsicherheitsstandards entsprechen, um die Sauberkeit und Sicherheit der Produkte zu gew\u00e4hrleisten und eine perfekte Kompatibilit\u00e4t mit den Keksen sicherzustellen.<\/li>\n<\/ul>\n\n\n\n<p><\/p>\n\n\n\n<ul class=\"wp-block-list\">\n<li>Hervorragende Siegelintegrit\u00e4t: Unsere Verpackungen bieten hervorragende Versiegelungseigenschaften und sch\u00fctzen die Kekse vor Feuchtigkeit und Verunreinigungen von au\u00dfen, wodurch die Frische und Haltbarkeit des Produkts verl\u00e4ngert wird.<\/li>\n<\/ul>\n\n\n\n<p><\/p>\n\n\n\n<ul class=\"wp-block-list\">\n<li>Markenpositionierung: Individuelles Design und Druck k\u00f6nnen verwendet werden, um das Markenimage und die Botschaft hervorzuheben und mehr Verbraucher anzuziehen.<\/li>\n<\/ul>\n\n\n\n<p><\/p>\n\n\n\n<ul class=\"wp-block-list\">\n<li>Nachhaltigkeit: Erw\u00e4gen Sie die Verwendung biologisch abbaubarer Materialien oder die Einf\u00fchrung von recycelbaren Taschen, um der Vorliebe der Verbraucher f\u00fcr umweltfreundliche Produkte Rechnung zu tragen.<\/li>\n<\/ul>\n<\/div>\n\n\n\n<div class=\"wp-block-column is-layout-flow wp-block-column-is-layout-flow\">\n<figure class=\"wp-block-image size-full\"><img fetchpriority=\"high\" decoding=\"async\" width=\"750\" height=\"750\" src=\"https:\/\/hyflexpack.com\/wp-content\/uploads\/2024\/05\/Custom-Biscuit-Packaging-2.webp\" alt=\"Kundenspezifische Keksverpackungen\" class=\"wp-image-3625\" srcset=\"https:\/\/www.hyflexpack.com\/wp-content\/uploads\/2024\/05\/Custom-Biscuit-Packaging-2.webp 750w, https:\/\/www.hyflexpack.com\/wp-content\/uploads\/2024\/05\/Custom-Biscuit-Packaging-2-300x300.webp 300w, https:\/\/www.hyflexpack.com\/wp-content\/uploads\/2024\/05\/Custom-Biscuit-Packaging-2-150x150.webp 150w, https:\/\/www.hyflexpack.com\/wp-content\/uploads\/2024\/05\/Custom-Biscuit-Packaging-2-285x285.webp 285w, https:\/\/www.hyflexpack.com\/wp-content\/uploads\/2024\/05\/Custom-Biscuit-Packaging-2-270x270.webp 270w, https:\/\/www.hyflexpack.com\/wp-content\/uploads\/2024\/05\/Custom-Biscuit-Packaging-2-540x540.webp 540w, https:\/\/www.hyflexpack.com\/wp-content\/uploads\/2024\/05\/Custom-Biscuit-Packaging-2-660x660.webp 660w\" sizes=\"(max-width: 750px) 100vw, 750px\" \/><\/figure>\n<\/div>\n<\/div>","protected":false},"excerpt":{"rendered":"<p>Wir bieten automatisierte Verpackungsfolien f\u00fcr Keksverpackungen an, die aus lebensmittelechten Materialien hergestellt werden, um eine exzellente Versiegelungsleistung zu gew\u00e4hrleisten, und bieten hochwertige Verpackungsl\u00f6sungen f\u00fcr Kekse und andere Lebensmittelprodukte.<\/p>\n<h3>Vorteile von Verpackungsbeuteln f\u00fcr Kekse aus Kunststoff<\/h3>\n<ul>\n<li>Ma\u00dfgeschneiderter Service: Bieten Sie personalisierte und ma\u00dfgeschneiderte L\u00f6sungen an, um Verpackungsanforderungen unterschiedlicher Spezifikationen, Formen und Designs entsprechend den Bed\u00fcrfnissen der Kunden zu erf\u00fcllen.<\/li>\n<li>Qualit\u00e4tssicherung: Strenge Kontrolle des Produktionsprozesses, Verwendung hochwertiger Materialien und fortschrittlicher Ausr\u00fcstung, um eine stabile und zuverl\u00e4ssige Produktqualit\u00e4t zu gew\u00e4hrleisten.<\/li>\n<li>Rechtzeitige Lieferung: Optimierung des Produktionsprozesses und Verbesserung der Produktionseffizienz, um die rechtzeitige Lieferung von Kundenauftr\u00e4gen zu gew\u00e4hrleisten und dringende Kundenw\u00fcnsche zu erf\u00fcllen.<\/li>\n<li>Kundenbetreuung: Schneller und zuvorkommender Kundendienst, der 24 Stunden am Tag zur Verf\u00fcgung steht.<\/li>\n<li>Kostenlose Probe: Bieten Sie kostenlose Probe Service f\u00fcr Sie, um die Produkte zu bewerten.<\/li>\n<\/ul>\n<p>Huiyang Packaging hat es sich zur Aufgabe gemacht, seinen Kunden qualitativ hochwertige, ma\u00dfgeschneiderte Keksverpackungen zu liefern, um ihnen zu helfen, ihr Produktimage und ihre Wettbewerbsf\u00e4higkeit auf dem Markt zu verbessern.<\/p>","protected":false},"featured_media":3626,"comment_status":"open","ping_status":"closed","template":"","meta":[],"product_brand":[],"product_cat":[53],"product_tag":[],"class_list":{"0":"post-3605","1":"product","2":"type-product","3":"status-publish","4":"has-post-thumbnail","6":"product_cat-packaging-film-supplier","8":"first","9":"instock","10":"shipping-taxable","11":"product-type-simple"},"_links":{"self":[{"href":"https:\/\/www.hyflexpack.com\/de\/wp-json\/wp\/v2\/product\/3605","targetHints":{"allow":["GET"]}}],"collection":[{"href":"https:\/\/www.hyflexpack.com\/de\/wp-json\/wp\/v2\/product"}],"about":[{"href":"https:\/\/www.hyflexpack.com\/de\/wp-json\/wp\/v2\/types\/product"}],"replies":[{"embeddable":true,"href":"https:\/\/www.hyflexpack.com\/de\/wp-json\/wp\/v2\/comments?post=3605"}],"wp:featuredmedia":[{"embeddable":true,"href":"https:\/\/www.hyflexpack.com\/de\/wp-json\/wp\/v2\/media\/3626"}],"wp:attachment":[{"href":"https:\/\/www.hyflexpack.com\/de\/wp-json\/wp\/v2\/media?parent=3605"}],"wp:term":[{"taxonomy":"product_brand","embeddable":true,"href":"https:\/\/www.hyflexpack.com\/de\/wp-json\/wp\/v2\/product_brand?post=3605"},{"taxonomy":"product_cat","embeddable":true,"href":"https:\/\/www.hyflexpack.com\/de\/wp-json\/wp\/v2\/product_cat?post=3605"},{"taxonomy":"product_tag","embeddable":true,"href":"https:\/\/www.hyflexpack.com\/de\/wp-json\/wp\/v2\/product_tag?post=3605"}],"curies":[{"name":"wp","href":"https:\/\/api.w.org\/{rel}","templated":true}]}}