{"id":3293,"date":"2024-05-22T07:49:56","date_gmt":"2024-05-22T07:49:56","guid":{"rendered":"https:\/\/hyflexpack.com\/?post_type=product&#038;p=3293"},"modified":"2024-05-22T07:49:57","modified_gmt":"2024-05-22T07:49:57","slug":"china-versorgung-waschpulver-beutel","status":"publish","type":"product","link":"https:\/\/www.hyflexpack.com\/de\/product\/china-supply-washing-powder-pouches\/","title":{"rendered":"China Supply Waschpulver Beutel Hanging Hole Easy Tear Design Zipper Beutel"},"content":{"rendered":"<div class=\"wp-block-columns is-layout-flex wp-container-core-columns-is-layout-9d6595d7 wp-block-columns-is-layout-flex\">\n<div class=\"wp-block-column is-layout-flow wp-block-column-is-layout-flow\">\n<h3 class=\"wp-block-heading\">Merkmale von hochwertigen Waschpulverbeuteln<\/h3>\n\n\n\n<ul class=\"wp-block-list\">\n<li>Design mit Aufh\u00e4ngel\u00f6chern: Unsere Waschmittelbeutel sind mit Aufh\u00e4ngel\u00f6chern versehen, die eine einfache Pr\u00e4sentation im Regal erm\u00f6glichen und die Sichtbarkeit und Attraktivit\u00e4t des Produkts erh\u00f6hen.<\/li>\n\n\n\n<li>Praktische Aufrei\u00dflasche: Die Waschmittelbeutel sind mit einfachen Aufrei\u00dflaschen versehen, die es dem Benutzer erm\u00f6glichen, die Verpackung leicht zu \u00f6ffnen, um bequem an das Waschmittel zu gelangen, ohne eine Schere oder andere Hilfsmittel benutzen zu m\u00fcssen.<\/li>\n\n\n\n<li>Selbstdichtender Rei\u00dfverschluss: Der selbstdichtende Rei\u00dfverschluss sorgt daf\u00fcr, dass der Beutel mehrfach verschlossen werden kann, um das Waschmittel frisch und feuchtigkeitsdicht zu halten.<\/li>\n\n\n\n<li>Recycelbares Material: Die Verwendung von umweltfreundlichem, recycelbarem Material reduziert die Umweltbelastung und entspricht dem gr\u00fcnen Konzept.<\/li>\n\n\n\n<li>Hochwertiger Druck: Wir bieten einen hochaufl\u00f6senden, kundenspezifischen Druckservice, der mehrere Farben und Muster unterst\u00fctzt und Marken hilft, sich auf dem Markt abzuheben.<\/li>\n\n\n\n<li>Vielf\u00e4ltige Optionen: Wir bieten kundenspezifische Dienstleistungen in verschiedenen Gr\u00f6\u00dfen, Formen und Druckdesigns an, um verschiedene Marken- und Marktanforderungen zu erf\u00fcllen.<\/li>\n<\/ul>\n<\/div>\n\n\n\n<div class=\"wp-block-column is-layout-flow wp-block-column-is-layout-flow\">\n<figure class=\"wp-block-image size-full\"><img fetchpriority=\"high\" decoding=\"async\" width=\"750\" height=\"750\" src=\"https:\/\/hyflexpack.com\/wp-content\/uploads\/2024\/05\/China-Supply-Washing-Powder-Pouches-1.webp\" alt=\"China Supply Waschpulver Beutel\" class=\"wp-image-3294\" srcset=\"https:\/\/www.hyflexpack.com\/wp-content\/uploads\/2024\/05\/China-Supply-Washing-Powder-Pouches-1.webp 750w, https:\/\/www.hyflexpack.com\/wp-content\/uploads\/2024\/05\/China-Supply-Washing-Powder-Pouches-1-300x300.webp 300w, https:\/\/www.hyflexpack.com\/wp-content\/uploads\/2024\/05\/China-Supply-Washing-Powder-Pouches-1-150x150.webp 150w, https:\/\/www.hyflexpack.com\/wp-content\/uploads\/2024\/05\/China-Supply-Washing-Powder-Pouches-1-285x285.webp 285w, https:\/\/www.hyflexpack.com\/wp-content\/uploads\/2024\/05\/China-Supply-Washing-Powder-Pouches-1-270x270.webp 270w, https:\/\/www.hyflexpack.com\/wp-content\/uploads\/2024\/05\/China-Supply-Washing-Powder-Pouches-1-540x540.webp 540w, https:\/\/www.hyflexpack.com\/wp-content\/uploads\/2024\/05\/China-Supply-Washing-Powder-Pouches-1-660x660.webp 660w\" sizes=\"(max-width: 750px) 100vw, 750px\" \/><\/figure>\n<\/div>\n<\/div>","protected":false},"excerpt":{"rendered":"<p>Erfahren Sie mehr \u00fcber unsere Waschmittelbeutel mit Aufh\u00e4ngel\u00f6chern, praktischem Abrei\u00dfverschluss und selbstdichtendem Rei\u00dfverschluss, die aus umweltfreundlichen, recycelbaren Materialien hergestellt werden, um sicherzustellen, dass das Waschmittel frisch und feuchtigkeitsgesch\u00fctzt bleibt. Setzen Sie sich noch heute mit uns in Verbindung, um mehr \u00fcber individuelle Anpassungsm\u00f6glichkeiten zu erfahren.<\/p>\n<h3>Vorteile von Waschpulverbeuteln<\/h3>\n<ul>\n<li><strong>Personalisierung<\/strong>: Unser professionelles Team bietet Ihnen ma\u00dfgeschneiderte Verpackungsl\u00f6sungen f\u00fcr Ihre Marke, die perfekt zu Ihrem Markenimage passen.<\/li>\n<li><strong>Schnelle Reaktion<\/strong>: Ein effizienter Produktionsprozess und ein schnelles Reaktionsteam sorgen daf\u00fcr, dass jeder Schritt vom Entwurf bis zur Auslieferung schnell abgeschlossen werden kann.<\/li>\n<li><strong>Ganzheitliche Prozess\u00fcberwachung<\/strong>: In jeder Phase, von der Beschaffung der Rohstoffe bis zur Auslieferung des Endprodukts, werden strenge Qualit\u00e4tspr\u00fcfungen durchgef\u00fchrt, um sicherzustellen, dass die Produktqualit\u00e4t den h\u00f6chsten Standards entspricht.<\/li>\n<li><strong>Qualit\u00e4t des Kundendienstes<\/strong>Professionelles Verpackungsdesign und Marketingberatung, um Kunden bei der Auswahl der am besten geeigneten Verpackungsl\u00f6sungen zur Erreichung ihrer Markenziele zu unterst\u00fctzen.<\/li>\n<li><strong>Kostenlose Probe<\/strong>Wir bieten Ihnen einen kostenlosen Musterservice, damit Sie Ihre Produkte bewerten k\u00f6nnen.<\/li>\n<\/ul>\n<p>Huiyang Packaging hat es sich zur Aufgabe gemacht, seinen Kunden qualitativ hochwertige, ma\u00dfgeschneiderte Waschpulverbeutel zu liefern, um das Produktimage zu verbessern und die Wettbewerbsf\u00e4higkeit auf dem Markt zu steigern.<\/p>","protected":false},"featured_media":3294,"comment_status":"open","ping_status":"closed","template":"","meta":[],"product_brand":[],"product_cat":[52],"product_tag":[],"class_list":{"0":"post-3293","1":"product","2":"type-product","3":"status-publish","4":"has-post-thumbnail","6":"product_cat-custom-daily-chemical-packaging","8":"first","9":"instock","10":"shipping-taxable","11":"product-type-simple"},"_links":{"self":[{"href":"https:\/\/www.hyflexpack.com\/de\/wp-json\/wp\/v2\/product\/3293","targetHints":{"allow":["GET"]}}],"collection":[{"href":"https:\/\/www.hyflexpack.com\/de\/wp-json\/wp\/v2\/product"}],"about":[{"href":"https:\/\/www.hyflexpack.com\/de\/wp-json\/wp\/v2\/types\/product"}],"replies":[{"embeddable":true,"href":"https:\/\/www.hyflexpack.com\/de\/wp-json\/wp\/v2\/comments?post=3293"}],"wp:featuredmedia":[{"embeddable":true,"href":"https:\/\/www.hyflexpack.com\/de\/wp-json\/wp\/v2\/media\/3294"}],"wp:attachment":[{"href":"https:\/\/www.hyflexpack.com\/de\/wp-json\/wp\/v2\/media?parent=3293"}],"wp:term":[{"taxonomy":"product_brand","embeddable":true,"href":"https:\/\/www.hyflexpack.com\/de\/wp-json\/wp\/v2\/product_brand?post=3293"},{"taxonomy":"product_cat","embeddable":true,"href":"https:\/\/www.hyflexpack.com\/de\/wp-json\/wp\/v2\/product_cat?post=3293"},{"taxonomy":"product_tag","embeddable":true,"href":"https:\/\/www.hyflexpack.com\/de\/wp-json\/wp\/v2\/product_tag?post=3293"}],"curies":[{"name":"wp","href":"https:\/\/api.w.org\/{rel}","templated":true}]}}