{"id":3288,"date":"2024-05-22T02:01:11","date_gmt":"2024-05-22T02:01:11","guid":{"rendered":"https:\/\/hyflexpack.com\/?post_type=product&#038;p=3288"},"modified":"2024-05-22T07:17:09","modified_gmt":"2024-05-22T07:17:09","slug":"groshandel-waschmittel-tasche","status":"publish","type":"product","link":"https:\/\/www.hyflexpack.com\/de\/product\/wholesale-washing-powder-bag\/","title":{"rendered":"Gro\u00dfhandel Waschpulver Tasche Flosse\/Lappensiegel Beutel drucken leicht rei\u00dfen Verpackung"},"content":{"rendered":"<div class=\"wp-block-columns is-layout-flex wp-container-core-columns-is-layout-9d6595d7 wp-block-columns-is-layout-flex\">\n<div class=\"wp-block-column is-layout-flow wp-block-column-is-layout-flow\">\n<h3 class=\"wp-block-heading\">Merkmale der hochwertigen Waschpulvertasche<\/h3>\n\n\n\n<ul class=\"wp-block-list\">\n<li>Fin\/Lap Seal Pouch Design: unsere Waschpulverbeutel sind mit Fin\/Lap Seal entworfen, um eine stabile Verpackung mit \u00fcberlegener Dichtungsleistung zu gew\u00e4hrleisten, die das Waschpulver vor Feuchtigkeit und Verunreinigung sch\u00fctzt.<\/li>\n<\/ul>\n\n\n\n<p><\/p>\n\n\n\n<ul class=\"wp-block-list\">\n<li>Bequemes Aufrei\u00dflaschen-Design: Jeder Beutel ist mit einfachen Aufrei\u00dflaschen versehen, die es dem Benutzer erleichtern, das Paket schnell und einfach zu \u00f6ffnen, ohne eine Schere oder andere Werkzeuge zu benutzen.<\/li>\n<\/ul>\n\n\n\n<p><\/p>\n\n\n\n<ul class=\"wp-block-list\">\n<li>Hochwertiges und langlebiges Material: Es werden hochfeste, rei\u00dffeste und antistatische Materialien verwendet, um sicherzustellen, dass die Taschen w\u00e4hrend des Transports und der Verwendung nicht leicht brechen.<\/li>\n<\/ul>\n\n\n\n<p><\/p>\n\n\n\n<ul class=\"wp-block-list\">\n<li>Umweltfreundlich und nachhaltig: Die Verwendung von umweltfreundlichen, wiederverwertbaren Materialien sowie die Leichtbauweise reduzieren die Umweltbelastung, senken die Transportkosten und den Kohlenstoffaussto\u00df und unterst\u00fctzen das gr\u00fcne Konzept.<\/li>\n<\/ul>\n\n\n\n<p><\/p>\n\n\n\n<ul class=\"wp-block-list\">\n<li>Markendarstellung: Verbessern Sie das Markenimage und die Wettbewerbsf\u00e4higkeit des Produkts durch exquisites Druckdesign.<\/li>\n<\/ul>\n<\/div>\n\n\n\n<div class=\"wp-block-column is-layout-flow wp-block-column-is-layout-flow\">\n<figure class=\"wp-block-image size-full\"><img fetchpriority=\"high\" decoding=\"async\" width=\"750\" height=\"750\" src=\"https:\/\/hyflexpack.com\/wp-content\/uploads\/2024\/05\/Wholesale-Washing-Powder-Bag-1.webp\" alt=\"Gro\u00dfhandel Waschpulver Tasche\" class=\"wp-image-3289\" srcset=\"https:\/\/www.hyflexpack.com\/wp-content\/uploads\/2024\/05\/Wholesale-Washing-Powder-Bag-1.webp 750w, https:\/\/www.hyflexpack.com\/wp-content\/uploads\/2024\/05\/Wholesale-Washing-Powder-Bag-1-300x300.webp 300w, https:\/\/www.hyflexpack.com\/wp-content\/uploads\/2024\/05\/Wholesale-Washing-Powder-Bag-1-150x150.webp 150w, https:\/\/www.hyflexpack.com\/wp-content\/uploads\/2024\/05\/Wholesale-Washing-Powder-Bag-1-285x285.webp 285w, https:\/\/www.hyflexpack.com\/wp-content\/uploads\/2024\/05\/Wholesale-Washing-Powder-Bag-1-270x270.webp 270w, https:\/\/www.hyflexpack.com\/wp-content\/uploads\/2024\/05\/Wholesale-Washing-Powder-Bag-1-540x540.webp 540w, https:\/\/www.hyflexpack.com\/wp-content\/uploads\/2024\/05\/Wholesale-Washing-Powder-Bag-1-660x660.webp 660w\" sizes=\"(max-width: 750px) 100vw, 750px\" \/><\/figure>\n<\/div>\n<\/div>","protected":false},"excerpt":{"rendered":"<p>Explore Waschmittelbeutel mit Flossen-\/Lappensiegelung sind aus umweltfreundlichen, recycelbaren Materialien hergestellt und mit einer praktischen Aufrei\u00df\u00f6ffnung versehen, damit das Waschmittel frisch und sicher bleibt. W\u00e4hlen Sie eine unserer Verpackungsl\u00f6sungen, um Ihr Markenimage zu verbessern und sich auf dem Markt abzuheben. Nehmen Sie noch heute Kontakt mit uns auf, um mehr \u00fcber die M\u00f6glichkeiten der individuellen Gestaltung zu erfahren und gemeinsam erfolgreich zu sein.<\/p>\n<h3>Vorteile des Waschpulversacks<\/h3>\n<ul>\n<li><strong>Kundenspezifisches Design<\/strong>Einschlie\u00dflich Material, Gr\u00f6\u00dfe und Druck Kundenspezifisches Design: Wir bieten kundenspezifisches Design Getr\u00e4nkeverpackung Tasche Service mit kundenspezifischen Muster, um die Bed\u00fcrfnisse des Kunden zu erf\u00fcllen, unterst\u00fctzen OEM und ODM.<\/li>\n<li><strong>Herstellung<\/strong>Mit fortschrittlicher Ausr\u00fcstung und Technologie sind wir in der Lage, die Produktion von Auftr\u00e4gen mit hoher Effizienz und hoher Qualit\u00e4t durchzuf\u00fchren und p\u00fcnktlich zu liefern.<\/li>\n<li><strong>Qualit\u00e4tskontrolle<\/strong>Strenge Einhaltung der Qualit\u00e4tsstandards und der Anforderungen an die Lebensmittelsicherheit, um sicherzustellen, dass die Produkte den Standards entsprechen.<\/li>\n<li><strong>Kundenbetreuung<\/strong>Schnelle Reaktion und zuvorkommender Kundendienst 24 Stunden am Tag.<\/li>\n<li><strong>Kostenlose Probe<\/strong>Bieten Sie einen kostenlosen Musterservice an, damit Sie die Produkte bewerten k\u00f6nnen.<\/li>\n<\/ul>\n<p>Huiyang Packaging hat es sich zur Aufgabe gemacht, seinen Kunden qualitativ hochwertige und ma\u00dfgeschneiderte Waschpulvers\u00e4cke zu liefern, um ihnen zu helfen, ihr Produktimage zu verbessern und ihre Wettbewerbsf\u00e4higkeit auf dem Markt zu steigern.<\/p>","protected":false},"featured_media":3290,"comment_status":"closed","ping_status":"closed","template":"","meta":[],"product_brand":[],"product_cat":[52],"product_tag":[],"class_list":{"0":"post-3288","1":"product","2":"type-product","3":"status-publish","4":"has-post-thumbnail","6":"product_cat-custom-daily-chemical-packaging","8":"first","9":"instock","10":"shipping-taxable","11":"product-type-simple"},"_links":{"self":[{"href":"https:\/\/www.hyflexpack.com\/de\/wp-json\/wp\/v2\/product\/3288","targetHints":{"allow":["GET"]}}],"collection":[{"href":"https:\/\/www.hyflexpack.com\/de\/wp-json\/wp\/v2\/product"}],"about":[{"href":"https:\/\/www.hyflexpack.com\/de\/wp-json\/wp\/v2\/types\/product"}],"replies":[{"embeddable":true,"href":"https:\/\/www.hyflexpack.com\/de\/wp-json\/wp\/v2\/comments?post=3288"}],"wp:featuredmedia":[{"embeddable":true,"href":"https:\/\/www.hyflexpack.com\/de\/wp-json\/wp\/v2\/media\/3290"}],"wp:attachment":[{"href":"https:\/\/www.hyflexpack.com\/de\/wp-json\/wp\/v2\/media?parent=3288"}],"wp:term":[{"taxonomy":"product_brand","embeddable":true,"href":"https:\/\/www.hyflexpack.com\/de\/wp-json\/wp\/v2\/product_brand?post=3288"},{"taxonomy":"product_cat","embeddable":true,"href":"https:\/\/www.hyflexpack.com\/de\/wp-json\/wp\/v2\/product_cat?post=3288"},{"taxonomy":"product_tag","embeddable":true,"href":"https:\/\/www.hyflexpack.com\/de\/wp-json\/wp\/v2\/product_tag?post=3288"}],"curies":[{"name":"wp","href":"https:\/\/api.w.org\/{rel}","templated":true}]}}