{"id":3052,"date":"2024-05-20T09:23:17","date_gmt":"2024-05-20T09:23:17","guid":{"rendered":"https:\/\/hyflexpack.com\/?post_type=product&#038;p=3052"},"modified":"2024-05-20T09:23:18","modified_gmt":"2024-05-20T09:23:18","slug":"groshandel-mit-standbodenbeuteln","status":"publish","type":"product","link":"https:\/\/www.hyflexpack.com\/de\/product\/stand-up-pouches-wholesale\/","title":{"rendered":"Biologisch abbaubare Stand Up Pouches Gro\u00dfhandel Shampoo Tasche Fl\u00fcssigkeit Verpackung bedruckt Spout nachf\u00fcllbar Squeeze Pouches"},"content":{"rendered":"<div class=\"wp-block-columns is-layout-flex wp-container-core-columns-is-layout-9d6595d7 wp-block-columns-is-layout-flex\">\n<div class=\"wp-block-column is-layout-flow wp-block-column-is-layout-flow\">\n<h3 class=\"wp-block-heading\">Merkmale von hochwertigen Stand-Up-Pouches<\/h3>\n\n\n\n<ul class=\"wp-block-list\">\n<li>Umweltzertifizierung: Unsere Standbodenbeutel werden aus umweltfreundlichen, biologisch abbaubaren Materialien hergestellt, um Plastikm\u00fcll zu reduzieren und Nachhaltigkeit zu f\u00f6rdern. Alle Materialien haben eine strenge Umweltzertifizierung durchlaufen, um sicherzustellen, dass sie umweltfreundlich sind.<\/li>\n<\/ul>\n\n\n\n<p><\/p>\n\n\n\n<ul class=\"wp-block-list\">\n<li>\u00dcberlegenes Design: Das Design des Shampoobeutels sorgt f\u00fcr Stabilit\u00e4t und \u00c4sthetik bei der Pr\u00e4sentation und Verwendung und spart gleichzeitig Platz bei der Aufbewahrung Jeder Beutel ist mit einer T\u00fclle zum einfachen Ausgie\u00dfen und Entnehmen ausgestattet, um Versch\u00fctten und Abfall zu minimieren.<\/li>\n<\/ul>\n\n\n\n<p><\/p>\n\n\n\n<ul class=\"wp-block-list\">\n<li>Hochwertiges Material: Die Verwendung von hochwertigem Kunststoffmaterial sorgt daf\u00fcr, dass die Beutel langlebig, auslaufsicher und rei\u00dffest sind und den Inhalt sch\u00fctzen. Das mehrschichtige Verbundmaterial bietet eine hervorragende Feuchtigkeits- und Sauerstoffbest\u00e4ndigkeit und verl\u00e4ngert die Haltbarkeit der Produkte.<\/li>\n<\/ul>\n\n\n\n<p><\/p>\n\n\n\n<ul class=\"wp-block-list\">\n<li>Wiederverwendbar: Die Standbeutel sind so konzipiert, dass sie nachgef\u00fcllt werden k\u00f6nnen, was die Lebensdauer verl\u00e4ngert und die Kosten f\u00fcr den Benutzer senkt, w\u00e4hrend gleichzeitig die Ressourcenverschwendung minimiert wird.<\/li>\n<\/ul>\n<\/div>\n\n\n\n<div class=\"wp-block-column is-layout-flow wp-block-column-is-layout-flow\">\n<h2 class=\"wp-block-heading\"><\/h2>\n\n\n\n<figure class=\"wp-block-image size-full\"><img fetchpriority=\"high\" decoding=\"async\" width=\"750\" height=\"750\" src=\"https:\/\/hyflexpack.com\/wp-content\/uploads\/2024\/05\/Stand-Up-Pouches-Wholesale-3.webp\" alt=\"Stand Up Pouches Gro\u00dfhandel\" class=\"wp-image-3055\" srcset=\"https:\/\/www.hyflexpack.com\/wp-content\/uploads\/2024\/05\/Stand-Up-Pouches-Wholesale-3.webp 750w, https:\/\/www.hyflexpack.com\/wp-content\/uploads\/2024\/05\/Stand-Up-Pouches-Wholesale-3-300x300.webp 300w, https:\/\/www.hyflexpack.com\/wp-content\/uploads\/2024\/05\/Stand-Up-Pouches-Wholesale-3-150x150.webp 150w, https:\/\/www.hyflexpack.com\/wp-content\/uploads\/2024\/05\/Stand-Up-Pouches-Wholesale-3-285x285.webp 285w, https:\/\/www.hyflexpack.com\/wp-content\/uploads\/2024\/05\/Stand-Up-Pouches-Wholesale-3-270x270.webp 270w, https:\/\/www.hyflexpack.com\/wp-content\/uploads\/2024\/05\/Stand-Up-Pouches-Wholesale-3-540x540.webp 540w, https:\/\/www.hyflexpack.com\/wp-content\/uploads\/2024\/05\/Stand-Up-Pouches-Wholesale-3-660x660.webp 660w\" sizes=\"(max-width: 750px) 100vw, 750px\" \/><\/figure>\n<\/div>\n<\/div>","protected":false},"excerpt":{"rendered":"<p>Erfahren Sie mehr \u00fcber unsere biologisch abbaubaren Shampoo-Beutel aus umweltfreundlichen Materialien mit Ausgie\u00dfern und Griffen, die elegant gestaltet, einfach zu verwenden und langlebig sind. Sie bieten individuelle Anpassungsm\u00f6glichkeiten und strenge Qualit\u00e4tskontrollen und sind eine ideale Beschaffungsoption, um Ihre Marke umweltfreundlicher und effizienter zu machen.willkommen, uns jederzeit zu beraten!<\/p>\n<h3>Vorteile von Standbodenbeuteln<\/h3>\n<ul>\n<li><strong>Kundenspezifisches Design<\/strong>Wir bieten einen kundenspezifischen Design-Getr\u00e4nkeverpackungsservice, einschlie\u00dflich Material, Gr\u00f6\u00dfe und Druckmusteranpassung, um die Branding-Anforderungen des Kunden zu erf\u00fcllen, und unterst\u00fctzen OEM und ODM.<\/li>\n<li><strong>Herstellung<\/strong>Mit fortschrittlicher Ausr\u00fcstung und Technologie sind wir in der Lage, die Produktion von Auftr\u00e4gen mit hoher Effizienz und hoher Qualit\u00e4t durchzuf\u00fchren und p\u00fcnktlich zu liefern.<\/li>\n<li><strong>Qualit\u00e4tskontrolle<\/strong>Strenge Einhaltung der Qualit\u00e4tsstandards und Lebensmittelsicherheit Anforderungen f\u00fcr die Produktion, durch eine Reihe von internationalen Qualit\u00e4tszertifizierung, um zuverl\u00e4ssige Qualit\u00e4t zu gew\u00e4hrleisten, so dass die Kunden sicher sein k\u00f6nnen.<\/li>\n<li><strong>Qualit\u00e4t der Beratungsdienste<\/strong>Professionelle Produkt- und Marktberatung, um Kunden bei der Auswahl der am besten geeigneten Verpackungsl\u00f6sungen zu unterst\u00fctzen. Perfektes After-Sales-Service-System, l\u00f6sen schnell alle Probleme und Bedenken der Kunden.<\/li>\n<li><strong>Kostenlose Probe<\/strong>Bieten Sie einen kostenlosen Musterservice an, damit Sie die Produkte bewerten k\u00f6nnen.<\/li>\n<\/ul>\n<p>Huiyang Packaging hat es sich zur Aufgabe gemacht, seinen Kunden qualitativ hochwertige, ma\u00dfgeschneiderte Standbodenbeutel und -taschen zu liefern, um ihnen zu helfen, ihr Produktimage und ihre Wettbewerbsf\u00e4higkeit auf dem Markt zu verbessern.<\/p>","protected":false},"featured_media":3056,"comment_status":"open","ping_status":"closed","template":"","meta":[],"product_brand":[],"product_cat":[52],"product_tag":[],"class_list":{"0":"post-3052","1":"product","2":"type-product","3":"status-publish","4":"has-post-thumbnail","6":"product_cat-custom-daily-chemical-packaging","8":"first","9":"instock","10":"shipping-taxable","11":"product-type-simple"},"_links":{"self":[{"href":"https:\/\/www.hyflexpack.com\/de\/wp-json\/wp\/v2\/product\/3052","targetHints":{"allow":["GET"]}}],"collection":[{"href":"https:\/\/www.hyflexpack.com\/de\/wp-json\/wp\/v2\/product"}],"about":[{"href":"https:\/\/www.hyflexpack.com\/de\/wp-json\/wp\/v2\/types\/product"}],"replies":[{"embeddable":true,"href":"https:\/\/www.hyflexpack.com\/de\/wp-json\/wp\/v2\/comments?post=3052"}],"wp:featuredmedia":[{"embeddable":true,"href":"https:\/\/www.hyflexpack.com\/de\/wp-json\/wp\/v2\/media\/3056"}],"wp:attachment":[{"href":"https:\/\/www.hyflexpack.com\/de\/wp-json\/wp\/v2\/media?parent=3052"}],"wp:term":[{"taxonomy":"product_brand","embeddable":true,"href":"https:\/\/www.hyflexpack.com\/de\/wp-json\/wp\/v2\/product_brand?post=3052"},{"taxonomy":"product_cat","embeddable":true,"href":"https:\/\/www.hyflexpack.com\/de\/wp-json\/wp\/v2\/product_cat?post=3052"},{"taxonomy":"product_tag","embeddable":true,"href":"https:\/\/www.hyflexpack.com\/de\/wp-json\/wp\/v2\/product_tag?post=3052"}],"curies":[{"name":"wp","href":"https:\/\/api.w.org\/{rel}","templated":true}]}}