{"id":3045,"date":"2024-05-20T08:06:25","date_gmt":"2024-05-20T08:06:25","guid":{"rendered":"https:\/\/hyflexpack.com\/?post_type=product&#038;p=3045"},"modified":"2024-05-20T08:06:27","modified_gmt":"2024-05-20T08:06:27","slug":"individueller-standbeutel-mit-ausgieser","status":"publish","type":"product","link":"https:\/\/www.hyflexpack.com\/de\/product\/custom-stand-up-pouch-with-spout\/","title":{"rendered":"Benutzerdefinierte Stand Up Pouch mit Auslauf Kunststoff Hand Wash Fl\u00fcssigseife Tasche mit Griff"},"content":{"rendered":"<div class=\"wp-block-columns is-layout-flex wp-container-core-columns-is-layout-9d6595d7 wp-block-columns-is-layout-flex\">\n<div class=\"wp-block-column is-layout-flow wp-block-column-is-layout-flow\">\n<h3 class=\"wp-block-heading\">Eigenschaften von High Quality Stand Up Pouch mit Ausguss<\/h3>\n\n\n\n<ul class=\"wp-block-list\">\n<li>Erstklassiges Design: Unsere Handdesinfektionsmittelbeutel sind so konzipiert, dass sie aufrecht stehen, um Stabilit\u00e4t bei der Pr\u00e4sentation und Verwendung zu gew\u00e4hrleisten. Au\u00dferdem sind sie mit einem einfachen Ausgie\u00dfer und Griffen f\u00fcr eine benutzerfreundliche Verwendung ausgestattet, wodurch Versch\u00fcttungen und Abf\u00e4lle reduziert werden.<\/li>\n<\/ul>\n\n\n\n<p><\/p>\n\n\n\n<ul class=\"wp-block-list\">\n<li>Langlebiges Material: Hergestellt aus hochwertigem Kunststoff mit langlebigen, auslaufsicheren und rei\u00dffesten Eigenschaften, um sicherzustellen, dass sie w\u00e4hrend des Transports und der Verwendung intakt bleiben.<\/li>\n<\/ul>\n\n\n\n<p><\/p>\n\n\n\n<ul class=\"wp-block-list\">\n<li>Hervorragende Dichtungsleistung: Die fortschrittliche Dichtungstechnologie sorgt daf\u00fcr, dass die Fl\u00fcssigkeit nicht ausl\u00e4uft und garantiert so die Produktsicherheit. Mehrschichtiges Verbundmaterial sch\u00fctzt effektiv vor Feuchtigkeit und Sauerstoff und verl\u00e4ngert die Haltbarkeit des Handwaschmittels.<\/li>\n<\/ul>\n\n\n\n<p><\/p>\n\n\n\n<ul class=\"wp-block-list\">\n<li>Umweltfreundlich und nachhaltig: Wir verwenden recycelbare und umweltfreundliche Kunststoffe, um die Auswirkungen auf die Umwelt zu minimieren und eine nachhaltige Entwicklung zu f\u00f6rdern.<\/li>\n<\/ul>\n\n\n\n<p><\/p>\n\n\n\n<ul class=\"wp-block-list\">\n<li>Geringer Kohlenstoff-Fu\u00dfabdruck: Die Leichtbauweise senkt nicht nur die Transportkosten, sondern reduziert auch die Kohlenstoffemissionen und verbessert die Umweltbilanz.<\/li>\n<\/ul>\n<\/div>\n\n\n\n<div class=\"wp-block-column is-layout-flow wp-block-column-is-layout-flow\">\n<h2 class=\"wp-block-heading\"><\/h2>\n\n\n\n<figure class=\"wp-block-image size-full\"><img fetchpriority=\"high\" decoding=\"async\" width=\"750\" height=\"750\" src=\"https:\/\/hyflexpack.com\/wp-content\/uploads\/2024\/05\/Custom-Stand-Up-Pouch-with-Spout-1.webp\" alt=\"Individueller Standbodenbeutel mit Ausguss\" class=\"wp-image-3046\" srcset=\"https:\/\/www.hyflexpack.com\/wp-content\/uploads\/2024\/05\/Custom-Stand-Up-Pouch-with-Spout-1.webp 750w, https:\/\/www.hyflexpack.com\/wp-content\/uploads\/2024\/05\/Custom-Stand-Up-Pouch-with-Spout-1-300x300.webp 300w, https:\/\/www.hyflexpack.com\/wp-content\/uploads\/2024\/05\/Custom-Stand-Up-Pouch-with-Spout-1-150x150.webp 150w, https:\/\/www.hyflexpack.com\/wp-content\/uploads\/2024\/05\/Custom-Stand-Up-Pouch-with-Spout-1-285x285.webp 285w, https:\/\/www.hyflexpack.com\/wp-content\/uploads\/2024\/05\/Custom-Stand-Up-Pouch-with-Spout-1-270x270.webp 270w, https:\/\/www.hyflexpack.com\/wp-content\/uploads\/2024\/05\/Custom-Stand-Up-Pouch-with-Spout-1-540x540.webp 540w, https:\/\/www.hyflexpack.com\/wp-content\/uploads\/2024\/05\/Custom-Stand-Up-Pouch-with-Spout-1-660x660.webp 660w\" sizes=\"(max-width: 750px) 100vw, 750px\" \/><\/figure>\n<\/div>\n<\/div>","protected":false},"excerpt":{"rendered":"<p>Explore Standbeutel mit Ausgie\u00dfer Hand Sanitizer Beutel kommt mit Griffen f\u00fcr einfache Bedienung, auslaufsicher und feuchtigkeitsbest\u00e4ndig. Umweltfreundlich und langlebig, hergestellt aus hochwertigen recycelbaren Materialien, im Einklang mit den Bed\u00fcrfnissen der nachhaltigen Entwicklung. Wir bieten einen personalisierten Anpassungsservice und haben eine strenge Qualit\u00e4tskontrolle, um die Qualit\u00e4t des Produkts zu gew\u00e4hrleisten, das Ihre ideale Kaufentscheidung ist.<\/p>\n<h3>Vorteile des Standbeutels mit Ausgie\u00dfer<\/h3>\n<ul>\n<li><strong>Ma\u00dfgeschneiderter Service<\/strong>Wir bieten einen kundenspezifischen Design-Getr\u00e4nkeverpackungsservice, einschlie\u00dflich Material, Gr\u00f6\u00dfe und Druckmusteranpassung, um die Markenanforderungen des Kunden zu erf\u00fcllen und unterst\u00fctzen OEM und ODM.<\/li>\n<li><strong>Herstellung<\/strong>Mit fortschrittlicher Ausr\u00fcstung und Technologie sind wir in der Lage, die Produktion von Auftr\u00e4gen mit hoher Effizienz und hoher Qualit\u00e4t durchzuf\u00fchren und p\u00fcnktlich zu liefern.<\/li>\n<li><strong>Qualit\u00e4tskontrolle<\/strong>Unter strikter Einhaltung der Qualit\u00e4tsstandards und der Anforderungen an die Lebensmittelsicherheit haben wir eine Reihe von internationalen Qualit\u00e4tszertifizierungen erhalten, um zuverl\u00e4ssige Qualit\u00e4t zu gew\u00e4hrleisten und die Kunden zu beruhigen.<\/li>\n<li><strong>Hochwertige professionelle Beratung<\/strong>Professionelle Produkt- und Marktberatung, um Kunden bei der Auswahl der am besten geeigneten Verpackungsl\u00f6sungen zu unterst\u00fctzen. Perfektes After-Sales-Service-System, l\u00f6sen schnell alle Probleme und Bedenken der Kunden.<\/li>\n<li><strong>Kostenlose Probe<\/strong>Bieten Sie einen kostenlosen Musterservice an, damit Sie die Produkte bewerten k\u00f6nnen.<\/li>\n<\/ul>\n<p>Huiyang Packaging hat es sich zur Aufgabe gemacht, seinen Kunden qualitativ hochwertige, ma\u00dfgeschneiderte Standbodenbeutel mit Ausgie\u00dfer zu liefern, um ihnen zu helfen, ihr Produktimage zu verbessern und ihre Wettbewerbsf\u00e4higkeit auf dem Markt zu steigern.<\/p>","protected":false},"featured_media":3046,"comment_status":"open","ping_status":"closed","template":"","meta":[],"product_brand":[],"product_cat":[52],"product_tag":[],"class_list":{"0":"post-3045","1":"product","2":"type-product","3":"status-publish","4":"has-post-thumbnail","6":"product_cat-custom-daily-chemical-packaging","8":"first","9":"instock","10":"shipping-taxable","11":"product-type-simple"},"_links":{"self":[{"href":"https:\/\/www.hyflexpack.com\/de\/wp-json\/wp\/v2\/product\/3045","targetHints":{"allow":["GET"]}}],"collection":[{"href":"https:\/\/www.hyflexpack.com\/de\/wp-json\/wp\/v2\/product"}],"about":[{"href":"https:\/\/www.hyflexpack.com\/de\/wp-json\/wp\/v2\/types\/product"}],"replies":[{"embeddable":true,"href":"https:\/\/www.hyflexpack.com\/de\/wp-json\/wp\/v2\/comments?post=3045"}],"wp:featuredmedia":[{"embeddable":true,"href":"https:\/\/www.hyflexpack.com\/de\/wp-json\/wp\/v2\/media\/3046"}],"wp:attachment":[{"href":"https:\/\/www.hyflexpack.com\/de\/wp-json\/wp\/v2\/media?parent=3045"}],"wp:term":[{"taxonomy":"product_brand","embeddable":true,"href":"https:\/\/www.hyflexpack.com\/de\/wp-json\/wp\/v2\/product_brand?post=3045"},{"taxonomy":"product_cat","embeddable":true,"href":"https:\/\/www.hyflexpack.com\/de\/wp-json\/wp\/v2\/product_cat?post=3045"},{"taxonomy":"product_tag","embeddable":true,"href":"https:\/\/www.hyflexpack.com\/de\/wp-json\/wp\/v2\/product_tag?post=3045"}],"curies":[{"name":"wp","href":"https:\/\/api.w.org\/{rel}","templated":true}]}}