{"id":3038,"date":"2024-05-20T06:44:42","date_gmt":"2024-05-20T06:44:42","guid":{"rendered":"https:\/\/hyflexpack.com\/?post_type=product&#038;p=3038"},"modified":"2024-05-20T06:44:43","modified_gmt":"2024-05-20T06:44:43","slug":"groshandel-plastikbeutel","status":"publish","type":"product","link":"https:\/\/www.hyflexpack.com\/de\/product\/wholesale-plastic-pouch\/","title":{"rendered":"Gro\u00dfhandel Kunststoffbeutel Fl\u00fcssigkeit Packs Stand Up Spout Beutel mit Griff W\u00e4sche Verpackung"},"content":{"rendered":"<div class=\"wp-block-columns is-layout-flex wp-container-core-columns-is-layout-9d6595d7 wp-block-columns-is-layout-flex\">\n<div class=\"wp-block-column is-layout-flow wp-block-column-is-layout-flow\">\n<h3 class=\"wp-block-heading\">Merkmale der hochwertigen Kunststofftasche<\/h3>\n\n\n\n<ul class=\"wp-block-list\">\n<li>Aufrechtes Beuteldesign: Unser flexibler Beutel ist so konzipiert, dass er aufrecht steht, was nicht nur Platz spart, sondern auch f\u00fcr \u00c4sthetik und Stabilit\u00e4t bei der Pr\u00e4sentation des Produkts sorgt.<\/li>\n<\/ul>\n\n\n\n<p><\/p>\n\n\n\n<ul class=\"wp-block-list\">\n<li>Mit Ausgie\u00dfer und Griff: Jeder Kunststoffbeutel ist mit einem praktischen Ausgie\u00dfer und einem stabilen Griff ausgestattet, der das Ausgie\u00dfen von Fl\u00fcssigkeiten erleichtert und Versch\u00fcttungen und Abf\u00e4lle reduziert.<\/li>\n<\/ul>\n\n\n\n<p><\/p>\n\n\n\n<ul class=\"wp-block-list\">\n<li>Hochwertige Materialien: Die Kunststoffbeutel sind aus hochwertigen Materialien hergestellt, die langlebig, auslaufsicher und rei\u00dffest sind, so dass das Produkt w\u00e4hrend des Transports und der Verwendung unversehrt bleibt.<\/li>\n<\/ul>\n\n\n\n<p><\/p>\n\n\n\n<ul class=\"wp-block-list\">\n<li>Auslaufsicheres Design: Die fortschrittliche Versiegelungstechnologie sorgt daf\u00fcr, dass Fl\u00fcssigkeiten nicht auslaufen und garantiert so Produktsicherheit und Sicherheit f\u00fcr den Benutzer.<\/li>\n<\/ul>\n\n\n\n<p><\/p>\n\n\n\n<ul class=\"wp-block-list\">\n<li>Recycelbare Materialien: Wir engagieren uns f\u00fcr die Umwelt und verwenden recycelbare Kunststoffe, um unsere Auswirkungen auf die Umwelt zu minimieren.<\/li>\n<\/ul>\n\n\n\n<p><\/p>\n\n\n\n<ul class=\"wp-block-list\">\n<li>Niedriger Kohlenstoff-Fu\u00dfabdruck: Die Leichtbauweise reduziert nicht nur die Transportkosten, sondern auch die Kohlenstoffemissionen.<\/li>\n<\/ul>\n<\/div>\n\n\n\n<div class=\"wp-block-column is-layout-flow wp-block-column-is-layout-flow\">\n<h2 class=\"wp-block-heading\"><\/h2>\n\n\n\n<figure class=\"wp-block-image size-full\"><img fetchpriority=\"high\" decoding=\"async\" width=\"750\" height=\"750\" src=\"https:\/\/hyflexpack.com\/wp-content\/uploads\/2024\/05\/Wholesale-Plastic-Pouch-2.webp\" alt=\"Gro\u00dfhandel Plastikbeutel\" class=\"wp-image-3041\" srcset=\"https:\/\/www.hyflexpack.com\/wp-content\/uploads\/2024\/05\/Wholesale-Plastic-Pouch-2.webp 750w, https:\/\/www.hyflexpack.com\/wp-content\/uploads\/2024\/05\/Wholesale-Plastic-Pouch-2-300x300.webp 300w, https:\/\/www.hyflexpack.com\/wp-content\/uploads\/2024\/05\/Wholesale-Plastic-Pouch-2-150x150.webp 150w, https:\/\/www.hyflexpack.com\/wp-content\/uploads\/2024\/05\/Wholesale-Plastic-Pouch-2-285x285.webp 285w, https:\/\/www.hyflexpack.com\/wp-content\/uploads\/2024\/05\/Wholesale-Plastic-Pouch-2-270x270.webp 270w, https:\/\/www.hyflexpack.com\/wp-content\/uploads\/2024\/05\/Wholesale-Plastic-Pouch-2-540x540.webp 540w, https:\/\/www.hyflexpack.com\/wp-content\/uploads\/2024\/05\/Wholesale-Plastic-Pouch-2-660x660.webp 660w\" sizes=\"(max-width: 750px) 100vw, 750px\" \/><\/figure>\n<\/div>\n<\/div>","protected":false},"excerpt":{"rendered":"<p>Erfahren Sie mehr \u00fcber unsere Waschmittel-Kunststoffbeutel im Stehdesign mit Ausgie\u00dfer und Griff, die einfach zu verwenden, auslaufsicher und feuchtigkeitsbest\u00e4ndig, umweltfreundlich und langlebig sind, und bieten Sie einen pers\u00f6nlichen, ma\u00dfgeschneiderten Service und eine strenge Qualit\u00e4tskontrolle. Kontaktieren Sie uns, um die perfekte L\u00f6sung f\u00fcr flexible Verpackungen nach Ma\u00df zu finden!<\/p>\n<h3>Vorteile von Kunststoffbeuteln<\/h3>\n<ul>\n<li><strong>Personalisiertes Design<\/strong>:Wir bieten ma\u00dfgeschneiderte Dienstleistungen in verschiedenen Gr\u00f6\u00dfen, Formen, Farben und Druckmustern an, um den Anforderungen der verschiedenen Kunden an das Branding gerecht zu werden.<\/li>\n<li><strong>Herstellung<\/strong>Mit fortschrittlicher Ausr\u00fcstung und Technologie sind wir in der Lage, die Auftr\u00e4ge mit hoher Effizienz und hoher Qualit\u00e4t zu produzieren und p\u00fcnktlich zu liefern.<\/li>\n<li><strong>Full-Range Monitoring<\/strong>Strenge Qualit\u00e4tskontrollen werden bei jedem Schritt durchgef\u00fchrt, vom Einkauf der Rohstoffe bis zum Verlassen des Werks durch die fertigen Produkte, und wir haben eine Reihe von internationalen Qualit\u00e4tszertifizierungen erhalten, um zuverl\u00e4ssige Qualit\u00e4t zu gew\u00e4hrleisten.<\/li>\n<li><strong>Qualit\u00e4t des Kundendienstes<\/strong>Professionelle Produkt- und Marktberatung, um Kunden bei der Auswahl der am besten geeigneten Verpackungsl\u00f6sungen zu unterst\u00fctzen, sowie ein perfektes Kundendienstsystem.<\/li>\n<li><strong>Kostenlose Probe<\/strong>Wir bieten Ihnen einen kostenlosen Musterservice, damit Sie die Produkte bewerten k\u00f6nnen.<\/li>\n<\/ul>\n<p>Huiyang Packaging hat es sich zur Aufgabe gemacht, seinen Kunden hochwertige, ma\u00dfgeschneiderte Kunststoffbeutel zu liefern, um das Produktimage zu verbessern und die Wettbewerbsf\u00e4higkeit auf dem Markt zu steigern.<\/p>","protected":false},"featured_media":3040,"comment_status":"open","ping_status":"closed","template":"","meta":[],"product_brand":[],"product_cat":[52],"product_tag":[],"class_list":{"0":"post-3038","1":"product","2":"type-product","3":"status-publish","4":"has-post-thumbnail","6":"product_cat-custom-daily-chemical-packaging","8":"first","9":"instock","10":"shipping-taxable","11":"product-type-simple"},"_links":{"self":[{"href":"https:\/\/www.hyflexpack.com\/de\/wp-json\/wp\/v2\/product\/3038","targetHints":{"allow":["GET"]}}],"collection":[{"href":"https:\/\/www.hyflexpack.com\/de\/wp-json\/wp\/v2\/product"}],"about":[{"href":"https:\/\/www.hyflexpack.com\/de\/wp-json\/wp\/v2\/types\/product"}],"replies":[{"embeddable":true,"href":"https:\/\/www.hyflexpack.com\/de\/wp-json\/wp\/v2\/comments?post=3038"}],"wp:featuredmedia":[{"embeddable":true,"href":"https:\/\/www.hyflexpack.com\/de\/wp-json\/wp\/v2\/media\/3040"}],"wp:attachment":[{"href":"https:\/\/www.hyflexpack.com\/de\/wp-json\/wp\/v2\/media?parent=3038"}],"wp:term":[{"taxonomy":"product_brand","embeddable":true,"href":"https:\/\/www.hyflexpack.com\/de\/wp-json\/wp\/v2\/product_brand?post=3038"},{"taxonomy":"product_cat","embeddable":true,"href":"https:\/\/www.hyflexpack.com\/de\/wp-json\/wp\/v2\/product_cat?post=3038"},{"taxonomy":"product_tag","embeddable":true,"href":"https:\/\/www.hyflexpack.com\/de\/wp-json\/wp\/v2\/product_tag?post=3038"}],"curies":[{"name":"wp","href":"https:\/\/api.w.org\/{rel}","templated":true}]}}