{"id":3026,"date":"2024-05-18T10:16:54","date_gmt":"2024-05-18T10:16:54","guid":{"rendered":"https:\/\/hyflexpack.com\/?post_type=product&#038;p=3026"},"modified":"2024-05-18T10:16:55","modified_gmt":"2024-05-18T10:16:55","slug":"fabrikdirektdruck-nachfullbare-beutel","status":"publish","type":"product","link":"https:\/\/www.hyflexpack.com\/de\/product\/factory-direct-printing-refillable-pouches\/","title":{"rendered":"Factory Direct Printing Nachf\u00fcllbare Beutel W\u00e4schepulver Fl\u00fcssigwaschmittel Verpackung"},"content":{"rendered":"<div class=\"wp-block-columns is-layout-flex wp-container-core-columns-is-layout-9d6595d7 wp-block-columns-is-layout-flex\">\n<div class=\"wp-block-column is-layout-flow wp-block-column-is-layout-flow\">\n<h3 class=\"wp-block-heading\">Merkmale von hochwertigen nachf\u00fcllbaren Beuteln<\/h3>\n\n\n\n<ul class=\"wp-block-list\">\n<li>Nachf\u00fcllbares Design: Erh\u00e4ltlich zum Nachf\u00fcllen, um Ressourcen zu sparen und Verpackungsm\u00fcll zu reduzieren, im Einklang mit dem Konzept der nachhaltigen Entwicklung.<\/li>\n\n\n\n<li>Individuelle Gestaltung des Drucks: Wiederbef\u00fcllbare Beutel k\u00f6nnen individuell bedruckt werden, um Markenlogos, Produktinformationen und auff\u00e4llige Designs darzustellen und so den Wiedererkennungswert der Marke zu erh\u00f6hen.<\/li>\n\n\n\n<li>Mehrschichtige Struktur: Die mehrschichtige Verpackungsstruktur sorgt f\u00fcr eine hervorragende Feuchtigkeits-, Sauerstoff- und Geschmacksbindung, um die Frische des Produkts zu erhalten.<\/li>\n\n\n\n<li>Einfach zu benutzen: Die praktische Nachf\u00fcll\u00f6ffnung erleichtert dem Benutzer das Nachf\u00fcllen von Waschmittel, reduziert den Abfall und verbessert die Benutzerfreundlichkeit.<\/li>\n\n\n\n<li>Langlebigkeit: Strapazierf\u00e4higes, druck- und rei\u00dffestes Material sch\u00fctzt das Produkt vor Besch\u00e4digungen und gew\u00e4hrleistet seine Unversehrtheit w\u00e4hrend des Transports und der Lagerung \u00fcber lange Strecken.<\/li>\n\n\n\n<li>Umweltfreundliches Material: Die nachf\u00fcllbaren Beutel werden aus umweltfreundlichen Materialien hergestellt, die die Auswirkungen auf die Umwelt reduzieren und den Bed\u00fcrfnissen der modernen Verbraucher nach umweltfreundlichen Produkten entsprechen.<\/li>\n<\/ul>\n<\/div>\n\n\n\n<div class=\"wp-block-column is-layout-flow wp-block-column-is-layout-flow\">\n<h2 class=\"wp-block-heading\"><\/h2>\n\n\n\n<figure class=\"wp-block-image size-full\"><img fetchpriority=\"high\" decoding=\"async\" width=\"750\" height=\"750\" src=\"https:\/\/hyflexpack.com\/wp-content\/uploads\/2024\/05\/Factory-Direct-Refillable-Pouches-9.jpg\" alt=\"Direkt ab Werk nachf\u00fcllbare Beutel\" class=\"wp-image-3035\" srcset=\"https:\/\/www.hyflexpack.com\/wp-content\/uploads\/2024\/05\/Factory-Direct-Refillable-Pouches-9.jpg 750w, https:\/\/www.hyflexpack.com\/wp-content\/uploads\/2024\/05\/Factory-Direct-Refillable-Pouches-9-300x300.jpg 300w, https:\/\/www.hyflexpack.com\/wp-content\/uploads\/2024\/05\/Factory-Direct-Refillable-Pouches-9-150x150.jpg 150w, https:\/\/www.hyflexpack.com\/wp-content\/uploads\/2024\/05\/Factory-Direct-Refillable-Pouches-9-285x285.jpg 285w, https:\/\/www.hyflexpack.com\/wp-content\/uploads\/2024\/05\/Factory-Direct-Refillable-Pouches-9-270x270.jpg 270w, https:\/\/www.hyflexpack.com\/wp-content\/uploads\/2024\/05\/Factory-Direct-Refillable-Pouches-9-540x540.jpg 540w, https:\/\/www.hyflexpack.com\/wp-content\/uploads\/2024\/05\/Factory-Direct-Refillable-Pouches-9-660x660.jpg 660w\" sizes=\"(max-width: 750px) 100vw, 750px\" \/><\/figure>\n<\/div>\n<\/div>","protected":false},"excerpt":{"rendered":"<p>Willkommen bei der Erkundung dieser nachf\u00fcllbaren Beutel f\u00fcr Waschpulver-Fl\u00fcssigwaschmittelverpackungen mit individuellem Druck und mehrschichtigem Aufbau f\u00fcr den Gebrauch zu Hause und auf Reisen. Wir bieten Ihnen individuelle Gestaltung und schnelle Lieferung mit garantierter Qualit\u00e4t und Kundenzufriedenheit und damit eine nachhaltige und praktische Verpackungsl\u00f6sung f\u00fcr Ihre Produkte.<\/p>\n<h3>Vorteile von nachf\u00fcllbaren Beuteln<\/h3>\n<ul>\n<li>Ma\u00dfgeschneiderter Service: Bieten Sie einen umfassenden kundenspezifischen Service, passen Sie die Gr\u00f6\u00dfe, den Druck und das Material entsprechend den Bed\u00fcrfnissen des Kunden an.<\/li>\n<li>Schnelle Lieferung: Effizienter Produktionsprozess und Supply-Chain-Management, um die rechtzeitige Lieferung von Auftr\u00e4gen zu gew\u00e4hrleisten, die den dringenden Bed\u00fcrfnissen der Kunden entsprechen.<\/li>\n<li>Qualit\u00e4tssicherung: Ein strenges Qualit\u00e4tskontrollsystem stellt sicher, dass jedes Produkt den Anforderungen und Normen der Kunden entspricht.<\/li>\n<li>Kosteneffizienz: Bieten Sie wettbewerbsf\u00e4hige Preise und senken Sie die Einkaufskosten der Kunden durch Optimierung der Produktionsprozesse und des Kostenmanagements.<\/li>\n<li>Kostenlose Probe: Wir bieten einen kostenlosen Musterservice, um Ihre Produkte zu bewerten.<\/li>\n<\/ul>\n<p>Huiyang Packaging hat es sich zur Aufgabe gemacht, seinen Kunden qualitativ hochwertige, ma\u00dfgeschneiderte nachf\u00fcllbare Beutel zu liefern, die ihnen helfen, ihr Produktimage und ihre Wettbewerbsf\u00e4higkeit auf dem Markt zu verbessern.<\/p>","protected":false},"featured_media":3027,"comment_status":"open","ping_status":"closed","template":"","meta":[],"product_brand":[],"product_cat":[52],"product_tag":[],"class_list":{"0":"post-3026","1":"product","2":"type-product","3":"status-publish","4":"has-post-thumbnail","6":"product_cat-custom-daily-chemical-packaging","8":"first","9":"instock","10":"shipping-taxable","11":"product-type-simple"},"_links":{"self":[{"href":"https:\/\/www.hyflexpack.com\/de\/wp-json\/wp\/v2\/product\/3026","targetHints":{"allow":["GET"]}}],"collection":[{"href":"https:\/\/www.hyflexpack.com\/de\/wp-json\/wp\/v2\/product"}],"about":[{"href":"https:\/\/www.hyflexpack.com\/de\/wp-json\/wp\/v2\/types\/product"}],"replies":[{"embeddable":true,"href":"https:\/\/www.hyflexpack.com\/de\/wp-json\/wp\/v2\/comments?post=3026"}],"wp:featuredmedia":[{"embeddable":true,"href":"https:\/\/www.hyflexpack.com\/de\/wp-json\/wp\/v2\/media\/3027"}],"wp:attachment":[{"href":"https:\/\/www.hyflexpack.com\/de\/wp-json\/wp\/v2\/media?parent=3026"}],"wp:term":[{"taxonomy":"product_brand","embeddable":true,"href":"https:\/\/www.hyflexpack.com\/de\/wp-json\/wp\/v2\/product_brand?post=3026"},{"taxonomy":"product_cat","embeddable":true,"href":"https:\/\/www.hyflexpack.com\/de\/wp-json\/wp\/v2\/product_cat?post=3026"},{"taxonomy":"product_tag","embeddable":true,"href":"https:\/\/www.hyflexpack.com\/de\/wp-json\/wp\/v2\/product_tag?post=3026"}],"curies":[{"name":"wp","href":"https:\/\/api.w.org\/{rel}","templated":true}]}}