{"id":2994,"date":"2024-05-17T08:11:22","date_gmt":"2024-05-17T08:11:22","guid":{"rendered":"https:\/\/hyflexpack.com\/?post_type=product&#038;p=2994"},"modified":"2025-03-14T06:49:07","modified_gmt":"2025-03-14T06:49:07","slug":"custom-tea-pouch","status":"publish","type":"product","link":"https:\/\/www.hyflexpack.com\/de\/product\/custom-tea-pouch\/","title":{"rendered":"Benutzerdefinierte Teebeutel Druck Drahtrolle selbstversiegelnde Beutel flacher Boden Beutel"},"content":{"rendered":"<div class=\"wp-block-columns is-layout-flex wp-container-core-columns-is-layout-9d6595d7 wp-block-columns-is-layout-flex\">\n<div class=\"wp-block-column is-layout-flow wp-block-column-is-layout-flow\">\n<h3 class=\"wp-block-heading\">Eigenschaften von High Quality Tea Pouch<\/h3>\n\n\n\n<ul class=\"wp-block-list\">\n<li>Laminiertes Material: Diese Teebeutel bestehen in der Regel aus mehrschichtigen Verbundmaterialien (z. B. PET\/AL\/PE oder PET\/PE), die hervorragende Barriereeigenschaften gegen\u00fcber Sauerstoff, Feuchtigkeit und Licht aufweisen und so die Haltbarkeit des Tees verl\u00e4ngern.<\/li>\n<\/ul>\n\n\n\n<p><\/p>\n\n\n\n<ul class=\"wp-block-list\">\n<li>Flaches Bodendesign: Durch das flache Bodendesign k\u00f6nnen die Beutel nach dem Bef\u00fcllen aufrecht stehen, was die Pr\u00e4sentation im Regal verbessert und den Verbrauchern die Lagerung erleichtert.<\/li>\n<\/ul>\n\n\n\n<p><\/p>\n\n\n\n<ul class=\"wp-block-list\">\n<li>Selbstverschlie\u00dfende Funktion: Das selbstverschlie\u00dfende Design erm\u00f6glicht es, den Beutel mehrmals zu \u00f6ffnen und zu schlie\u00dfen, so dass der Tee frisch und bequem f\u00fcr den Verbraucher bleibt.<\/li>\n<\/ul>\n\n\n\n<p><\/p>\n\n\n\n<ul class=\"wp-block-list\">\n<li>Hochwertiger Druck: Das Au\u00dfenmaterial des Teebeutels l\u00e4sst sich in der Regel gut bedrucken, was einen hochwertigen Druck von Grafiken und Markeninformationen erm\u00f6glicht.<\/li>\n<\/ul>\n\n\n\n<p><\/p>\n\n\n\n<ul class=\"wp-block-list\">\n<li>Vielf\u00e4ltige Designs: Der individuelle Druck erm\u00f6glicht eine Vielzahl von Designs nach Kundenwunsch, darunter Markenlogos, Produktinformationen und kreative Muster.<\/li>\n<\/ul>\n<\/div>\n\n\n\n<div class=\"wp-block-column is-layout-flow wp-block-column-is-layout-flow\">\n<h2 class=\"wp-block-heading\"><\/h2>\n\n\n\n<figure class=\"wp-block-image size-full\"><img decoding=\"async\" src=\"https:\/\/hyflexpack.com\/wp-content\/uploads\/2024\/05\/Custom-Tea-Pouch-5.webp\" alt=\"Individueller Teebeutel\" class=\"wp-image-2999\" \/><\/figure>\n<\/div>\n<\/div>","protected":false},"excerpt":{"rendered":"<p>Erfahren Sie mehr \u00fcber diesen quadratischen Flachbodenbeutel f\u00fcr Tee, der Funktionalit\u00e4t, visuelle Attraktivit\u00e4t und Umweltvorteile zu einer wettbewerbsf\u00e4higen Verpackungsl\u00f6sung f\u00fcr den modernen Teemarkt vereint. Willkommen bei uns!<\/p>\n<h3>Vorteile des Teebeutels<\/h3>\n<ul>\n<li><strong>Kundenspezifisches Design<\/strong>: Wir bieten kundenspezifische Design Teebeutel Service, einschlie\u00dflich Material, Gr\u00f6\u00dfe und Druckmuster Anpassung an die Bed\u00fcrfnisse der Kunden zu erf\u00fcllen, unterst\u00fctzt OEM und ODM.<\/li>\n<li><strong>Wettbewerbsvorteil<\/strong>: Diese Teebeutel k\u00f6nnen die Wettbewerbsf\u00e4higkeit der Produkte auf dem Markt durch ihr multifunktionales Design (z. B. Selbstverschluss und Metalldrahtverschluss) und ihren hochwertigen Druck erheblich verbessern.<\/li>\n<li><strong>Umweltvertr\u00e4gliche Materialien<\/strong>: Die Verwendung von umweltfreundlichen Materialien wie biologisch abbaubaren oder recycelbaren Verbundwerkstoffen. Dies entspricht den Umweltbed\u00fcrfnissen der Verbraucher und hilft den Unternehmen, ein gr\u00fcnes Markenimage aufzubauen.<\/li>\n<li><strong>Produktionseffizienz<\/strong>: Moderne Produktionsanlagen und -techniken k\u00f6nnen die Produktionseffizienz steigern, die St\u00fcckkosten senken und eine gleichbleibend hohe Qualit\u00e4t der Produkte gew\u00e4hrleisten.<\/li>\n<li><strong>Kostenlose Probe<\/strong>: Wir bieten Ihnen einen kostenlosen Musterservice, damit Sie die Produkte bewerten k\u00f6nnen.<\/li>\n<\/ul>\n<p>Huiyang Packaging hat es sich zur Aufgabe gemacht, seinen Kunden qualitativ hochwertige, ma\u00dfgeschneiderte Teebeutel zu liefern, um ihnen zu helfen, ihr Produktimage und ihre Umweltschutzanforderungen zu verbessern und ihre Wettbewerbsf\u00e4higkeit auf dem Markt zu steigern.<\/p>\n<p>&nbsp;<\/p>","protected":false},"featured_media":2995,"comment_status":"open","ping_status":"closed","template":"","meta":[],"product_brand":[],"product_cat":[58],"product_tag":[],"class_list":{"0":"post-2994","1":"product","2":"type-product","3":"status-publish","4":"has-post-thumbnail","6":"product_cat-tea-bag-packaging","8":"first","9":"instock","10":"shipping-taxable","11":"product-type-simple"},"_links":{"self":[{"href":"https:\/\/www.hyflexpack.com\/de\/wp-json\/wp\/v2\/product\/2994","targetHints":{"allow":["GET"]}}],"collection":[{"href":"https:\/\/www.hyflexpack.com\/de\/wp-json\/wp\/v2\/product"}],"about":[{"href":"https:\/\/www.hyflexpack.com\/de\/wp-json\/wp\/v2\/types\/product"}],"replies":[{"embeddable":true,"href":"https:\/\/www.hyflexpack.com\/de\/wp-json\/wp\/v2\/comments?post=2994"}],"wp:featuredmedia":[{"embeddable":true,"href":"https:\/\/www.hyflexpack.com\/de\/wp-json\/wp\/v2\/media\/2995"}],"wp:attachment":[{"href":"https:\/\/www.hyflexpack.com\/de\/wp-json\/wp\/v2\/media?parent=2994"}],"wp:term":[{"taxonomy":"product_brand","embeddable":true,"href":"https:\/\/www.hyflexpack.com\/de\/wp-json\/wp\/v2\/product_brand?post=2994"},{"taxonomy":"product_cat","embeddable":true,"href":"https:\/\/www.hyflexpack.com\/de\/wp-json\/wp\/v2\/product_cat?post=2994"},{"taxonomy":"product_tag","embeddable":true,"href":"https:\/\/www.hyflexpack.com\/de\/wp-json\/wp\/v2\/product_tag?post=2994"}],"curies":[{"name":"wp","href":"https:\/\/api.w.org\/{rel}","templated":true}]}}