{"id":2978,"date":"2024-05-16T10:38:12","date_gmt":"2024-05-16T10:38:12","guid":{"rendered":"https:\/\/hyflexpack.com\/?post_type=product&#038;p=2978"},"modified":"2025-11-04T09:11:15","modified_gmt":"2025-11-04T09:11:15","slug":"groshandel-mit-kaffeesacken","status":"publish","type":"product","link":"https:\/\/www.hyflexpack.com\/de\/product\/wholesale-coffee-bags\/","title":{"rendered":"Gro\u00dfhandel Kaffeetaschen Zipper Taschen OEM hohe Qualit\u00e4t Stand Up Pouch"},"content":{"rendered":"<div class=\"wp-block-columns is-layout-flex wp-container-core-columns-is-layout-9d6595d7 wp-block-columns-is-layout-flex\">\n<div class=\"wp-block-column is-layout-flow wp-block-column-is-layout-flow\">\n<h3 class=\"wp-block-heading\">Merkmale von hochwertigen Kaffeebeuteln<\/h3>\n\n\n\n<ul class=\"wp-block-list\">\n<li>Hochwertiges Lebensmittelmaterial: Wir verwenden f\u00fcr die Herstellung der Kaffeebeutel hochwertige Materialien, die eine ausgezeichnete Haltbarkeit und Lebensmittelsicherheit des Produkts gew\u00e4hrleisten und Ihren Kaffee zuverl\u00e4ssig sch\u00fctzen.<\/li>\n<\/ul>\n\n\n\n<p><\/p>\n\n\n\n<ul class=\"wp-block-list\">\n<li>Bequemes Rei\u00dfverschluss-Design: Ausgestattet mit einem praktischen Rei\u00dfverschluss, der das \u00d6ffnen und Schlie\u00dfen der Tasche einfach und bequem macht, k\u00f6nnen Benutzer ihren Kaffee jederzeit bequem genie\u00dfen und den frischen Geschmack des Kaffees behalten.<\/li>\n<\/ul>\n\n\n\n<p><\/p>\n\n\n\n<ul class=\"wp-block-list\">\n<li>Stehendes Beuteldesign: Durch das dreidimensionale Design des Beutels kann dieser stabil aufrecht stehen, wodurch der Beutel in den Regalen besser ins Auge f\u00e4llt und die Produktverk\u00e4ufe und die Markenpr\u00e4senz erh\u00f6ht werden.<\/li>\n<\/ul>\n\n\n\n<p><\/p>\n\n\n\n<ul class=\"wp-block-list\">\n<li>Multifunktionalit\u00e4t: Neben Kaffee eignen sich diese Beutel auch f\u00fcr die Verpackung einer Vielzahl von Lebensmitteln und Non-Food-Produkten wie Snacks, N\u00fcssen, Trockenfr\u00fcchten usw. mit einem breiten Anwendungsspektrum.<\/li>\n<\/ul>\n\n\n\n<p><\/p>\n\n\n\n<ul class=\"wp-block-list\">\n<li>Hervorragende Druckqualit\u00e4t: Wir verwenden fortschrittliche Drucktechnologie und hochwertige Tinten, um klare und lebendige Druckmuster zu gew\u00e4hrleisten, die das Markenimage und die Attraktivit\u00e4t des Produkts verbessern.<\/li>\n<\/ul>\n\n\n\n<p><\/p>\n\n\n\n<ul class=\"wp-block-list\">\n<li>Nachhaltigkeit: Erw\u00e4gen Sie die Verwendung biologisch abbaubarer Materialien oder die Einf\u00fchrung von recycelbaren Taschen, um der Vorliebe der Verbraucher f\u00fcr umweltfreundliche Produkte Rechnung zu tragen.<\/li>\n<\/ul>\n<\/div>\n\n\n\n<div class=\"wp-block-column is-layout-flow wp-block-column-is-layout-flow\">\n<h3 class=\"wp-block-heading\"><\/h3>\n\n\n\n<figure class=\"wp-block-image size-full\"><img fetchpriority=\"high\" decoding=\"async\" width=\"750\" height=\"750\" src=\"https:\/\/hyflexpack.com\/wp-content\/uploads\/2024\/05\/Wholesale-Coffee-Bags-1.webp\" alt=\"Gro\u00dfhandel Kaffees\u00e4cke\" class=\"wp-image-2979\" srcset=\"https:\/\/www.hyflexpack.com\/wp-content\/uploads\/2024\/05\/Wholesale-Coffee-Bags-1.webp 750w, https:\/\/www.hyflexpack.com\/wp-content\/uploads\/2024\/05\/Wholesale-Coffee-Bags-1-300x300.webp 300w, https:\/\/www.hyflexpack.com\/wp-content\/uploads\/2024\/05\/Wholesale-Coffee-Bags-1-150x150.webp 150w, https:\/\/www.hyflexpack.com\/wp-content\/uploads\/2024\/05\/Wholesale-Coffee-Bags-1-285x285.webp 285w, https:\/\/www.hyflexpack.com\/wp-content\/uploads\/2024\/05\/Wholesale-Coffee-Bags-1-270x270.webp 270w, https:\/\/www.hyflexpack.com\/wp-content\/uploads\/2024\/05\/Wholesale-Coffee-Bags-1-540x540.webp 540w, https:\/\/www.hyflexpack.com\/wp-content\/uploads\/2024\/05\/Wholesale-Coffee-Bags-1-660x660.webp 660w\" sizes=\"(max-width: 750px) 100vw, 750px\" \/><\/figure>\n<\/div>\n<\/div>","protected":false},"excerpt":{"rendered":"<p>Unsere Kaffeebeutel mit Rei\u00dfverschluss haben den Vorteil, dass das Design des Standbeutels sicherstellt, dass der Kaffee w\u00e4hrend des Verpackungsprozesses nicht verformt wird und das Originalaroma und der Geschmack erhalten bleiben. Die von Huiyang Packaging angebotenen OEM- und ODM-Dienstleistungen erm\u00f6glichen es Ihnen, Ihre Verpackung zu personalisieren und jedem Beutel Ihr Markenimage und Ihre Geschichte zu verleihen. Setzen Sie sich noch heute mit uns in Verbindung!<\/p>\n<h3>Vorteile von Kaffeebeuteln<\/h3>\n<ul>\n<li><strong>Kundenspezifisches Design<\/strong>: Wir bieten kundenspezifische Design-Kaffeebeutel-Service, kundenspezifische Gr\u00f6\u00dfe, Farbe, Design und Druck nach Kundenwunsch, sicherzustellen, dass das Produkt ist anders und markieren Sie das Markenimage, unterst\u00fctzen OEM und ODM.<\/li>\n<li><strong>Professionelles Design-Team<\/strong>: Wir verf\u00fcgen \u00fcber ein erfahrenes F&amp;E- und Designteam, das unseren Kunden innovative und praktische Designl\u00f6sungen bietet.<\/li>\n<li><strong>Schnelle Reaktion<\/strong>: Effiziente Arbeitsweise, schnelle Reaktion auf Kundenbed\u00fcrfnisse, rechtzeitige Lieferung zufriedenstellender L\u00f6sungen.<\/li>\n<li><strong>Qualit\u00e4tssicherung<\/strong>: Strenge Einhaltung der internationalen Qualit\u00e4tsmanagementstandards, hochwertige Materialien und fortschrittliche Technologie zur Gew\u00e4hrleistung einer stabilen und zuverl\u00e4ssigen Produktqualit\u00e4t.<\/li>\n<li><strong>Umfassender After-Sales-Service<\/strong>: Wir h\u00f6ren aktiv auf das Feedback unserer Kunden, verbessern kontinuierlich unsere Produkte und Dienstleistungen und bauen langfristige und stabile Kooperationsbeziehungen auf.<\/li>\n<\/ul>\n<p>Huiyang Packaging hat es sich zur Aufgabe gemacht, seinen Kunden qualitativ hochwertige und ma\u00dfgeschneiderte Kaffees\u00e4cke zu liefern, um ihnen zu helfen, ihr Produktimage zu verbessern und ihre Wettbewerbsf\u00e4higkeit auf dem Markt zu steigern.<\/p>","protected":false},"featured_media":2984,"comment_status":"open","ping_status":"closed","template":"","meta":[],"product_brand":[],"product_cat":[51,55],"product_tag":[],"class_list":{"0":"post-2978","1":"product","2":"type-product","3":"status-publish","4":"has-post-thumbnail","6":"product_cat-custom-food-packaging-bags","7":"product_cat-custom-coffee-packaging","9":"first","10":"instock","11":"shipping-taxable","12":"product-type-simple"},"_links":{"self":[{"href":"https:\/\/www.hyflexpack.com\/de\/wp-json\/wp\/v2\/product\/2978","targetHints":{"allow":["GET"]}}],"collection":[{"href":"https:\/\/www.hyflexpack.com\/de\/wp-json\/wp\/v2\/product"}],"about":[{"href":"https:\/\/www.hyflexpack.com\/de\/wp-json\/wp\/v2\/types\/product"}],"replies":[{"embeddable":true,"href":"https:\/\/www.hyflexpack.com\/de\/wp-json\/wp\/v2\/comments?post=2978"}],"wp:featuredmedia":[{"embeddable":true,"href":"https:\/\/www.hyflexpack.com\/de\/wp-json\/wp\/v2\/media\/2984"}],"wp:attachment":[{"href":"https:\/\/www.hyflexpack.com\/de\/wp-json\/wp\/v2\/media?parent=2978"}],"wp:term":[{"taxonomy":"product_brand","embeddable":true,"href":"https:\/\/www.hyflexpack.com\/de\/wp-json\/wp\/v2\/product_brand?post=2978"},{"taxonomy":"product_cat","embeddable":true,"href":"https:\/\/www.hyflexpack.com\/de\/wp-json\/wp\/v2\/product_cat?post=2978"},{"taxonomy":"product_tag","embeddable":true,"href":"https:\/\/www.hyflexpack.com\/de\/wp-json\/wp\/v2\/product_tag?post=2978"}],"curies":[{"name":"wp","href":"https:\/\/api.w.org\/{rel}","templated":true}]}}